{"id":701588,"date":"2025-05-02T14:53:47","date_gmt":"2025-05-02T12:53:47","guid":{"rendered":"https:\/\/www.arclite-shop.de\/produkt\/702-aa1100281\/"},"modified":"2026-04-16T09:10:55","modified_gmt":"2026-04-16T07:10:55","slug":"702-aa1100281","status":"publish","type":"product","link":"https:\/\/www.arclite-shop.de\/it\/produkt\/702-aa1100281\/","title":{"rendered":"\u00f81,5mm, zincato per finanziamento, fissaggio e tenuta AA1100281"},"content":{"rendered":"<p>Drahtseil f\u00fcr Spann-, Sicherungs- und Haltezwecke, ideal f\u00fcr Anwendungen, bei denen hohe Zugkr\u00e4fte und zuverl\u00e4ssige Stabilit\u00e4t erforderlich sind.<\/p>\n","protected":false},"excerpt":{"rendered":"<p>Drahtseil f\u00fcr Spann-, Sicherungs- und Haltezwecke, ideal f\u00fcr Anwendungen, bei denen hohe Zugkr\u00e4fte und zuverl\u00e4ssige Stabilit\u00e4t erforderlich sind.<\/p>\n","protected":false},"featured_media":818891,"template":"","meta":[],"product_brand":[],"product_cat":[95455],"product_tag":[],"class_list":{"0":"post-701588","1":"product","2":"type-product","3":"status-publish","4":"has-post-thumbnail","6":"product_cat-metalldraht","8":"first","9":"instock","10":"taxable","11":"shipping-taxable","12":"product-type-simple"},"_links":{"self":[{"href":"https:\/\/www.arclite-shop.de\/it\/wp-json\/wp\/v2\/product\/701588","targetHints":{"allow":["GET"]}}],"collection":[{"href":"https:\/\/www.arclite-shop.de\/it\/wp-json\/wp\/v2\/product"}],"about":[{"href":"https:\/\/www.arclite-shop.de\/it\/wp-json\/wp\/v2\/types\/product"}],"wp:featuredmedia":[{"embeddable":true,"href":"https:\/\/www.arclite-shop.de\/it\/wp-json\/wp\/v2\/media\/818891"}],"wp:attachment":[{"href":"https:\/\/www.arclite-shop.de\/it\/wp-json\/wp\/v2\/media?parent=701588"}],"wp:term":[{"taxonomy":"product_brand","embeddable":true,"href":"https:\/\/www.arclite-shop.de\/it\/wp-json\/wp\/v2\/product_brand?post=701588"},{"taxonomy":"product_cat","embeddable":true,"href":"https:\/\/www.arclite-shop.de\/it\/wp-json\/wp\/v2\/product_cat?post=701588"},{"taxonomy":"product_tag","embeddable":true,"href":"https:\/\/www.arclite-shop.de\/it\/wp-json\/wp\/v2\/product_tag?post=701588"}],"curies":[{"name":"wp","href":"https:\/\/api.w.org\/{rel}","templated":true}]}}