{"id":701582,"date":"2025-05-02T14:24:53","date_gmt":"2025-05-02T12:24:53","guid":{"rendered":"https:\/\/www.arclite-shop.de\/produkt\/02-4099854306402\/"},"modified":"2026-04-16T09:11:12","modified_gmt":"2026-04-16T07:11:12","slug":"02-4099854306402","status":"publish","type":"product","link":"https:\/\/www.arclite-shop.de\/it\/produkt\/02-4099854306402\/","title":{"rendered":"Riflettori versatili con flusso luminoso fino a 20000 lm"},"content":{"rendered":"<p>Vielseitig einsetzbare Fluter mit bis zu 20000 lm Lichtstrom. Produkteigenschaften: Hohe Lichtausbeute: bis zu 150 lm\/W. Schutzart: IP66. Vorinstalliertes, flexibles Kabel (H05RN-F) mit 1 m L\u00e4nge, 3 x 1.0 mm? gekrimpt. Reflektorbasierte, symmetrische Lichtverteilung mit 100\u00b0 x 100\u00b0 Abstrahlwinkel. Montageb\u00fcgel mit 30\u00b0 Winkel und gro\u00dfem Rotationsbereich. Produktvorteile: Klimamembran f\u00fcr optimierten Luftaustausch, bei konstant hohem IP-Schutzgrad. Sehr vielseitig durch eine am Geh\u00e4use w\u00e4hlbare Wattageneinstellung (Multi Lumen). Robuste Kabelverschraubung mit integrierter Waterstop-Funktion. Sichere und sehr gleichm\u00e4\u00dfige Ausleuchtung, dank opalem, geh\u00e4rtetem Glasdiffusor. Lichtstark, robust und langlebig. Energieersparnis von bis zu 90 % verglichen mit Halogenlampen-Flutern. Kein Lichtaustritt im oberen Halbraum (ULOR 0%) bei 0\u00b0 Aufneigung. Anwendungsgebiete: Ersatz f\u00fcr Fluter mit Halogenlampen. Au\u00dfenanwendung (IP66). D-Zeichen gem\u00e4\u00df EN 60598-2-24 f\u00fcr feuergef\u00e4hrdete Betriebsst\u00e4tten, z. B. durch Ansammlung von Staub. \u00d6ffentlicher Raum. Anstrahlung von Fassaden. Baustellen. Parkpl\u00e4tze.<\/p>\n","protected":false},"excerpt":{"rendered":"<p>Vielseitig einsetzbare Fluter mit bis zu 20000 lm Lichtstrom. Produkteigenschaften: Hohe Lichtausbeute: bis zu 150 lm\/W. Schutzart: IP66. Vorinstalliertes, flexibles Kabel (H05RN-F) mit 1 m L\u00e4nge, 3 x 1.0 mm? gekrimpt. Reflektorbasierte, symmetrische Lichtverteilung mit 100\u00b0 x 100\u00b0 Abstrahlwinkel. Montageb\u00fcgel<span class=\"excerpt-hellip\"> [\u2026]<\/span><\/p>\n","protected":false},"featured_media":0,"template":"","meta":[],"product_brand":[],"product_cat":[87053],"product_tag":[],"class_list":{"0":"post-701582","1":"product","2":"type-product","3":"status-publish","5":"product_cat-downlight-strahler-flutlicht","7":"first","8":"instock","9":"taxable","10":"shipping-taxable","11":"product-type-simple"},"_links":{"self":[{"href":"https:\/\/www.arclite-shop.de\/it\/wp-json\/wp\/v2\/product\/701582","targetHints":{"allow":["GET"]}}],"collection":[{"href":"https:\/\/www.arclite-shop.de\/it\/wp-json\/wp\/v2\/product"}],"about":[{"href":"https:\/\/www.arclite-shop.de\/it\/wp-json\/wp\/v2\/types\/product"}],"wp:attachment":[{"href":"https:\/\/www.arclite-shop.de\/it\/wp-json\/wp\/v2\/media?parent=701582"}],"wp:term":[{"taxonomy":"product_brand","embeddable":true,"href":"https:\/\/www.arclite-shop.de\/it\/wp-json\/wp\/v2\/product_brand?post=701582"},{"taxonomy":"product_cat","embeddable":true,"href":"https:\/\/www.arclite-shop.de\/it\/wp-json\/wp\/v2\/product_cat?post=701582"},{"taxonomy":"product_tag","embeddable":true,"href":"https:\/\/www.arclite-shop.de\/it\/wp-json\/wp\/v2\/product_tag?post=701582"}],"curies":[{"name":"wp","href":"https:\/\/api.w.org\/{rel}","templated":true}]}}