{"id":701577,"date":"2025-05-02T14:21:39","date_gmt":"2025-05-02T12:21:39","guid":{"rendered":"https:\/\/www.arclite-shop.de\/produkt\/02-4058075227972\/"},"modified":"2026-04-16T09:12:47","modified_gmt":"2026-04-16T07:12:47","slug":"02-4058075227972","status":"publish","type":"product","link":"https:\/\/www.arclite-shop.de\/it\/produkt\/02-4058075227972\/","title":{"rendered":"Luce sotto il mobile con funzione di inclinazione"},"content":{"rendered":"<p>Unterschrankleuchte mit Kippfunktion. Produkteigenschaften: Geh\u00e4usematerial: Aluminium. Doppelsteckdose geeignet f\u00fcr Ger\u00e4te bis 2000 W in Summe (1000 W + 1000 W pro Steckdose). Produktvorteile: Einfaches und schnelles Anreihen dank einfachem Stecksystem. Sehr homogenes Licht. Verkettung von bis zu 10 Leuchten. Benutze zus\u00e4tzliches elektrisches (K\u00fcchen-)Equipment mit Hilfe der enthaltenen Doppelsteckdose. Die Steckdose kann einfach zwischen die Linear LED TURN Produkte geschalten werden. Anwendungsgebiete: Regalunterbaubeleuchtung. Nur f\u00fcr Innenraumbeleuchtung. Technische Ausstattung: Vollst\u00e4ndiges Montage- und Anschlusszubeh\u00f6r enthalten.<\/p>\n","protected":false},"excerpt":{"rendered":"<p>Unterschrankleuchte mit Kippfunktion. Produkteigenschaften: Geh\u00e4usematerial: Aluminium. Doppelsteckdose geeignet f\u00fcr Ger\u00e4te bis 2000 W in Summe (1000 W + 1000 W pro Steckdose). Produktvorteile: Einfaches und schnelles Anreihen dank einfachem Stecksystem. Sehr homogenes Licht. Verkettung von bis zu 10 Leuchten. Benutze<span class=\"excerpt-hellip\"> [\u2026]<\/span><\/p>\n","protected":false},"featured_media":702201,"template":"","meta":[],"product_brand":[],"product_cat":[87072],"product_tag":[],"class_list":{"0":"post-701577","1":"product","2":"type-product","3":"status-publish","4":"has-post-thumbnail","6":"product_cat-lichtleiste","8":"first","9":"instock","10":"taxable","11":"shipping-taxable","12":"product-type-simple"},"_links":{"self":[{"href":"https:\/\/www.arclite-shop.de\/it\/wp-json\/wp\/v2\/product\/701577","targetHints":{"allow":["GET"]}}],"collection":[{"href":"https:\/\/www.arclite-shop.de\/it\/wp-json\/wp\/v2\/product"}],"about":[{"href":"https:\/\/www.arclite-shop.de\/it\/wp-json\/wp\/v2\/types\/product"}],"wp:featuredmedia":[{"embeddable":true,"href":"https:\/\/www.arclite-shop.de\/it\/wp-json\/wp\/v2\/media\/702201"}],"wp:attachment":[{"href":"https:\/\/www.arclite-shop.de\/it\/wp-json\/wp\/v2\/media?parent=701577"}],"wp:term":[{"taxonomy":"product_brand","embeddable":true,"href":"https:\/\/www.arclite-shop.de\/it\/wp-json\/wp\/v2\/product_brand?post=701577"},{"taxonomy":"product_cat","embeddable":true,"href":"https:\/\/www.arclite-shop.de\/it\/wp-json\/wp\/v2\/product_cat?post=701577"},{"taxonomy":"product_tag","embeddable":true,"href":"https:\/\/www.arclite-shop.de\/it\/wp-json\/wp\/v2\/product_tag?post=701577"}],"curies":[{"name":"wp","href":"https:\/\/api.w.org\/{rel}","templated":true}]}}