{"id":586928,"date":"2025-03-20T10:04:07","date_gmt":"2025-03-20T09:04:07","guid":{"rendered":"https:\/\/www.arclite-shop.de\/produkt\/02-4099854300820\/"},"modified":"2026-04-16T09:14:14","modified_gmt":"2026-04-16T07:14:14","slug":"02-4099854300820","status":"publish","type":"product","link":"https:\/\/www.arclite-shop.de\/it\/produkt\/02-4099854300820\/","title":{"rendered":"LED T5 FC ESTERNO per driver LED DALI"},"content":{"rendered":"<p>LED T5 FC EXTERNAL mit LED Treiber DALI. Produkteigenschaften: Ausgelegt f\u00fcr den Betrieb an LED DRIVER DALI PERFORMANCE. Einseitig gesockelte runde LED Lampe. Geeignete Allgemeinbeleuchtung in Umgebungstemperaturen von -20&#8230;+45 \u00b0. Lebensdauer (L70\/B50): bis zu 50.000 h (bei 25 \u00b0C). LED-Ersatz f\u00fcr traditionelle T5 Leuchtstofflampen in Ringform. Produktvorteile: Kompatibel mit LED-Treiber DR DALI-P-26\/220-240\/700 (4058075779631). Einfache Umr\u00fcstung auf dimmbare LED-Beleuchtung. Problemlose Anwendung, keine \u00dcberpr\u00fcfung der Kompatibilit\u00e4t des Vorschaltger\u00e4tes notwendig. Geeignet f\u00fcr Notbeleuchtung mit Einzelbatterie. 5 Jahre Garantie. Anwendungsgebiete: Shops, Hotels und Gastronomie. \u00d6ffentliche Geb\u00e4ude.<\/p>\n","protected":false},"excerpt":{"rendered":"<p>LED T5 FC EXTERNAL mit LED Treiber DALI. Produkteigenschaften: Ausgelegt f\u00fcr den Betrieb an LED DRIVER DALI PERFORMANCE. Einseitig gesockelte runde LED Lampe. Geeignete Allgemeinbeleuchtung in Umgebungstemperaturen von -20&#8230;+45 \u00b0. Lebensdauer (L70\/B50): bis zu 50.000 h (bei 25 \u00b0C). LED-Ersatz<span class=\"excerpt-hellip\"> [\u2026]<\/span><\/p>\n","protected":false},"featured_media":587167,"template":"","meta":[],"product_brand":[],"product_cat":[87060],"product_tag":[],"class_list":{"0":"post-586928","1":"product","2":"type-product","3":"status-publish","4":"has-post-thumbnail","6":"product_cat-led-lampe-multi-led","8":"first","9":"instock","10":"taxable","11":"shipping-taxable","12":"product-type-simple"},"_links":{"self":[{"href":"https:\/\/www.arclite-shop.de\/it\/wp-json\/wp\/v2\/product\/586928","targetHints":{"allow":["GET"]}}],"collection":[{"href":"https:\/\/www.arclite-shop.de\/it\/wp-json\/wp\/v2\/product"}],"about":[{"href":"https:\/\/www.arclite-shop.de\/it\/wp-json\/wp\/v2\/types\/product"}],"wp:featuredmedia":[{"embeddable":true,"href":"https:\/\/www.arclite-shop.de\/it\/wp-json\/wp\/v2\/media\/587167"}],"wp:attachment":[{"href":"https:\/\/www.arclite-shop.de\/it\/wp-json\/wp\/v2\/media?parent=586928"}],"wp:term":[{"taxonomy":"product_brand","embeddable":true,"href":"https:\/\/www.arclite-shop.de\/it\/wp-json\/wp\/v2\/product_brand?post=586928"},{"taxonomy":"product_cat","embeddable":true,"href":"https:\/\/www.arclite-shop.de\/it\/wp-json\/wp\/v2\/product_cat?post=586928"},{"taxonomy":"product_tag","embeddable":true,"href":"https:\/\/www.arclite-shop.de\/it\/wp-json\/wp\/v2\/product_tag?post=586928"}],"curies":[{"name":"wp","href":"https:\/\/api.w.org\/{rel}","templated":true}]}}