{"id":586881,"date":"2025-03-20T10:03:52","date_gmt":"2025-03-20T09:03:52","guid":{"rendered":"https:\/\/www.arclite-shop.de\/produkt\/02-4058075843585\/"},"modified":"2026-04-16T09:17:32","modified_gmt":"2026-04-16T07:17:32","slug":"02-4058075843585","status":"publish","type":"product","link":"https:\/\/www.arclite-shop.de\/it\/produkt\/02-4058075843585\/","title":{"rendered":"Sostituzione LED delle lampade NAV per applicazioni orientate al design nell'illuminazione esterna, con un contenuto di luce blu ridotto"},"content":{"rendered":"<p>LED-Ersatz von NAV-Lampen f\u00fcr designorientierte Anwendungen in der Au\u00dfenbeleuchtung, mit reduziertem Blaulichtanteil. Produkteigenschaften: Weniger als 1,5 % Blaulichtanteil (&lt;500nm). Sehr warme Lichtfarbe von 1800K, \u00e4hnlich zu traditionellen Natriumdampflampen (NAV). Geeignet f\u00fcr den Betrieb mit konventionellen Vorschaltger\u00e4ten (KVG, VVG) oder 230 V Netzspannung. Leistungsfaktor: 0,9. Schutzart: IP65. \u00dcberspannungsschutz: bis zu 2 kV (L-N). Produktvorteile: Unterst\u00fctzen den Schutz der Tierwelt dank reduziertem Blaulichtanteil. Beitrag zur Verbesserung der Lebensqualit\u00e4t von Anwohnern durch Unterst\u00fctzung des nat\u00fcrlichen Tag-Nacht-Rhythmus. Bessere Farbwiedergabe und verbesserte Sichtbarkeit in Vergleich zu traditionellen Natriumdampflampen (NAV). Gleiches Design wie bei traditionellen NAV-Lampen mit r\u00f6hrenf\u00f6rmigem, klarem Vollglas-Kolben. Komplette Nutzung des Reflektors der bestehenden Leuchte dank 360 Grad Ausstrahlungswinkel. Spart bis zu 70 % Energie bei Verwendung als Ersatz f\u00fcr Natriumdampflampen (NAV). Sofort 100 % Licht, keine Aufw\u00e4rmzeit. \u00c4hnliche Lichtverteilung wie traditionelle NAV Lampen. Anwendungsgebiete: Stra\u00dfen- und Au\u00dfenbeleuchtung. Naturnahe Bereiche. Wohngebiete. Parkanlagen. Historische Geb\u00e4ude und Stadtteile. Au\u00dfenanwendungen nur in geeigneten Leuchten.<\/p>\n","protected":false},"excerpt":{"rendered":"<p>LED-Ersatz von NAV-Lampen f\u00fcr designorientierte Anwendungen in der Au\u00dfenbeleuchtung, mit reduziertem Blaulichtanteil. Produkteigenschaften: Weniger als 1,5 % Blaulichtanteil (&lt;500nm). Sehr warme Lichtfarbe von 1800K, \u00e4hnlich zu traditionellen Natriumdampflampen (NAV). Geeignet f\u00fcr den Betrieb mit konventionellen Vorschaltger\u00e4ten (KVG, VVG) oder 230<span class=\"excerpt-hellip\"> [\u2026]<\/span><\/p>\n","protected":false},"featured_media":363555,"template":"","meta":[],"product_brand":[],"product_cat":[87060],"product_tag":[],"class_list":{"0":"post-586881","1":"product","2":"type-product","3":"status-publish","4":"has-post-thumbnail","6":"product_cat-led-lampe-multi-led","8":"first","9":"instock","10":"taxable","11":"shipping-taxable","12":"product-type-simple"},"_links":{"self":[{"href":"https:\/\/www.arclite-shop.de\/it\/wp-json\/wp\/v2\/product\/586881","targetHints":{"allow":["GET"]}}],"collection":[{"href":"https:\/\/www.arclite-shop.de\/it\/wp-json\/wp\/v2\/product"}],"about":[{"href":"https:\/\/www.arclite-shop.de\/it\/wp-json\/wp\/v2\/types\/product"}],"wp:featuredmedia":[{"embeddable":true,"href":"https:\/\/www.arclite-shop.de\/it\/wp-json\/wp\/v2\/media\/363555"}],"wp:attachment":[{"href":"https:\/\/www.arclite-shop.de\/it\/wp-json\/wp\/v2\/media?parent=586881"}],"wp:term":[{"taxonomy":"product_brand","embeddable":true,"href":"https:\/\/www.arclite-shop.de\/it\/wp-json\/wp\/v2\/product_brand?post=586881"},{"taxonomy":"product_cat","embeddable":true,"href":"https:\/\/www.arclite-shop.de\/it\/wp-json\/wp\/v2\/product_cat?post=586881"},{"taxonomy":"product_tag","embeddable":true,"href":"https:\/\/www.arclite-shop.de\/it\/wp-json\/wp\/v2\/product_tag?post=586881"}],"curies":[{"name":"wp","href":"https:\/\/api.w.org\/{rel}","templated":true}]}}