{"id":586858,"date":"2025-03-20T10:03:46","date_gmt":"2025-03-20T09:03:46","guid":{"rendered":"https:\/\/www.arclite-shop.de\/produkt\/02-4058075840164\/"},"modified":"2026-04-16T09:18:51","modified_gmt":"2026-04-16T07:18:51","slug":"02-4058075840164","status":"publish","type":"product","link":"https:\/\/www.arclite-shop.de\/it\/produkt\/02-4058075840164\/","title":{"rendered":"Filamento di paglia in alloggiamento metallico"},"content":{"rendered":"<p>Strohfilament im Metallgeh\u00e4use. Produkteigenschaften: Die integrierte Lampe verf\u00fcgt \u00fcber ein einzigartiges strohhalmenf\u00f6rmiges Design. Das Metallgeh\u00e4use gibt es in zwei Versionen: Globe und Quadrat. F\u00fcr das Lampengeh\u00e4use stehen zwei verschiedene Farben zur Verf\u00fcgung: Gold und Schwarz. Dimmbar (an vielen handels\u00fcblichen Dimmern, siehe auchwww.ledvance.de\/dim). Lebensdauer: bis zu 25.000 h. Die integrierte Lampe kann nicht vom Geh\u00e4use abgenommen werden. Angenehmes Licht: Warmwei\u00dfe Komfortlichtfarbe. Direkt als Leuchte einsetzbar. Produktvorteile: Die integrierte Lampe sorgt f\u00fcr eine moderne und luxuri\u00f6se Atmosph\u00e4re. Das besondere Design bietet eine komfortable Lichtverteilung. Schutzklasse IP20: Ideal geeignet f\u00fcr Innenr\u00e4ume. Anwendungsgebiete: Ideal f\u00fcr dekorative Einbauten. Luxuri\u00f6se Wohnbereiche.<\/p>\n","protected":false},"excerpt":{"rendered":"<p>Strohfilament im Metallgeh\u00e4use. Produkteigenschaften: Die integrierte Lampe verf\u00fcgt \u00fcber ein einzigartiges strohhalmenf\u00f6rmiges Design. Das Metallgeh\u00e4use gibt es in zwei Versionen: Globe und Quadrat. F\u00fcr das Lampengeh\u00e4use stehen zwei verschiedene Farben zur Verf\u00fcgung: Gold und Schwarz. Dimmbar (an vielen handels\u00fcblichen Dimmern,<span class=\"excerpt-hellip\"> [\u2026]<\/span><\/p>\n","protected":false},"featured_media":587405,"template":"","meta":[],"product_brand":[],"product_cat":[87060],"product_tag":[],"class_list":{"0":"post-586858","1":"product","2":"type-product","3":"status-publish","4":"has-post-thumbnail","6":"product_cat-led-lampe-multi-led","8":"first","9":"instock","10":"taxable","11":"shipping-taxable","12":"product-type-simple"},"_links":{"self":[{"href":"https:\/\/www.arclite-shop.de\/it\/wp-json\/wp\/v2\/product\/586858","targetHints":{"allow":["GET"]}}],"collection":[{"href":"https:\/\/www.arclite-shop.de\/it\/wp-json\/wp\/v2\/product"}],"about":[{"href":"https:\/\/www.arclite-shop.de\/it\/wp-json\/wp\/v2\/types\/product"}],"wp:featuredmedia":[{"embeddable":true,"href":"https:\/\/www.arclite-shop.de\/it\/wp-json\/wp\/v2\/media\/587405"}],"wp:attachment":[{"href":"https:\/\/www.arclite-shop.de\/it\/wp-json\/wp\/v2\/media?parent=586858"}],"wp:term":[{"taxonomy":"product_brand","embeddable":true,"href":"https:\/\/www.arclite-shop.de\/it\/wp-json\/wp\/v2\/product_brand?post=586858"},{"taxonomy":"product_cat","embeddable":true,"href":"https:\/\/www.arclite-shop.de\/it\/wp-json\/wp\/v2\/product_cat?post=586858"},{"taxonomy":"product_tag","embeddable":true,"href":"https:\/\/www.arclite-shop.de\/it\/wp-json\/wp\/v2\/product_tag?post=586858"}],"curies":[{"name":"wp","href":"https:\/\/api.w.org\/{rel}","templated":true}]}}