{"id":586854,"date":"2025-03-20T10:03:44","date_gmt":"2025-03-20T09:03:44","guid":{"rendered":"https:\/\/www.arclite-shop.de\/produkt\/02-4058075840089\/"},"modified":"2026-04-16T09:19:14","modified_gmt":"2026-04-16T07:19:14","slug":"02-4058075840089","status":"publish","type":"product","link":"https:\/\/www.arclite-shop.de\/it\/produkt\/02-4058075840089\/","title":{"rendered":"Lampada piatta in alloggiamento metallico"},"content":{"rendered":"<p>Flatlampe im Metallgeh\u00e4use. Produkteigenschaften: Die Flatlampe wird im Metalgeh\u00e4use zu Designzwecken installiert. Das Metallgeh\u00e4use gibt es in zwei Versionen: Globe und Quadrat. F\u00fcr das Lampengeh\u00e4use stehen zwei verschiedene Farben zur Verf\u00fcgung: Gold und Schwarz. Lebensdauer: bis zu 25.000 h. Die Flatlampe kann von dem Geh\u00e4use abgenommen werden. Direkt als Leuchte einsetzbar. Produktvorteile: Die integrierte Lampe sorgt f\u00fcr eine moderne und luxuri\u00f6se Atmosph\u00e4re. Ultrakompakte Designlampe ohne kolbemnf\u00f6rmigen Diffusor. Das besondere Design bietet eine komfortable Lichtverteilung. Schutzklasse IP20: Ideal geeignet f\u00fcr Innenr\u00e4ume. Geringerer Energieverbrauch als Gl\u00fch- oder Halogenlampen. Anwendungsgebiete: Ideal f\u00fcr dekorative Einbauten. Luxuri\u00f6se Wohnbereiche.<\/p>\n","protected":false},"excerpt":{"rendered":"<p>Flatlampe im Metallgeh\u00e4use. Produkteigenschaften: Die Flatlampe wird im Metalgeh\u00e4use zu Designzwecken installiert. Das Metallgeh\u00e4use gibt es in zwei Versionen: Globe und Quadrat. F\u00fcr das Lampengeh\u00e4use stehen zwei verschiedene Farben zur Verf\u00fcgung: Gold und Schwarz. Lebensdauer: bis zu 25.000 h. Die<span class=\"excerpt-hellip\"> [\u2026]<\/span><\/p>\n","protected":false},"featured_media":587441,"template":"","meta":[],"product_brand":[],"product_cat":[87060],"product_tag":[],"class_list":{"0":"post-586854","1":"product","2":"type-product","3":"status-publish","4":"has-post-thumbnail","6":"product_cat-led-lampe-multi-led","8":"first","9":"instock","10":"taxable","11":"shipping-taxable","12":"product-type-simple"},"_links":{"self":[{"href":"https:\/\/www.arclite-shop.de\/it\/wp-json\/wp\/v2\/product\/586854","targetHints":{"allow":["GET"]}}],"collection":[{"href":"https:\/\/www.arclite-shop.de\/it\/wp-json\/wp\/v2\/product"}],"about":[{"href":"https:\/\/www.arclite-shop.de\/it\/wp-json\/wp\/v2\/types\/product"}],"wp:featuredmedia":[{"embeddable":true,"href":"https:\/\/www.arclite-shop.de\/it\/wp-json\/wp\/v2\/media\/587441"}],"wp:attachment":[{"href":"https:\/\/www.arclite-shop.de\/it\/wp-json\/wp\/v2\/media?parent=586854"}],"wp:term":[{"taxonomy":"product_brand","embeddable":true,"href":"https:\/\/www.arclite-shop.de\/it\/wp-json\/wp\/v2\/product_brand?post=586854"},{"taxonomy":"product_cat","embeddable":true,"href":"https:\/\/www.arclite-shop.de\/it\/wp-json\/wp\/v2\/product_cat?post=586854"},{"taxonomy":"product_tag","embeddable":true,"href":"https:\/\/www.arclite-shop.de\/it\/wp-json\/wp\/v2\/product_tag?post=586854"}],"curies":[{"name":"wp","href":"https:\/\/api.w.org\/{rel}","templated":true}]}}