{"id":586848,"date":"2025-03-20T10:03:41","date_gmt":"2025-03-20T09:03:41","guid":{"rendered":"https:\/\/www.arclite-shop.de\/produkt\/02-4099854271472\/"},"modified":"2026-04-16T09:20:47","modified_gmt":"2026-04-16T07:20:47","slug":"02-4099854271472","status":"publish","type":"product","link":"https:\/\/www.arclite-shop.de\/it\/produkt\/02-4099854271472\/","title":{"rendered":"Tubi LED ad alte prestazioni per zavorra elettromagnetiche (KVG\/WG) e tensione di rete, con filtro UV"},"content":{"rendered":"<p>Leistungsstarke LED-R\u00f6hren f\u00fcr elektromagnetische Vorschaltger\u00e4te (KVG\/WG) und Netzspannung, mit UV-Filter. Produkteigenschaften: LED-Ersatz f\u00fcr herk\u00f6mmliche T8-Leuchtstofflampen mit G13 Sockel in KVG Leuchten oder an Netzspannung. Ausgezeichneter Filter bei unter 500 nm. Flimmerarm nach EU 2019\/2020 (SVM ?0,4 \/ PstLM ? 1). ENEC 10 VDE-Zeichen. Lebensdauer: bis zu 50.000 h. Schutzart: IP20. Quecksilberfrei und RoHS-konform. Produktvorteile: Exzellenter UV-Filter. Sehr hohe Schaltfestigkeit. Einfacher, schneller und sicherer Lampenaustausch ohne Umverdrahtung. Energieeinsparung von bis zu 62 % (gegen\u00fcber T8 Leuchtstofflampe). Volle Helligkeit ohne Aufw\u00e4rmphase, deswegen ideal geeignet in Kombination mit Sensorik. Auch geeignet f\u00fcr den Betrieb bei niedrigen Temperaturen. Anwendungsgebiete: Mikrochip und Halbleiter Produktion. Anwendungen in denen der UV- und Blaulichtanteil auf ein Minimum reduziert werden muss. Industrie. Technische Ausstattung: Ersatzstarter f\u00fcr LED-R\u00f6hren.<\/p>\n","protected":false},"excerpt":{"rendered":"<p>Leistungsstarke LED-R\u00f6hren f\u00fcr elektromagnetische Vorschaltger\u00e4te (KVG\/WG) und Netzspannung, mit UV-Filter. Produkteigenschaften: LED-Ersatz f\u00fcr herk\u00f6mmliche T8-Leuchtstofflampen mit G13 Sockel in KVG Leuchten oder an Netzspannung. Ausgezeichneter Filter bei unter 500 nm. Flimmerarm nach EU 2019\/2020 (SVM ?0,4 \/ PstLM ? 1).<span class=\"excerpt-hellip\"> [\u2026]<\/span><\/p>\n","protected":false},"featured_media":587453,"template":"","meta":[],"product_brand":[],"product_cat":[87060],"product_tag":[],"class_list":{"0":"post-586848","1":"product","2":"type-product","3":"status-publish","4":"has-post-thumbnail","6":"product_cat-led-lampe-multi-led","8":"first","9":"instock","10":"taxable","11":"shipping-taxable","12":"product-type-simple"},"_links":{"self":[{"href":"https:\/\/www.arclite-shop.de\/it\/wp-json\/wp\/v2\/product\/586848","targetHints":{"allow":["GET"]}}],"collection":[{"href":"https:\/\/www.arclite-shop.de\/it\/wp-json\/wp\/v2\/product"}],"about":[{"href":"https:\/\/www.arclite-shop.de\/it\/wp-json\/wp\/v2\/types\/product"}],"wp:featuredmedia":[{"embeddable":true,"href":"https:\/\/www.arclite-shop.de\/it\/wp-json\/wp\/v2\/media\/587453"}],"wp:attachment":[{"href":"https:\/\/www.arclite-shop.de\/it\/wp-json\/wp\/v2\/media?parent=586848"}],"wp:term":[{"taxonomy":"product_brand","embeddable":true,"href":"https:\/\/www.arclite-shop.de\/it\/wp-json\/wp\/v2\/product_brand?post=586848"},{"taxonomy":"product_cat","embeddable":true,"href":"https:\/\/www.arclite-shop.de\/it\/wp-json\/wp\/v2\/product_cat?post=586848"},{"taxonomy":"product_tag","embeddable":true,"href":"https:\/\/www.arclite-shop.de\/it\/wp-json\/wp\/v2\/product_tag?post=586848"}],"curies":[{"name":"wp","href":"https:\/\/api.w.org\/{rel}","templated":true}]}}