{"id":586841,"date":"2025-03-20T10:03:39","date_gmt":"2025-03-20T09:03:39","guid":{"rendered":"https:\/\/www.arclite-shop.de\/produkt\/02-4099854267123\/"},"modified":"2026-04-16T09:23:20","modified_gmt":"2026-04-16T07:23:20","slug":"02-4099854267123","status":"publish","type":"product","link":"https:\/\/www.arclite-shop.de\/it\/produkt\/02-4099854267123\/","title":{"rendered":"Lampadine LED sottili con base B15d"},"content":{"rendered":"<p>Schlanke LED-Lampen mit B15d-Sockel. Produkteigenschaften: LED-Alternative zu konventionellen Hochvoltlampen. Gute Lichtqualit\u00e4t; Farbwiedergabeindex Ra: \u226580; konstanter Farbort. Produktvorteile: Extrem kleine Bauform. Gute Rundum-Lichtausstrahlung. Ideal f\u00fcr den dekorativen und frei brennenden Einsatz. Lange Lebensdauer von bis zu 15.000 h. Vier Jahre Garantie. Geringerer Energieverbrauch als Gl\u00fch- oder Halogenlampen. Anwendungsgebiete: Kleine Designerleuchten. Haushaltsk\u00fchlschr\u00e4nke. N\u00e4hmaschinen. Einsatz im Au\u00dfenbereich nur in geeigneten Au\u00dfenleuchten.<\/p>\n","protected":false},"excerpt":{"rendered":"<p>Schlanke LED-Lampen mit B15d-Sockel. Produkteigenschaften: LED-Alternative zu konventionellen Hochvoltlampen. Gute Lichtqualit\u00e4t; Farbwiedergabeindex Ra: \u226580; konstanter Farbort. Produktvorteile: Extrem kleine Bauform. Gute Rundum-Lichtausstrahlung. Ideal f\u00fcr den dekorativen und frei brennenden Einsatz. Lange Lebensdauer von bis zu 15.000 h. Vier Jahre Garantie.<span class=\"excerpt-hellip\"> [\u2026]<\/span><\/p>\n","protected":false},"featured_media":587535,"template":"","meta":[],"product_brand":[],"product_cat":[87060],"product_tag":[],"class_list":{"0":"post-586841","1":"product","2":"type-product","3":"status-publish","4":"has-post-thumbnail","6":"product_cat-led-lampe-multi-led","8":"first","9":"instock","10":"taxable","11":"shipping-taxable","12":"product-type-simple"},"_links":{"self":[{"href":"https:\/\/www.arclite-shop.de\/it\/wp-json\/wp\/v2\/product\/586841","targetHints":{"allow":["GET"]}}],"collection":[{"href":"https:\/\/www.arclite-shop.de\/it\/wp-json\/wp\/v2\/product"}],"about":[{"href":"https:\/\/www.arclite-shop.de\/it\/wp-json\/wp\/v2\/types\/product"}],"wp:featuredmedia":[{"embeddable":true,"href":"https:\/\/www.arclite-shop.de\/it\/wp-json\/wp\/v2\/media\/587535"}],"wp:attachment":[{"href":"https:\/\/www.arclite-shop.de\/it\/wp-json\/wp\/v2\/media?parent=586841"}],"wp:term":[{"taxonomy":"product_brand","embeddable":true,"href":"https:\/\/www.arclite-shop.de\/it\/wp-json\/wp\/v2\/product_brand?post=586841"},{"taxonomy":"product_cat","embeddable":true,"href":"https:\/\/www.arclite-shop.de\/it\/wp-json\/wp\/v2\/product_cat?post=586841"},{"taxonomy":"product_tag","embeddable":true,"href":"https:\/\/www.arclite-shop.de\/it\/wp-json\/wp\/v2\/product_tag?post=586841"}],"curies":[{"name":"wp","href":"https:\/\/api.w.org\/{rel}","templated":true}]}}