{"id":586836,"date":"2025-03-20T10:03:38","date_gmt":"2025-03-20T09:03:38","guid":{"rendered":"https:\/\/www.arclite-shop.de\/produkt\/02-4099854265327\/"},"modified":"2026-04-16T09:24:29","modified_gmt":"2026-04-16T07:24:29","slug":"02-4099854265327","status":"publish","type":"product","link":"https:\/\/www.arclite-shop.de\/it\/produkt\/02-4099854265327\/","title":{"rendered":"Lampade LED dimmerabili, forma classica di lampadina, EFFICIENZA ENERGETICA CLASSE A"},"content":{"rendered":"<p>Dimmbare LED-Lampen, klassische Kolbenform, ENERGIEEFIZENTKLASSE A. Produkteigenschaften: LED-Lampen f\u00fcr Netzspannung. Lichtausbeute: bis zu 210 lm\/W. Ausstrahlungswinkel: bis zu 300\u00b0. Sehr lange mittlere Lebensdauer: 50.000 h . Sehr hohe Anzahl von Schaltzyklen: 500.000. Dimmbar. Produktvorteile: Lampen mit innovativer LED-&#8220;Filament&#8221;-Technologie. Geringer Energieverbrauch. Design, Abmessungen, Lichtstrom vergleichbar mit einer Halogenlampe. Sofort 100 % Licht, keine Aufw\u00e4rmzeit. Geringes flackern. Anwendungsgebiete: Ideal f\u00fcr dekorative Einbauten. Anwendungen im Haushalt. Allgemeinbeleuchtung. Einsatz im Au\u00dfenbereich nur in geeigneten Au\u00dfenleuchten.<\/p>\n","protected":false},"excerpt":{"rendered":"<p>Dimmbare LED-Lampen, klassische Kolbenform, ENERGIEEFIZENTKLASSE A. Produkteigenschaften: LED-Lampen f\u00fcr Netzspannung. Lichtausbeute: bis zu 210 lm\/W. Ausstrahlungswinkel: bis zu 300\u00b0. Sehr lange mittlere Lebensdauer: 50.000 h . Sehr hohe Anzahl von Schaltzyklen: 500.000. Dimmbar. Produktvorteile: Lampen mit innovativer LED-&#8220;Filament&#8221;-Technologie. Geringer Energieverbrauch.<span class=\"excerpt-hellip\"> [\u2026]<\/span><\/p>\n","protected":false},"featured_media":365272,"template":"","meta":[],"product_brand":[],"product_cat":[87060],"product_tag":[],"class_list":{"0":"post-586836","1":"product","2":"type-product","3":"status-publish","4":"has-post-thumbnail","6":"product_cat-led-lampe-multi-led","8":"first","9":"instock","10":"taxable","11":"shipping-taxable","12":"product-type-simple"},"_links":{"self":[{"href":"https:\/\/www.arclite-shop.de\/it\/wp-json\/wp\/v2\/product\/586836","targetHints":{"allow":["GET"]}}],"collection":[{"href":"https:\/\/www.arclite-shop.de\/it\/wp-json\/wp\/v2\/product"}],"about":[{"href":"https:\/\/www.arclite-shop.de\/it\/wp-json\/wp\/v2\/types\/product"}],"wp:featuredmedia":[{"embeddable":true,"href":"https:\/\/www.arclite-shop.de\/it\/wp-json\/wp\/v2\/media\/365272"}],"wp:attachment":[{"href":"https:\/\/www.arclite-shop.de\/it\/wp-json\/wp\/v2\/media?parent=586836"}],"wp:term":[{"taxonomy":"product_brand","embeddable":true,"href":"https:\/\/www.arclite-shop.de\/it\/wp-json\/wp\/v2\/product_brand?post=586836"},{"taxonomy":"product_cat","embeddable":true,"href":"https:\/\/www.arclite-shop.de\/it\/wp-json\/wp\/v2\/product_cat?post=586836"},{"taxonomy":"product_tag","embeddable":true,"href":"https:\/\/www.arclite-shop.de\/it\/wp-json\/wp\/v2\/product_tag?post=586836"}],"curies":[{"name":"wp","href":"https:\/\/api.w.org\/{rel}","templated":true}]}}