{"id":586792,"date":"2025-03-20T10:03:25","date_gmt":"2025-03-20T09:03:25","guid":{"rendered":"https:\/\/www.arclite-shop.de\/produkt\/02-4099854249051\/"},"modified":"2026-04-16T09:34:36","modified_gmt":"2026-04-16T07:34:36","slug":"02-4099854249051","status":"publish","type":"product","link":"https:\/\/www.arclite-shop.de\/it\/produkt\/02-4099854249051\/","title":{"rendered":"Lampade LED con presa retrofit G9"},"content":{"rendered":"<p>LED-Lampen mit Retrofit-Stecksockel G9. Produkteigenschaften: LED-Alternative zu konventionellen Hochvoltlampen. Gute Lichtqualit\u00e4t; Farbwiedergabeindex Ra: \u226580; konstanter Farbort. Produktvorteile: Gute Rundum-Lichtausstrahlung. Lange Lebensdauer von bis zu 15.000 h. Vier Jahre Garantie. Geringerer Energieverbrauch als Gl\u00fch- oder Halogenlampen. Anwendungsgebiete: F\u00fcr stimmungsvolle Lichtakzente in Wohnr\u00e4umen und Partykellern. Shops, Hotels und Gastronomie. Einsatz im Au\u00dfenbereich nur in geeigneten Au\u00dfenleuchten.<\/p>\n","protected":false},"excerpt":{"rendered":"<p>LED-Lampen mit Retrofit-Stecksockel G9. Produkteigenschaften: LED-Alternative zu konventionellen Hochvoltlampen. Gute Lichtqualit\u00e4t; Farbwiedergabeindex Ra: \u226580; konstanter Farbort. Produktvorteile: Gute Rundum-Lichtausstrahlung. Lange Lebensdauer von bis zu 15.000 h. Vier Jahre Garantie. Geringerer Energieverbrauch als Gl\u00fch- oder Halogenlampen. Anwendungsgebiete: F\u00fcr stimmungsvolle Lichtakzente in<span class=\"excerpt-hellip\"> [\u2026]<\/span><\/p>\n","protected":false},"featured_media":587817,"template":"","meta":[],"product_brand":[],"product_cat":[87060],"product_tag":[],"class_list":{"0":"post-586792","1":"product","2":"type-product","3":"status-publish","4":"has-post-thumbnail","6":"product_cat-led-lampe-multi-led","8":"first","9":"instock","10":"taxable","11":"shipping-taxable","12":"product-type-simple"},"_links":{"self":[{"href":"https:\/\/www.arclite-shop.de\/it\/wp-json\/wp\/v2\/product\/586792","targetHints":{"allow":["GET"]}}],"collection":[{"href":"https:\/\/www.arclite-shop.de\/it\/wp-json\/wp\/v2\/product"}],"about":[{"href":"https:\/\/www.arclite-shop.de\/it\/wp-json\/wp\/v2\/types\/product"}],"wp:featuredmedia":[{"embeddable":true,"href":"https:\/\/www.arclite-shop.de\/it\/wp-json\/wp\/v2\/media\/587817"}],"wp:attachment":[{"href":"https:\/\/www.arclite-shop.de\/it\/wp-json\/wp\/v2\/media?parent=586792"}],"wp:term":[{"taxonomy":"product_brand","embeddable":true,"href":"https:\/\/www.arclite-shop.de\/it\/wp-json\/wp\/v2\/product_brand?post=586792"},{"taxonomy":"product_cat","embeddable":true,"href":"https:\/\/www.arclite-shop.de\/it\/wp-json\/wp\/v2\/product_cat?post=586792"},{"taxonomy":"product_tag","embeddable":true,"href":"https:\/\/www.arclite-shop.de\/it\/wp-json\/wp\/v2\/product_tag?post=586792"}],"curies":[{"name":"wp","href":"https:\/\/api.w.org\/{rel}","templated":true}]}}