{"id":586701,"date":"2025-03-20T10:03:01","date_gmt":"2025-03-20T09:03:01","guid":{"rendered":"https:\/\/www.arclite-shop.de\/produkt\/02-4058075836686\/"},"modified":"2026-04-16T09:56:59","modified_gmt":"2026-04-16T07:56:59","slug":"02-4058075836686","status":"publish","type":"product","link":"https:\/\/www.arclite-shop.de\/it\/produkt\/02-4058075836686\/","title":{"rendered":"Lampade LED, Edizione Vintage, Classica Forma a Pistone"},"content":{"rendered":"<p>LED-Lampen, Vintage-Edition, klassische Kolbenform. Produkteigenschaften: LED-Lampen f\u00fcr Netzspannung. Lampe aus Glas. Lebensdauer: bis zu 15.000 h. Ausstrahlungswinkel: bis zu 360\u00b0. Gute Lichtqualit\u00e4t; Farbwiedergabeindex Ra: \u226580; konstanter Farbort. Produktvorteile: Geringerer Energieverbrauch als Gl\u00fch- oder Halogenlampen. Sofort 100 % Licht, keine Aufw\u00e4rmzeit. Einfacher Austausch von Standardgl\u00fchlampen. Lampen mit innovativer LED-&#8220;Filament&#8221;-Technologie. Anwendungsgebiete: Ideal f\u00fcr dekorative Einbauten. Anwendungen im Haushalt. Allgemeinbeleuchtung. Einsatz im Au\u00dfenbereich nur in geeigneten Au\u00dfenleuchten.<\/p>\n","protected":false},"excerpt":{"rendered":"<p>LED-Lampen, Vintage-Edition, klassische Kolbenform. Produkteigenschaften: LED-Lampen f\u00fcr Netzspannung. Lampe aus Glas. Lebensdauer: bis zu 15.000 h. Ausstrahlungswinkel: bis zu 360\u00b0. Gute Lichtqualit\u00e4t; Farbwiedergabeindex Ra: \u226580; konstanter Farbort. Produktvorteile: Geringerer Energieverbrauch als Gl\u00fch- oder Halogenlampen. Sofort 100 % Licht, keine Aufw\u00e4rmzeit.<span class=\"excerpt-hellip\"> [\u2026]<\/span><\/p>\n","protected":false},"featured_media":588351,"template":"","meta":[],"product_brand":[],"product_cat":[87060],"product_tag":[],"class_list":{"0":"post-586701","1":"product","2":"type-product","3":"status-publish","4":"has-post-thumbnail","6":"product_cat-led-lampe-multi-led","8":"first","9":"instock","10":"taxable","11":"shipping-taxable","12":"product-type-simple"},"_links":{"self":[{"href":"https:\/\/www.arclite-shop.de\/it\/wp-json\/wp\/v2\/product\/586701","targetHints":{"allow":["GET"]}}],"collection":[{"href":"https:\/\/www.arclite-shop.de\/it\/wp-json\/wp\/v2\/product"}],"about":[{"href":"https:\/\/www.arclite-shop.de\/it\/wp-json\/wp\/v2\/types\/product"}],"wp:featuredmedia":[{"embeddable":true,"href":"https:\/\/www.arclite-shop.de\/it\/wp-json\/wp\/v2\/media\/588351"}],"wp:attachment":[{"href":"https:\/\/www.arclite-shop.de\/it\/wp-json\/wp\/v2\/media?parent=586701"}],"wp:term":[{"taxonomy":"product_brand","embeddable":true,"href":"https:\/\/www.arclite-shop.de\/it\/wp-json\/wp\/v2\/product_brand?post=586701"},{"taxonomy":"product_cat","embeddable":true,"href":"https:\/\/www.arclite-shop.de\/it\/wp-json\/wp\/v2\/product_cat?post=586701"},{"taxonomy":"product_tag","embeddable":true,"href":"https:\/\/www.arclite-shop.de\/it\/wp-json\/wp\/v2\/product_tag?post=586701"}],"curies":[{"name":"wp","href":"https:\/\/api.w.org\/{rel}","templated":true}]}}