{"id":586669,"date":"2025-03-20T10:02:52","date_gmt":"2025-03-20T09:02:52","guid":{"rendered":"https:\/\/www.arclite-shop.de\/produkt\/02-4099854234743\/"},"modified":"2026-04-16T10:05:24","modified_gmt":"2026-04-16T08:05:24","slug":"02-4099854234743","status":"publish","type":"product","link":"https:\/\/www.arclite-shop.de\/it\/produkt\/02-4099854234743\/","title":{"rendered":"Lampada riflettente LED MR16 dimmerabile con base plug-in, luce naturale del giorno"},"content":{"rendered":"<p>Dimmbare MR16 LED Reflektor Lampe mit Stecksockel, nat\u00fcrliches Tageslicht. Produkteigenschaften: LED-Alternative zu konventionellen Niedervoltlampen. Dimmbar. Sockel: GU5.3. Farbwiedergabeindex Ra: ? 90. Lampe aus Glas. Produktvorteile: Einfacher, schneller und sicherer Lampenaustausch ohne Umverdrahtung. Design, Abmessungen, Lichtstrom vergleichbar mit einer Halogenlampe. Nat\u00fcrliches Lichtspektrum mit hervorragender Farbwiedergabe von CRI &gt; 90. Stark reduzierter Blauanteil. Verbesserter Sehkomfort und geringere Augenbelastung. Geringer Wartungsaufwand und Kostenersparnis durch lange Lebensdauer. Geringes flackern. Geringerer Energieverbrauch als Gl\u00fch- oder Halogenlampen. Anwendungsgebiete: Verkaufs- und Ausstellungsr\u00e4ume. Anwendungen im Haushalt. Anwendung im Gewerbe. Akzentbeleuchtung. Einsatz im Au\u00dfenbereich nur in geeigneten Au\u00dfenleuchten.<\/p>\n","protected":false},"excerpt":{"rendered":"<p>Dimmbare MR16 LED Reflektor Lampe mit Stecksockel, nat\u00fcrliches Tageslicht. Produkteigenschaften: LED-Alternative zu konventionellen Niedervoltlampen. Dimmbar. Sockel: GU5.3. Farbwiedergabeindex Ra: ? 90. Lampe aus Glas. Produktvorteile: Einfacher, schneller und sicherer Lampenaustausch ohne Umverdrahtung. Design, Abmessungen, Lichtstrom vergleichbar mit einer Halogenlampe. Nat\u00fcrliches<span class=\"excerpt-hellip\"> [\u2026]<\/span><\/p>\n","protected":false},"featured_media":365290,"template":"","meta":[],"product_brand":[],"product_cat":[87060],"product_tag":[],"class_list":{"0":"post-586669","1":"product","2":"type-product","3":"status-publish","4":"has-post-thumbnail","6":"product_cat-led-lampe-multi-led","8":"first","9":"instock","10":"taxable","11":"shipping-taxable","12":"product-type-simple"},"_links":{"self":[{"href":"https:\/\/www.arclite-shop.de\/it\/wp-json\/wp\/v2\/product\/586669","targetHints":{"allow":["GET"]}}],"collection":[{"href":"https:\/\/www.arclite-shop.de\/it\/wp-json\/wp\/v2\/product"}],"about":[{"href":"https:\/\/www.arclite-shop.de\/it\/wp-json\/wp\/v2\/types\/product"}],"wp:featuredmedia":[{"embeddable":true,"href":"https:\/\/www.arclite-shop.de\/it\/wp-json\/wp\/v2\/media\/365290"}],"wp:attachment":[{"href":"https:\/\/www.arclite-shop.de\/it\/wp-json\/wp\/v2\/media?parent=586669"}],"wp:term":[{"taxonomy":"product_brand","embeddable":true,"href":"https:\/\/www.arclite-shop.de\/it\/wp-json\/wp\/v2\/product_brand?post=586669"},{"taxonomy":"product_cat","embeddable":true,"href":"https:\/\/www.arclite-shop.de\/it\/wp-json\/wp\/v2\/product_cat?post=586669"},{"taxonomy":"product_tag","embeddable":true,"href":"https:\/\/www.arclite-shop.de\/it\/wp-json\/wp\/v2\/product_tag?post=586669"}],"curies":[{"name":"wp","href":"https:\/\/api.w.org\/{rel}","templated":true}]}}