{"id":586650,"date":"2025-03-20T10:02:47","date_gmt":"2025-03-20T09:02:47","guid":{"rendered":"https:\/\/www.arclite-shop.de\/produkt\/02-4099854240966\/"},"modified":"2026-04-16T10:11:39","modified_gmt":"2026-04-16T08:11:39","slug":"02-4099854240966","status":"publish","type":"product","link":"https:\/\/www.arclite-shop.de\/it\/produkt\/02-4099854240966\/","title":{"rendered":"Lampade LED con tre scene luminose in una lampada con forma di lampadina Classic A"},"content":{"rendered":"<p>LED-Lampen mit drei Lichtszenen in einer Lampe mit Klassik A Kolbenform. Produkteigenschaften: Bietet drei Lichteinstellungen in einer Lampe: 2700K 100% DIM &#8211; 4000K 100% DIM &#8211; 2700K 40 Lumen. Steuerbar \u00fcber Standard-Wandschalter. Produktvorteile: Bietet individuelle Atmosph\u00e4ren: Warmwei\u00df f\u00fcr Entspannung, Kaltwei\u00df f\u00fcr Aktivit\u00e4t und gedimmtes Warmwei\u00df f\u00fcr Schlaf. \u00c4ndern Sie die Lichteinstellung einfach mit einem Doppelklick auf den Wandschalter. Unterst\u00fctzt den Biorhythmus durch aktivierende und entspannende Lichtfarbe. Macht R\u00e4ume multi-funktional mit einstellbaren Lichtatmosph\u00e4ren. Geringerer Energieverbrauch als Gl\u00fch- oder Halogenlampen. Anwendungsgebiete: Wenn ein Raum f\u00fcr mehrere Zwecke genutz wird, z.B. als Schlafzimmer und Homeoffice. Unterst\u00fctzung des Bio-Rhythmus in Schlaf- und Kinderzimmern. Einsatz im Au\u00dfenbereich nur in geeigneten Au\u00dfenleuchten.<\/p>\n","protected":false},"excerpt":{"rendered":"<p>LED-Lampen mit drei Lichtszenen in einer Lampe mit Klassik A Kolbenform. Produkteigenschaften: Bietet drei Lichteinstellungen in einer Lampe: 2700K 100% DIM &#8211; 4000K 100% DIM &#8211; 2700K 40 Lumen. Steuerbar \u00fcber Standard-Wandschalter. Produktvorteile: Bietet individuelle Atmosph\u00e4ren: Warmwei\u00df f\u00fcr Entspannung, Kaltwei\u00df<span class=\"excerpt-hellip\"> [\u2026]<\/span><\/p>\n","protected":false},"featured_media":365456,"template":"","meta":[],"product_brand":[],"product_cat":[87060],"product_tag":[],"class_list":{"0":"post-586650","1":"product","2":"type-product","3":"status-publish","4":"has-post-thumbnail","6":"product_cat-led-lampe-multi-led","8":"first","9":"instock","10":"taxable","11":"shipping-taxable","12":"product-type-simple"},"_links":{"self":[{"href":"https:\/\/www.arclite-shop.de\/it\/wp-json\/wp\/v2\/product\/586650","targetHints":{"allow":["GET"]}}],"collection":[{"href":"https:\/\/www.arclite-shop.de\/it\/wp-json\/wp\/v2\/product"}],"about":[{"href":"https:\/\/www.arclite-shop.de\/it\/wp-json\/wp\/v2\/types\/product"}],"wp:featuredmedia":[{"embeddable":true,"href":"https:\/\/www.arclite-shop.de\/it\/wp-json\/wp\/v2\/media\/365456"}],"wp:attachment":[{"href":"https:\/\/www.arclite-shop.de\/it\/wp-json\/wp\/v2\/media?parent=586650"}],"wp:term":[{"taxonomy":"product_brand","embeddable":true,"href":"https:\/\/www.arclite-shop.de\/it\/wp-json\/wp\/v2\/product_brand?post=586650"},{"taxonomy":"product_cat","embeddable":true,"href":"https:\/\/www.arclite-shop.de\/it\/wp-json\/wp\/v2\/product_cat?post=586650"},{"taxonomy":"product_tag","embeddable":true,"href":"https:\/\/www.arclite-shop.de\/it\/wp-json\/wp\/v2\/product_tag?post=586650"}],"curies":[{"name":"wp","href":"https:\/\/api.w.org\/{rel}","templated":true}]}}