{"id":586580,"date":"2025-03-20T10:02:24","date_gmt":"2025-03-20T09:02:24","guid":{"rendered":"https:\/\/www.arclite-shop.de\/produkt\/02-4099854173943\/"},"modified":"2026-04-16T10:37:03","modified_gmt":"2026-04-16T08:37:03","slug":"02-4099854173943","status":"publish","type":"product","link":"https:\/\/www.arclite-shop.de\/it\/produkt\/02-4099854173943\/","title":{"rendered":"Lampade LED, grandi lampade decorative con innovativa tecnologia LED \"magnete gluewendel\""},"content":{"rendered":"<p>LED-Lampen, gro\u00dfe dekorative Lampen mit innovativer LED-&#8220;Gluewendel-Magnet&#8221;-Technologie. Produkteigenschaften: Lebensdauer: bis zu 15.000 h. Gute Lichtqualit\u00e4t; Farbwiedergabeindex Ra: ? 80; konstanter Farbort. Verf\u00fcgbar mit Farbtemperatur: 2.700 K, 1.800 K. Angenehmes Licht: Warmwei\u00dfe Komfortlichtfarbe. Direkt als Leuchte einsetzbar. Produktvorteile: Sehr geringer Energieverbrauch. Sofort 100 % Licht, keine Aufw\u00e4rmzeit. Einfacher Austausch von Standardgl\u00fchlampen. Schutzklasse IP20: Ideal geeignet f\u00fcr Innenr\u00e4ume. Dekorative Lampen mit innovativer LED-&#8220;Filament-Magnet&#8221;-Technologie. Kein Gl\u00fchfadenhalter: Perfekt f\u00fcr dekorative Installationen. Erh\u00e4ltlich in verschiedenen Kolbenformen und Durchmessern. Anwendungsgebiete: Ideal f\u00fcr dekorative Einbauten. Anwendungen im Haushalt. Allgemeinbeleuchtung.<\/p>\n","protected":false},"excerpt":{"rendered":"<p>LED-Lampen, gro\u00dfe dekorative Lampen mit innovativer LED-&#8220;Gluewendel-Magnet&#8221;-Technologie. Produkteigenschaften: Lebensdauer: bis zu 15.000 h. Gute Lichtqualit\u00e4t; Farbwiedergabeindex Ra: ? 80; konstanter Farbort. Verf\u00fcgbar mit Farbtemperatur: 2.700 K, 1.800 K. Angenehmes Licht: Warmwei\u00dfe Komfortlichtfarbe. Direkt als Leuchte einsetzbar. Produktvorteile: Sehr geringer Energieverbrauch.<span class=\"excerpt-hellip\"> [\u2026]<\/span><\/p>\n","protected":false},"featured_media":589197,"template":"","meta":[],"product_brand":[],"product_cat":[87060],"product_tag":[],"class_list":{"0":"post-586580","1":"product","2":"type-product","3":"status-publish","4":"has-post-thumbnail","6":"product_cat-led-lampe-multi-led","8":"first","9":"instock","10":"taxable","11":"shipping-taxable","12":"product-type-simple"},"_links":{"self":[{"href":"https:\/\/www.arclite-shop.de\/it\/wp-json\/wp\/v2\/product\/586580","targetHints":{"allow":["GET"]}}],"collection":[{"href":"https:\/\/www.arclite-shop.de\/it\/wp-json\/wp\/v2\/product"}],"about":[{"href":"https:\/\/www.arclite-shop.de\/it\/wp-json\/wp\/v2\/types\/product"}],"wp:featuredmedia":[{"embeddable":true,"href":"https:\/\/www.arclite-shop.de\/it\/wp-json\/wp\/v2\/media\/589197"}],"wp:attachment":[{"href":"https:\/\/www.arclite-shop.de\/it\/wp-json\/wp\/v2\/media?parent=586580"}],"wp:term":[{"taxonomy":"product_brand","embeddable":true,"href":"https:\/\/www.arclite-shop.de\/it\/wp-json\/wp\/v2\/product_brand?post=586580"},{"taxonomy":"product_cat","embeddable":true,"href":"https:\/\/www.arclite-shop.de\/it\/wp-json\/wp\/v2\/product_cat?post=586580"},{"taxonomy":"product_tag","embeddable":true,"href":"https:\/\/www.arclite-shop.de\/it\/wp-json\/wp\/v2\/product_tag?post=586580"}],"curies":[{"name":"wp","href":"https:\/\/api.w.org\/{rel}","templated":true}]}}