{"id":586483,"date":"2025-03-20T10:00:42","date_gmt":"2025-03-20T09:00:42","guid":{"rendered":"https:\/\/www.arclite-shop.de\/produkt\/02-4058075636934\/"},"modified":"2026-04-16T11:01:07","modified_gmt":"2026-04-16T09:01:07","slug":"02-4058075636934","status":"publish","type":"product","link":"https:\/\/www.arclite-shop.de\/it\/produkt\/02-4058075636934\/","title":{"rendered":"Lampada quadrata incassata, Bianca sintonizzabile, DALI-2"},"content":{"rendered":"<p>Quadratische Einlege-Leuchte, Tunable White, DALI-2. Produkteigenschaften: Rahmen aus stranggepresstem Aluminium. Farbtemperatur \u00fcber Tunable White einstellbar: 2.700\u20266.500 K. Version verf\u00fcgbar mit vormontiertem Wago-Steckverbinder (Typ: WAGO 771-8517-3, 3m) f\u00fcr PANEL 625 CSW. Sehr hoher Farbwiedergabeindex Ra: &gt; 90. Produktvorteile: Externer DALI-2 Treiber f\u00fcr erweiterte Flexibilit\u00e4t und einfache Montage. Flimmerarmes Licht dank speziellem elektronischen Vorschaltger\u00e4t. Gute Entblendung (UGR &lt; 19). Komfortables Licht und hohe Farbkonsistenz. 5 Jahre Garantie. Anwendungsgebiete: Direkter Ersatz f\u00fcr Leuchten mit Leuchtstofflampen. B\u00fcror\u00e4ume, Konferenzr\u00e4ume. Empfangsbereiche, Eingangsbereiche, Korridore, Aufz\u00fcge. Verf\u00fcgbar f\u00fcr Rasterma\u00df von 600 mm x 600 mm und 625 mm x 625 mm. Technische Ausstattung: Zubeh\u00f6r f\u00fcr verschiedene Einbaum\u00f6glichkeiten erh\u00e4ltlich. Externes Vorschaltger\u00e4t enthalten.<\/p>\n","protected":false},"excerpt":{"rendered":"<p>Quadratische Einlege-Leuchte, Tunable White, DALI-2. Produkteigenschaften: Rahmen aus stranggepresstem Aluminium. Farbtemperatur \u00fcber Tunable White einstellbar: 2.700\u20266.500 K. Version verf\u00fcgbar mit vormontiertem Wago-Steckverbinder (Typ: WAGO 771-8517-3, 3m) f\u00fcr PANEL 625 CSW. Sehr hoher Farbwiedergabeindex Ra: &gt; 90. Produktvorteile: Externer DALI-2 Treiber<span class=\"excerpt-hellip\"> [\u2026]<\/span><\/p>\n","protected":false},"featured_media":363589,"template":"","meta":[],"product_brand":[],"product_cat":[87052],"product_tag":[],"class_list":{"0":"post-586483","1":"product","2":"type-product","3":"status-publish","4":"has-post-thumbnail","6":"product_cat-decken-wandleuchte","8":"first","9":"instock","10":"taxable","11":"shipping-taxable","12":"product-type-simple"},"_links":{"self":[{"href":"https:\/\/www.arclite-shop.de\/it\/wp-json\/wp\/v2\/product\/586483","targetHints":{"allow":["GET"]}}],"collection":[{"href":"https:\/\/www.arclite-shop.de\/it\/wp-json\/wp\/v2\/product"}],"about":[{"href":"https:\/\/www.arclite-shop.de\/it\/wp-json\/wp\/v2\/types\/product"}],"wp:featuredmedia":[{"embeddable":true,"href":"https:\/\/www.arclite-shop.de\/it\/wp-json\/wp\/v2\/media\/363589"}],"wp:attachment":[{"href":"https:\/\/www.arclite-shop.de\/it\/wp-json\/wp\/v2\/media?parent=586483"}],"wp:term":[{"taxonomy":"product_brand","embeddable":true,"href":"https:\/\/www.arclite-shop.de\/it\/wp-json\/wp\/v2\/product_brand?post=586483"},{"taxonomy":"product_cat","embeddable":true,"href":"https:\/\/www.arclite-shop.de\/it\/wp-json\/wp\/v2\/product_cat?post=586483"},{"taxonomy":"product_tag","embeddable":true,"href":"https:\/\/www.arclite-shop.de\/it\/wp-json\/wp\/v2\/product_tag?post=586483"}],"curies":[{"name":"wp","href":"https:\/\/api.w.org\/{rel}","templated":true}]}}