{"id":586244,"date":"2025-03-20T09:59:04","date_gmt":"2025-03-20T08:59:04","guid":{"rendered":"https:\/\/www.arclite-shop.de\/produkt\/02-4052899631625\/"},"modified":"2026-04-16T11:12:46","modified_gmt":"2026-04-16T09:12:46","slug":"02-4052899631625","status":"publish","type":"product","link":"https:\/\/www.arclite-shop.de\/it\/produkt\/02-4052899631625\/","title":{"rendered":"Lichtmanagementsysteme"},"content":{"rendered":"<p>Lichtmanagementsysteme. Produkteigenschaften: Bis zu 4 DALI PCU TW G2 zum Aufbau mehrerer Bedienstellen parallel schaltbar, Automatische Synchronisation zwischen den Bedienstellen, Kombinierbar mit Standard-Pr\u00e4senz- und Bewegungsmeldern mit Netzkontakt, Verhalten nach Netzunterbrechung einstellbar, Leitungsl\u00e4nge der DALI-Steuerleitung: bis zu 300 m. Produktvorteile: F\u00fcr Standard DALI und DALI DT8 (TW) Treiber geeignet, Intuitives manuelles Dimmen, schalten und  Einstellung der Farbtemperatur, Individuelle Einstellung der minimalen Helligkeitsstufe, Individuelle Einstellung des Farbtemperaturbereiches, Integrierte Bus-Spannungsversorgung. Anwendungsgebiete: Besprechungsr\u00e4ume, Restaurants, Shopbeleuchtung, Private Wohnbereiche. Technische Ausstattung: Geeignet f\u00fcr bis zu 25 elektronische Vorschaltger\u00e4te, Abdeckung und Drehknopf im Lieferumfang.<\/p>\n","protected":false},"excerpt":{"rendered":"<p>Lichtmanagementsysteme. Produkteigenschaften: Bis zu 4 DALI PCU TW G2 zum Aufbau mehrerer Bedienstellen parallel schaltbar, Automatische Synchronisation zwischen den Bedienstellen, Kombinierbar mit Standard-Pr\u00e4senz- und Bewegungsmeldern mit Netzkontakt, Verhalten nach Netzunterbrechung einstellbar, Leitungsl\u00e4nge der DALI-Steuerleitung: bis zu 300 m. Produktvorteile: F\u00fcr<span class=\"excerpt-hellip\"> [\u2026]<\/span><\/p>\n","protected":false},"featured_media":589761,"template":"","meta":[],"product_brand":[],"product_cat":[87015],"product_tag":[],"class_list":{"0":"post-586244","1":"product","2":"type-product","3":"status-publish","4":"has-post-thumbnail","6":"product_cat-lichtregelsystemkomponente-ledvance","8":"first","9":"instock","10":"taxable","11":"shipping-taxable","12":"product-type-simple"},"_links":{"self":[{"href":"https:\/\/www.arclite-shop.de\/it\/wp-json\/wp\/v2\/product\/586244","targetHints":{"allow":["GET"]}}],"collection":[{"href":"https:\/\/www.arclite-shop.de\/it\/wp-json\/wp\/v2\/product"}],"about":[{"href":"https:\/\/www.arclite-shop.de\/it\/wp-json\/wp\/v2\/types\/product"}],"wp:featuredmedia":[{"embeddable":true,"href":"https:\/\/www.arclite-shop.de\/it\/wp-json\/wp\/v2\/media\/589761"}],"wp:attachment":[{"href":"https:\/\/www.arclite-shop.de\/it\/wp-json\/wp\/v2\/media?parent=586244"}],"wp:term":[{"taxonomy":"product_brand","embeddable":true,"href":"https:\/\/www.arclite-shop.de\/it\/wp-json\/wp\/v2\/product_brand?post=586244"},{"taxonomy":"product_cat","embeddable":true,"href":"https:\/\/www.arclite-shop.de\/it\/wp-json\/wp\/v2\/product_cat?post=586244"},{"taxonomy":"product_tag","embeddable":true,"href":"https:\/\/www.arclite-shop.de\/it\/wp-json\/wp\/v2\/product_tag?post=586244"}],"curies":[{"name":"wp","href":"https:\/\/api.w.org\/{rel}","templated":true}]}}