{"id":586217,"date":"2025-03-20T09:58:55","date_gmt":"2025-03-20T08:58:55","guid":{"rendered":"https:\/\/www.arclite-shop.de\/produkt\/02-4008321956361\/"},"modified":"2026-04-16T11:13:34","modified_gmt":"2026-04-16T09:13:34","slug":"02-4008321956361","status":"publish","type":"product","link":"https:\/\/www.arclite-shop.de\/it\/produkt\/02-4008321956361\/","title":{"rendered":"ECG per lampade HID, per illuminazione esterna"},"content":{"rendered":"<p>EVG f\u00fcr HID-Lampen, zur Au\u00dfenbeleuchtung. Produkteigenschaften: 3DIM Funktionalit\u00e4t (StepDIM\/AstroDIM\/DALI). Energie-Effizienz-Index EEI: A2. Blitzschutz: bis zu 10 kV. Netzspannung: 198\u2026264 V. Netzfrequenz: 50\u202660 Hz. Netzstromoberwellen nach EN 61000-3-2. Immunit\u00e4t, St\u00f6rfestigkeit nach EN 61547. Funkentst\u00f6rung: nach EN 55015 (A1: 2007) bis 300 MHz. Sicherheit: nach EN 61347-2-12. Lichtstromfaktor 1 verglichen mit KVG-Betrieb. Nicht geeignet f\u00fcr Gleichspannungsbetrieb. Produktvorteile: Bis zu 30 % Energieersparnis (gegen\u00fcber KVG-Betrieb) durch 3DIM (au\u00dfer PTo 35). Hoher \u00dcberspannungsschutz: bis zu 3 kV (L-N) \/ 4 kV (L\/N-PE). Automatische Sicherheitsabschaltung bei Lampendefekt und am Lampenlebensende (EoL). Ausgezeichnetes thermisches Verhalten erm\u00f6glicht sehr hohe Grenztemperaturen t c und t a . Anwendungsgebiete: Geeignet f\u00fcr Leuchten der Schutzklasse I und II. Geeignet f\u00fcr Au\u00dfenanwendungen in Leuchten mit IP &gt; 54.<\/p>\n","protected":false},"excerpt":{"rendered":"<p>EVG f\u00fcr HID-Lampen, zur Au\u00dfenbeleuchtung. Produkteigenschaften: 3DIM Funktionalit\u00e4t (StepDIM\/AstroDIM\/DALI). Energie-Effizienz-Index EEI: A2. Blitzschutz: bis zu 10 kV. Netzspannung: 198\u2026264 V. Netzfrequenz: 50\u202660 Hz. Netzstromoberwellen nach EN 61000-3-2. Immunit\u00e4t, St\u00f6rfestigkeit nach EN 61547. Funkentst\u00f6rung: nach EN 55015 (A1: 2007) bis 300<span class=\"excerpt-hellip\"> [\u2026]<\/span><\/p>\n","protected":false},"featured_media":589777,"template":"","meta":[],"product_brand":[],"product_cat":[87016],"product_tag":[],"class_list":{"0":"post-586217","1":"product","2":"type-product","3":"status-publish","4":"has-post-thumbnail","6":"product_cat-vorschaltgeraet-ledvance","8":"first","9":"instock","10":"taxable","11":"shipping-taxable","12":"product-type-simple"},"_links":{"self":[{"href":"https:\/\/www.arclite-shop.de\/it\/wp-json\/wp\/v2\/product\/586217","targetHints":{"allow":["GET"]}}],"collection":[{"href":"https:\/\/www.arclite-shop.de\/it\/wp-json\/wp\/v2\/product"}],"about":[{"href":"https:\/\/www.arclite-shop.de\/it\/wp-json\/wp\/v2\/types\/product"}],"wp:featuredmedia":[{"embeddable":true,"href":"https:\/\/www.arclite-shop.de\/it\/wp-json\/wp\/v2\/media\/589777"}],"wp:attachment":[{"href":"https:\/\/www.arclite-shop.de\/it\/wp-json\/wp\/v2\/media?parent=586217"}],"wp:term":[{"taxonomy":"product_brand","embeddable":true,"href":"https:\/\/www.arclite-shop.de\/it\/wp-json\/wp\/v2\/product_brand?post=586217"},{"taxonomy":"product_cat","embeddable":true,"href":"https:\/\/www.arclite-shop.de\/it\/wp-json\/wp\/v2\/product_cat?post=586217"},{"taxonomy":"product_tag","embeddable":true,"href":"https:\/\/www.arclite-shop.de\/it\/wp-json\/wp\/v2\/product_tag?post=586217"}],"curies":[{"name":"wp","href":"https:\/\/api.w.org\/{rel}","templated":true}]}}