{"id":359566,"date":"2024-11-14T17:51:12","date_gmt":"2024-11-14T16:51:12","guid":{"rendered":"https:\/\/www.arclite-shop.de\/produkt\/02-4099854083389\/"},"modified":"2026-04-16T13:22:32","modified_gmt":"2026-04-16T11:22:32","slug":"02-4099854083389","status":"publish","type":"product","link":"https:\/\/www.arclite-shop.de\/it\/produkt\/02-4099854083389\/","title":{"rendered":"Lumini incassati quadrati con protezione IP54 e impostazione di potenza selezionabile (Power Select - PS), 625 x 625 mm"},"content":{"rendered":"<p>Quadratische Einlege-Leuchten mit IP54 Schutz und w\u00e4hlbarer Wattageneinstellung (Power Select &#8211; PS), 625 x 625 mm. Produkteigenschaften: Schutzart: IP54 (frontseitig), IP20 (r\u00fcckseitig). Stahlblechgeh\u00e4use mit r\u00fcckseitiger Aussparung f\u00fcr den Treiber um eine Gesamth\u00f6he von 34 mm zu erm\u00f6glichen. PMMA-Diffusor. 5-polige Anschlussklemme, Kabelquerschnitt bis zu 5 x 2,5 mm?. Leuchtenversionen mit IoT-f\u00e4higem DALI-2 Treiber verf\u00fcgbar. Lebensdauer (L90\/B10): 50.000 h (bei 25\u00b0 C). Panel kann auf individuelle Anfrage mit optischen Sensoren best\u00fcckt werden. Produktvorteile: Geeignet f\u00fcr Anwendungen in welchen eine h\u00f6here Schutzart ben\u00f6tigt wird. Sehr vielseitig durch eine am Treiber w\u00e4hlbare Wattageneinstellung (Power Select &#8211; PS) und bis zu 5040 lm. Werkzeugloser elektrischer Anschluss dank Push-Button-Anschlussklemme. Durchverdrahtung mit enthaltener Anschlussbox m\u00f6glich. Energieeinsparung dank hoher Systemlichtausbeute: bis zu 140 lm\/W. Hohe Farbkonsistenz mit SDCM 3. Erweiterte Dienstleistungen wie Stromverbrauchs\u00fcberwachung und Fernwartung m\u00f6glich bei DALI Versionen. Externer Treiber f\u00fcr erweiterte Flexibilit\u00e4t und einfache Installation. Einfache Reinigung der Frontseite dank des glatten PMMA-Diffusors. Geeignet f\u00fcr den Einsatz in Notbeleuchtungsapplikationen gem\u00e4\u00df EN 60598-2-22. Dezentrale Sicherheitsbeleuchung m\u00f6glich mit separat erh\u00e4ltlicher LEDVANCE Emergency Conversion Box. 5 Jahre Garantie. Anwendungsgebiete: Direkter Ersatz f\u00fcr Leuchten mit Leuchtstofflampen. Geeignet f\u00fcr Deckeneinbausysteme mit einem Rasterma\u00df von 625 x 625 mm. Krankenh\u00e4user. Labore. K\u00fcchen, Kantinen, Arbeitsbereiche. Technische Ausstattung: Zubeh\u00f6r f\u00fcr verschiedene Einbaum\u00f6glichkeiten erh\u00e4ltlich. Anschlussbox mit 5-poliger Anschlussklemme vorinstalliert. Sicherheitsklemmen vormontiert. Externes Vorschaltger\u00e4t enthalten. Geeignet f\u00fcr den Betrieb mit Emergency Conversion Box. Spezieller Aufbaurahmen mit einer Gesamth\u00f6he von nur 50 mm separat verf\u00fcgbar.<\/p>\n","protected":false},"excerpt":{"rendered":"<p>Quadratische Einlege-Leuchten mit IP54 Schutz und w\u00e4hlbarer Wattageneinstellung (Power Select &#8211; PS), 625 x 625 mm. Produkteigenschaften: Schutzart: IP54 (frontseitig), IP20 (r\u00fcckseitig). Stahlblechgeh\u00e4use mit r\u00fcckseitiger Aussparung f\u00fcr den Treiber um eine Gesamth\u00f6he von 34 mm zu erm\u00f6glichen. PMMA-Diffusor. 5-polige Anschlussklemme,<span class=\"excerpt-hellip\"> [\u2026]<\/span><\/p>\n","protected":false},"featured_media":363575,"template":"","meta":[],"product_brand":[],"product_cat":[87052],"product_tag":[],"class_list":{"0":"post-359566","1":"product","2":"type-product","3":"status-publish","4":"has-post-thumbnail","6":"product_cat-decken-wandleuchte","8":"first","9":"instock","10":"taxable","11":"shipping-taxable","12":"product-type-simple"},"_links":{"self":[{"href":"https:\/\/www.arclite-shop.de\/it\/wp-json\/wp\/v2\/product\/359566","targetHints":{"allow":["GET"]}}],"collection":[{"href":"https:\/\/www.arclite-shop.de\/it\/wp-json\/wp\/v2\/product"}],"about":[{"href":"https:\/\/www.arclite-shop.de\/it\/wp-json\/wp\/v2\/types\/product"}],"wp:featuredmedia":[{"embeddable":true,"href":"https:\/\/www.arclite-shop.de\/it\/wp-json\/wp\/v2\/media\/363575"}],"wp:attachment":[{"href":"https:\/\/www.arclite-shop.de\/it\/wp-json\/wp\/v2\/media?parent=359566"}],"wp:term":[{"taxonomy":"product_brand","embeddable":true,"href":"https:\/\/www.arclite-shop.de\/it\/wp-json\/wp\/v2\/product_brand?post=359566"},{"taxonomy":"product_cat","embeddable":true,"href":"https:\/\/www.arclite-shop.de\/it\/wp-json\/wp\/v2\/product_cat?post=359566"},{"taxonomy":"product_tag","embeddable":true,"href":"https:\/\/www.arclite-shop.de\/it\/wp-json\/wp\/v2\/product_tag?post=359566"}],"curies":[{"name":"wp","href":"https:\/\/api.w.org\/{rel}","templated":true}]}}