{"id":359512,"date":"2024-11-14T17:50:17","date_gmt":"2024-11-14T16:50:17","guid":{"rendered":"https:\/\/www.arclite-shop.de\/produkt\/02-4099854049361\/"},"modified":"2026-04-16T13:46:59","modified_gmt":"2026-04-16T11:46:59","slug":"02-4099854049361","status":"publish","type":"product","link":"https:\/\/www.arclite-shop.de\/it\/produkt\/02-4099854049361\/","title":{"rendered":"Lampade LED, classica forma di mini candela"},"content":{"rendered":"<p>LED-Lampen, klassische Minikerzenform. Produkteigenschaften: Professionelle LED-Lampen f\u00fcr Netzspannung. Nicht dimmbar. Lebensdauer: bis zu 15.000 h. Gute Lichtqualit\u00e4t; Farbwiedergabeindex Ra: \u2265 80; konstanter Farbort. Produktvorteile: Geringer Energieverbrauch. Einfacher Ersatz von klassischen Lampen dank kompaktem Design. Sofort 100 % Licht, keine Aufw\u00e4rmzeit. Anwendungsgebiete: Anwendungen im Haushalt. Allgemeinbeleuchtung. Kronleuchter. Einsatz im Au\u00dfenbereich nur in Au\u00dfenleuchten (mindestens IP65).<\/p>\n","protected":false},"excerpt":{"rendered":"<p>LED-Lampen, klassische Minikerzenform. Produkteigenschaften: Professionelle LED-Lampen f\u00fcr Netzspannung. Nicht dimmbar. Lebensdauer: bis zu 15.000 h. Gute Lichtqualit\u00e4t; Farbwiedergabeindex Ra: \u2265 80; konstanter Farbort. Produktvorteile: Geringer Energieverbrauch. Einfacher Ersatz von klassischen Lampen dank kompaktem Design. Sofort 100 % Licht, keine Aufw\u00e4rmzeit.<span class=\"excerpt-hellip\"> [\u2026]<\/span><\/p>\n","protected":false},"featured_media":363529,"template":"","meta":[],"product_brand":[],"product_cat":[87060],"product_tag":[],"class_list":{"0":"post-359512","1":"product","2":"type-product","3":"status-publish","4":"has-post-thumbnail","6":"product_cat-led-lampe-multi-led","8":"first","9":"instock","10":"taxable","11":"shipping-taxable","12":"product-type-simple"},"_links":{"self":[{"href":"https:\/\/www.arclite-shop.de\/it\/wp-json\/wp\/v2\/product\/359512","targetHints":{"allow":["GET"]}}],"collection":[{"href":"https:\/\/www.arclite-shop.de\/it\/wp-json\/wp\/v2\/product"}],"about":[{"href":"https:\/\/www.arclite-shop.de\/it\/wp-json\/wp\/v2\/types\/product"}],"wp:featuredmedia":[{"embeddable":true,"href":"https:\/\/www.arclite-shop.de\/it\/wp-json\/wp\/v2\/media\/363529"}],"wp:attachment":[{"href":"https:\/\/www.arclite-shop.de\/it\/wp-json\/wp\/v2\/media?parent=359512"}],"wp:term":[{"taxonomy":"product_brand","embeddable":true,"href":"https:\/\/www.arclite-shop.de\/it\/wp-json\/wp\/v2\/product_brand?post=359512"},{"taxonomy":"product_cat","embeddable":true,"href":"https:\/\/www.arclite-shop.de\/it\/wp-json\/wp\/v2\/product_cat?post=359512"},{"taxonomy":"product_tag","embeddable":true,"href":"https:\/\/www.arclite-shop.de\/it\/wp-json\/wp\/v2\/product_tag?post=359512"}],"curies":[{"name":"wp","href":"https:\/\/api.w.org\/{rel}","templated":true}]}}