{"id":359491,"date":"2024-11-14T17:49:56","date_gmt":"2024-11-14T16:49:56","guid":{"rendered":"https:\/\/www.arclite-shop.de\/produkt\/02-4058075237421\/"},"modified":"2026-04-16T13:56:25","modified_gmt":"2026-04-16T11:56:25","slug":"02-4058075237421","status":"publish","type":"product","link":"https:\/\/www.arclite-shop.de\/it\/produkt\/02-4058075237421\/","title":{"rendered":"Strisce LED protette IP67 da 800 lm\/m per applicazioni professionali con ottima resa dei colori e durata operativa"},"content":{"rendered":"<p>IP67 gesch\u00fctzte LED-B\u00e4nder mit 800 lm\/m f\u00fcr professionelle Anwendungen mit sehr guter Farbwiedergabe und Lebensdauer. Produkteigenschaften: Flexibles und teilbares LED-Band. Kleinste teilbare Einheit: 50 mm. Lebensdauer (L80\/B10): bis zu 60.000 h bei Tp: 45\u00b0C. Lichtstrom: 800 lm\/m. Sehr gute Farbwiedergabeindex Ra: &gt; 90. Anf\u00e4ngliche Farbkonsistenz: \u2264 3 SDCM (Schwellwerteinheit). Gro\u00dfes Spektrum an Farbtemperaturen: von Warmwei\u00df bis k\u00fchles Tageslicht. IESNA LM79-, LM80 konform. Schutzart: IP67. Dimmbar mit geeigneten Treibern, siehe auchwww.ledvance.de\/dim). UV-Best\u00e4ndigkeit (nach IEC 60068-2-5). Salznebelbest\u00e4ndigkeit (nach IEC 60068-2-52). Produktvorteile: Gro\u00dfe Designfreiheit dank langer, flexible LED-Lichtb\u00e4nder. Einfache Installation, werkzeugloser Anschluss. Einfache Montage an vielen glatten Oberfl\u00e4chen durch selbstklebendes Klebeband. Geeignet f\u00fcr Verwendung in feuchten Umgebungen dank hoher Schutzart. Maximale Flexibilit\u00e4t dank gro\u00dfer Auswahl an Zubeh\u00f6r. Einfacher Anschluss durch beidseitig integrierte Kabel. Anwendungsgebiete: Allgemeine Innenbeleuchtung. Allgemeine Au\u00dfenbeleuchtung. Industrie. B\u00fcros, Verkaufs- und Konferenzr\u00e4ume. Architekturbeleuchtung. Dekorative Beleuchtung. Technische Ausstattung: Verbindungen, Profile und Abdeckungen f\u00fcr verschiedene Montagem\u00f6glichkeiten verf\u00fcgbar. Endkappen m\u00fcssen separat bestellt werden.<\/p>\n","protected":false},"excerpt":{"rendered":"<p>IP67 gesch\u00fctzte LED-B\u00e4nder mit 800 lm\/m f\u00fcr professionelle Anwendungen mit sehr guter Farbwiedergabe und Lebensdauer. Produkteigenschaften: Flexibles und teilbares LED-Band. Kleinste teilbare Einheit: 50 mm. Lebensdauer (L80\/B10): bis zu 60.000 h bei Tp: 45\u00b0C. Lichtstrom: 800 lm\/m. Sehr gute Farbwiedergabeindex<span class=\"excerpt-hellip\"> [\u2026]<\/span><\/p>\n","protected":false},"featured_media":363780,"template":"","meta":[],"product_brand":[],"product_cat":[87128],"product_tag":[],"class_list":{"0":"post-359491","1":"product","2":"type-product","3":"status-publish","4":"has-post-thumbnail","6":"product_cat-lichtschlauch-band","8":"first","9":"instock","10":"taxable","11":"shipping-taxable","12":"product-type-simple"},"_links":{"self":[{"href":"https:\/\/www.arclite-shop.de\/it\/wp-json\/wp\/v2\/product\/359491","targetHints":{"allow":["GET"]}}],"collection":[{"href":"https:\/\/www.arclite-shop.de\/it\/wp-json\/wp\/v2\/product"}],"about":[{"href":"https:\/\/www.arclite-shop.de\/it\/wp-json\/wp\/v2\/types\/product"}],"wp:featuredmedia":[{"embeddable":true,"href":"https:\/\/www.arclite-shop.de\/it\/wp-json\/wp\/v2\/media\/363780"}],"wp:attachment":[{"href":"https:\/\/www.arclite-shop.de\/it\/wp-json\/wp\/v2\/media?parent=359491"}],"wp:term":[{"taxonomy":"product_brand","embeddable":true,"href":"https:\/\/www.arclite-shop.de\/it\/wp-json\/wp\/v2\/product_brand?post=359491"},{"taxonomy":"product_cat","embeddable":true,"href":"https:\/\/www.arclite-shop.de\/it\/wp-json\/wp\/v2\/product_cat?post=359491"},{"taxonomy":"product_tag","embeddable":true,"href":"https:\/\/www.arclite-shop.de\/it\/wp-json\/wp\/v2\/product_tag?post=359491"}],"curies":[{"name":"wp","href":"https:\/\/api.w.org\/{rel}","templated":true}]}}