{"id":355743,"date":"2024-10-31T18:22:09","date_gmt":"2024-10-31T17:22:09","guid":{"rendered":"https:\/\/www.arclite-shop.de\/produkt\/628-ae82821-00-92\/"},"modified":"2026-04-16T14:25:39","modified_gmt":"2026-04-16T12:25:39","slug":"628-ae82821-00-92","status":"publish","type":"product","link":"https:\/\/www.arclite-shop.de\/it\/produkt\/628-ae82821-00-92\/","title":{"rendered":"squareCENTURY 283 - Luminari incassati angolari gimbal bianco  27W 45\u00b0 4000K CRI90 628-AE82821.00.92"},"content":{"rendered":"<p>Elegante LED Kardaneinbauleuchte f\u00fcr gehobene Anspr\u00fcche f\u00fcr Retail und Ausstellungen, 2-fach. Rahmen pulverbeschichtet. Facettierter Reflektor f\u00fcr optimale Lichtverteilung. Schwenkbereich 20\u00b0. Farbtoleranz 3 SDCM. Lichtstromr\u00fcckgang nach 50.000h L80\/B20. Separates, nicht dimmbares Betriebsger\u00e4t. 5 Jahre Garantie. <\/p>\n","protected":false},"excerpt":{"rendered":"<p>Elegante LED Kardaneinbauleuchte f\u00fcr gehobene Anspr\u00fcche f\u00fcr Retail und Ausstellungen, 2-fach. Rahmen pulverbeschichtet. Facettierter Reflektor f\u00fcr optimale Lichtverteilung. Schwenkbereich 20\u00b0. Farbtoleranz 3 SDCM. Lichtstromr\u00fcckgang nach 50.000h L80\/B20. Separates, nicht dimmbares Betriebsger\u00e4t. 5 Jahre Garantie.<\/p>\n","protected":false},"featured_media":363477,"template":"","meta":[],"product_brand":[],"product_cat":[86615],"product_tag":[],"class_list":{"0":"post-355743","1":"product","2":"type-product","3":"status-publish","4":"has-post-thumbnail","6":"product_cat-eckige-einbauleuchten-kardanisch","8":"first","9":"instock","10":"taxable","11":"shipping-taxable","12":"product-type-simple"},"_links":{"self":[{"href":"https:\/\/www.arclite-shop.de\/it\/wp-json\/wp\/v2\/product\/355743","targetHints":{"allow":["GET"]}}],"collection":[{"href":"https:\/\/www.arclite-shop.de\/it\/wp-json\/wp\/v2\/product"}],"about":[{"href":"https:\/\/www.arclite-shop.de\/it\/wp-json\/wp\/v2\/types\/product"}],"wp:featuredmedia":[{"embeddable":true,"href":"https:\/\/www.arclite-shop.de\/it\/wp-json\/wp\/v2\/media\/363477"}],"wp:attachment":[{"href":"https:\/\/www.arclite-shop.de\/it\/wp-json\/wp\/v2\/media?parent=355743"}],"wp:term":[{"taxonomy":"product_brand","embeddable":true,"href":"https:\/\/www.arclite-shop.de\/it\/wp-json\/wp\/v2\/product_brand?post=355743"},{"taxonomy":"product_cat","embeddable":true,"href":"https:\/\/www.arclite-shop.de\/it\/wp-json\/wp\/v2\/product_cat?post=355743"},{"taxonomy":"product_tag","embeddable":true,"href":"https:\/\/www.arclite-shop.de\/it\/wp-json\/wp\/v2\/product_tag?post=355743"}],"curies":[{"name":"wp","href":"https:\/\/api.w.org\/{rel}","templated":true}]}}