{"id":355250,"date":"2024-10-31T18:17:24","date_gmt":"2024-10-31T17:17:24","guid":{"rendered":"https:\/\/www.arclite-shop.de\/produkt\/217-aa81463-02-90\/"},"modified":"2026-04-16T15:25:12","modified_gmt":"2026-04-16T13:25:12","slug":"217-aa81463-02-90","status":"publish","type":"product","link":"https:\/\/www.arclite-shop.de\/it\/produkt\/217-aa81463-02-90\/","title":{"rendered":"roundCENTURY 165 - Luminari incassati rotondi nero rigido  15W 70\u00b0 2700K CRI90 217-AA81463.02.90"},"content":{"rendered":"<p>Innovative und bew\u00e4hrte Einbauleuchte. Leuchtengeh\u00e4use aus Aluminium und Stahl, passives K\u00fchlsystem. Aluminiumreflektor silber, eloxiert  . Farbtoleranz 2 SDCM. Lichtstromr\u00fcckgang nach 50.000h L90\/B10. Separates, nicht dimmbares Betriebsger\u00e4t. Weitere Produktkonfigurationen auf Anfrage. 5 Jahre Garantie. <\/p>\n","protected":false},"excerpt":{"rendered":"<p>Innovative und bew\u00e4hrte Einbauleuchte. Leuchtengeh\u00e4use aus Aluminium und Stahl, passives K\u00fchlsystem. Aluminiumreflektor silber, eloxiert . Farbtoleranz 2 SDCM. Lichtstromr\u00fcckgang nach 50.000h L90\/B10. Separates, nicht dimmbares Betriebsger\u00e4t. Weitere Produktkonfigurationen auf Anfrage. 5 Jahre Garantie.<\/p>\n","protected":false},"featured_media":363974,"template":"","meta":[],"product_brand":[],"product_cat":[86014],"product_tag":[],"class_list":{"0":"post-355250","1":"product","2":"type-product","3":"status-publish","4":"has-post-thumbnail","6":"product_cat-runde-einbauleuchten-starr","8":"first","9":"instock","10":"taxable","11":"shipping-taxable","12":"product-type-simple"},"_links":{"self":[{"href":"https:\/\/www.arclite-shop.de\/it\/wp-json\/wp\/v2\/product\/355250","targetHints":{"allow":["GET"]}}],"collection":[{"href":"https:\/\/www.arclite-shop.de\/it\/wp-json\/wp\/v2\/product"}],"about":[{"href":"https:\/\/www.arclite-shop.de\/it\/wp-json\/wp\/v2\/types\/product"}],"wp:featuredmedia":[{"embeddable":true,"href":"https:\/\/www.arclite-shop.de\/it\/wp-json\/wp\/v2\/media\/363974"}],"wp:attachment":[{"href":"https:\/\/www.arclite-shop.de\/it\/wp-json\/wp\/v2\/media?parent=355250"}],"wp:term":[{"taxonomy":"product_brand","embeddable":true,"href":"https:\/\/www.arclite-shop.de\/it\/wp-json\/wp\/v2\/product_brand?post=355250"},{"taxonomy":"product_cat","embeddable":true,"href":"https:\/\/www.arclite-shop.de\/it\/wp-json\/wp\/v2\/product_cat?post=355250"},{"taxonomy":"product_tag","embeddable":true,"href":"https:\/\/www.arclite-shop.de\/it\/wp-json\/wp\/v2\/product_tag?post=355250"}],"curies":[{"name":"wp","href":"https:\/\/api.w.org\/{rel}","templated":true}]}}