{"id":355022,"date":"2024-10-31T18:14:23","date_gmt":"2024-10-31T17:14:23","guid":{"rendered":"https:\/\/www.arclite-shop.de\/produkt\/850-996322033\/"},"modified":"2026-04-16T15:55:27","modified_gmt":"2026-04-16T13:55:27","slug":"850-996322033","status":"publish","type":"product","link":"https:\/\/www.arclite-shop.de\/it\/produkt\/850-996322033\/","title":{"rendered":"EASYLINE 2xSpot adj. Reflector - Unit\u00e0 di illuminazione di design per sistema di tenuri a tetto continuo nero 14W  30\u00b0 3000K CRI80 850-996322033"},"content":{"rendered":"<p>LED Moduleinsatz mit dreh &#8211; und schwenkbaren Spots. Geh\u00e4use aus Aluminium. Gleichm\u00e4\u00dfige Lichtverteilung. Drehbereich 350\u00b0. Schwenkbereich 90\u00b0. Farbtoleranz 3 SDCM. Lichtstromr\u00fcckgang nach 50.000h L80\/B10. Integriertes, nicht dimmbares Betriebsger\u00e4t. 5 Jahre Garantie. <\/p>\n","protected":false},"excerpt":{"rendered":"<p>LED Moduleinsatz mit dreh &#8211; und schwenkbaren Spots. Geh\u00e4use aus Aluminium. Gleichm\u00e4\u00dfige Lichtverteilung. Drehbereich 350\u00b0. Schwenkbereich 90\u00b0. Farbtoleranz 3 SDCM. Lichtstromr\u00fcckgang nach 50.000h L80\/B10. Integriertes, nicht dimmbares Betriebsger\u00e4t. 5 Jahre Garantie.<\/p>\n","protected":false},"featured_media":262090,"template":"","meta":[],"product_brand":[],"product_cat":[86612],"product_tag":[],"class_list":{"0":"post-355022","1":"product","2":"type-product","3":"status-publish","4":"has-post-thumbnail","6":"product_cat-designer-leuchten","8":"first","9":"instock","10":"taxable","11":"shipping-taxable","12":"product-type-simple"},"_links":{"self":[{"href":"https:\/\/www.arclite-shop.de\/it\/wp-json\/wp\/v2\/product\/355022","targetHints":{"allow":["GET"]}}],"collection":[{"href":"https:\/\/www.arclite-shop.de\/it\/wp-json\/wp\/v2\/product"}],"about":[{"href":"https:\/\/www.arclite-shop.de\/it\/wp-json\/wp\/v2\/types\/product"}],"wp:featuredmedia":[{"embeddable":true,"href":"https:\/\/www.arclite-shop.de\/it\/wp-json\/wp\/v2\/media\/262090"}],"wp:attachment":[{"href":"https:\/\/www.arclite-shop.de\/it\/wp-json\/wp\/v2\/media?parent=355022"}],"wp:term":[{"taxonomy":"product_brand","embeddable":true,"href":"https:\/\/www.arclite-shop.de\/it\/wp-json\/wp\/v2\/product_brand?post=355022"},{"taxonomy":"product_cat","embeddable":true,"href":"https:\/\/www.arclite-shop.de\/it\/wp-json\/wp\/v2\/product_cat?post=355022"},{"taxonomy":"product_tag","embeddable":true,"href":"https:\/\/www.arclite-shop.de\/it\/wp-json\/wp\/v2\/product_tag?post=355022"}],"curies":[{"name":"wp","href":"https:\/\/api.w.org\/{rel}","templated":true}]}}