{"id":355000,"date":"2024-10-31T18:14:05","date_gmt":"2024-10-31T17:14:05","guid":{"rendered":"https:\/\/www.arclite-shop.de\/produkt\/850-9941316\/"},"modified":"2026-04-16T15:58:30","modified_gmt":"2026-04-16T13:58:30","slug":"850-9941316","status":"publish","type":"product","link":"https:\/\/www.arclite-shop.de\/it\/produkt\/850-9941316\/","title":{"rendered":"Modulo Lampadario Continuo EASYLINE - Unit\u00e0 di Luminari Progettuali per Sistema Continuo di Lampadari argento  56W 120\u00b0 4000K CRI80 850-9941316"},"content":{"rendered":"<p>LED Modul-Einheit f\u00fcr Easyline Lichtbandsystem in sieben verschiedenen L\u00e4ngen f\u00fcr eine optimale Installation. Geh\u00e4use aus Aluminium. Leichte, werkzeuglose Montage. Lichtstromr\u00fcckgang nach 50.000h L80\/B10. Farbtoleranz 3 SDCM. Integriertes, nicht dimmbares Betriebsger\u00e4t. 5 Jahre Garantie. L=1964mm<\/p>\n","protected":false},"excerpt":{"rendered":"<p>LED Modul-Einheit f\u00fcr Easyline Lichtbandsystem in sieben verschiedenen L\u00e4ngen f\u00fcr eine optimale Installation. Geh\u00e4use aus Aluminium. Leichte, werkzeuglose Montage. Lichtstromr\u00fcckgang nach 50.000h L80\/B10. Farbtoleranz 3 SDCM. Integriertes, nicht dimmbares Betriebsger\u00e4t. 5 Jahre Garantie. L=1964mm<\/p>\n","protected":false},"featured_media":262042,"template":"","meta":[],"product_brand":[],"product_cat":[86612],"product_tag":[],"class_list":{"0":"post-355000","1":"product","2":"type-product","3":"status-publish","4":"has-post-thumbnail","6":"product_cat-designer-leuchten","8":"first","9":"instock","10":"taxable","11":"shipping-taxable","12":"product-type-simple"},"_links":{"self":[{"href":"https:\/\/www.arclite-shop.de\/it\/wp-json\/wp\/v2\/product\/355000","targetHints":{"allow":["GET"]}}],"collection":[{"href":"https:\/\/www.arclite-shop.de\/it\/wp-json\/wp\/v2\/product"}],"about":[{"href":"https:\/\/www.arclite-shop.de\/it\/wp-json\/wp\/v2\/types\/product"}],"wp:featuredmedia":[{"embeddable":true,"href":"https:\/\/www.arclite-shop.de\/it\/wp-json\/wp\/v2\/media\/262042"}],"wp:attachment":[{"href":"https:\/\/www.arclite-shop.de\/it\/wp-json\/wp\/v2\/media?parent=355000"}],"wp:term":[{"taxonomy":"product_brand","embeddable":true,"href":"https:\/\/www.arclite-shop.de\/it\/wp-json\/wp\/v2\/product_brand?post=355000"},{"taxonomy":"product_cat","embeddable":true,"href":"https:\/\/www.arclite-shop.de\/it\/wp-json\/wp\/v2\/product_cat?post=355000"},{"taxonomy":"product_tag","embeddable":true,"href":"https:\/\/www.arclite-shop.de\/it\/wp-json\/wp\/v2\/product_tag?post=355000"}],"curies":[{"name":"wp","href":"https:\/\/api.w.org\/{rel}","templated":true}]}}