{"id":354822,"date":"2024-10-31T18:11:42","date_gmt":"2024-10-31T17:11:42","guid":{"rendered":"https:\/\/www.arclite-shop.de\/produkt\/850-880713021\/"},"modified":"2026-04-16T16:24:03","modified_gmt":"2026-04-16T14:24:03","slug":"850-880713021","status":"publish","type":"product","link":"https:\/\/www.arclite-shop.de\/it\/produkt\/850-880713021\/","title":{"rendered":"NANO 3 SQ - Designer Lighting White 3W  25\u00b0 4000K CRI80 850-880713021"},"content":{"rendered":"<p>Elegantes Design, die perfekte Wahl f\u00fcr Empfangsr\u00e4ume, Bars und Restaurants. Geh\u00e4use aus Aluminium. Standardausf\u00fchrung einfarbig. Inklusive Baldachin und Anschlusskabel. Farbtoleranz 3 SDCM. Lichtstromr\u00fcckgang nach 50.000h L80\/B10. Integriertes, nicht dimmbares Betriebsger\u00e4t. Weitere Produktkonfigurationen auf Anfrage. 5 Jahre Garantie. <\/p>\n","protected":false},"excerpt":{"rendered":"<p>Elegantes Design, die perfekte Wahl f\u00fcr Empfangsr\u00e4ume, Bars und Restaurants. Geh\u00e4use aus Aluminium. Standardausf\u00fchrung einfarbig. Inklusive Baldachin und Anschlusskabel. Farbtoleranz 3 SDCM. Lichtstromr\u00fcckgang nach 50.000h L80\/B10. Integriertes, nicht dimmbares Betriebsger\u00e4t. Weitere Produktkonfigurationen auf Anfrage. 5 Jahre Garantie.<\/p>\n","protected":false},"featured_media":364163,"template":"","meta":[],"product_brand":[],"product_cat":[86612],"product_tag":[],"class_list":{"0":"post-354822","1":"product","2":"type-product","3":"status-publish","4":"has-post-thumbnail","6":"product_cat-designer-leuchten","8":"first","9":"instock","10":"taxable","11":"shipping-taxable","12":"product-type-simple"},"_links":{"self":[{"href":"https:\/\/www.arclite-shop.de\/it\/wp-json\/wp\/v2\/product\/354822","targetHints":{"allow":["GET"]}}],"collection":[{"href":"https:\/\/www.arclite-shop.de\/it\/wp-json\/wp\/v2\/product"}],"about":[{"href":"https:\/\/www.arclite-shop.de\/it\/wp-json\/wp\/v2\/types\/product"}],"wp:featuredmedia":[{"embeddable":true,"href":"https:\/\/www.arclite-shop.de\/it\/wp-json\/wp\/v2\/media\/364163"}],"wp:attachment":[{"href":"https:\/\/www.arclite-shop.de\/it\/wp-json\/wp\/v2\/media?parent=354822"}],"wp:term":[{"taxonomy":"product_brand","embeddable":true,"href":"https:\/\/www.arclite-shop.de\/it\/wp-json\/wp\/v2\/product_brand?post=354822"},{"taxonomy":"product_cat","embeddable":true,"href":"https:\/\/www.arclite-shop.de\/it\/wp-json\/wp\/v2\/product_cat?post=354822"},{"taxonomy":"product_tag","embeddable":true,"href":"https:\/\/www.arclite-shop.de\/it\/wp-json\/wp\/v2\/product_tag?post=354822"}],"curies":[{"name":"wp","href":"https:\/\/api.w.org\/{rel}","templated":true}]}}