{"id":354731,"date":"2024-10-31T18:10:32","date_gmt":"2024-10-31T17:10:32","guid":{"rendered":"https:\/\/www.arclite-shop.de\/produkt\/850-888222033\/"},"modified":"2026-04-16T16:35:55","modified_gmt":"2026-04-16T14:35:55","slug":"850-888222033","status":"publish","type":"product","link":"https:\/\/www.arclite-shop.de\/it\/produkt\/850-888222033\/","title":{"rendered":"LED ROLLER 9 20W - PENDENTE - Taglio di fase Designer Luci Nere 20W   W 54\u00b0 3000K CRI80 850-888222033"},"content":{"rendered":"<p>Elegante LED-Pendelleuchte f\u00fcr Restaurants, Lobbys, Bars, Caf\u00e9s, Essbereiche. 220-240V Netzspannung &#8211; Betriebsger\u00e4t nicht notwendig. Inklusive Baldachin und Anschlusskabel. Standardausf\u00fchrung einfarbig. Gleichm\u00e4\u00dfige Ausleuchtung durch Linse, Reflektor oder Diffusor. Geh\u00e4use aus Aluminium. Farbtoleranz 3 SDCM. Lichtstromr\u00fcckgang nach 50.000h L80\/B10. 5 Jahre Garantie. Weitere Produktkonfigurationen auf Anfrage. <\/p>\n","protected":false},"excerpt":{"rendered":"<p>Elegante LED-Pendelleuchte f\u00fcr Restaurants, Lobbys, Bars, Caf\u00e9s, Essbereiche. 220-240V Netzspannung &#8211; Betriebsger\u00e4t nicht notwendig. Inklusive Baldachin und Anschlusskabel. Standardausf\u00fchrung einfarbig. Gleichm\u00e4\u00dfige Ausleuchtung durch Linse, Reflektor oder Diffusor. Geh\u00e4use aus Aluminium. Farbtoleranz 3 SDCM. Lichtstromr\u00fcckgang nach 50.000h L80\/B10. 5 Jahre Garantie.<span class=\"excerpt-hellip\"> [\u2026]<\/span><\/p>\n","protected":false},"featured_media":364177,"template":"","meta":[],"product_brand":[],"product_cat":[86612],"product_tag":[],"class_list":{"0":"post-354731","1":"product","2":"type-product","3":"status-publish","4":"has-post-thumbnail","6":"product_cat-designer-leuchten","8":"first","9":"instock","10":"taxable","11":"shipping-taxable","12":"product-type-simple"},"_links":{"self":[{"href":"https:\/\/www.arclite-shop.de\/it\/wp-json\/wp\/v2\/product\/354731","targetHints":{"allow":["GET"]}}],"collection":[{"href":"https:\/\/www.arclite-shop.de\/it\/wp-json\/wp\/v2\/product"}],"about":[{"href":"https:\/\/www.arclite-shop.de\/it\/wp-json\/wp\/v2\/types\/product"}],"wp:featuredmedia":[{"embeddable":true,"href":"https:\/\/www.arclite-shop.de\/it\/wp-json\/wp\/v2\/media\/364177"}],"wp:attachment":[{"href":"https:\/\/www.arclite-shop.de\/it\/wp-json\/wp\/v2\/media?parent=354731"}],"wp:term":[{"taxonomy":"product_brand","embeddable":true,"href":"https:\/\/www.arclite-shop.de\/it\/wp-json\/wp\/v2\/product_brand?post=354731"},{"taxonomy":"product_cat","embeddable":true,"href":"https:\/\/www.arclite-shop.de\/it\/wp-json\/wp\/v2\/product_cat?post=354731"},{"taxonomy":"product_tag","embeddable":true,"href":"https:\/\/www.arclite-shop.de\/it\/wp-json\/wp\/v2\/product_tag?post=354731"}],"curies":[{"name":"wp","href":"https:\/\/api.w.org\/{rel}","templated":true}]}}