{"id":354005,"date":"2024-10-31T18:01:10","date_gmt":"2024-10-31T17:01:10","guid":{"rendered":"https:\/\/www.arclite-shop.de\/produkt\/847-915b03bl4v02\/"},"modified":"2026-04-16T18:40:46","modified_gmt":"2026-04-16T16:40:46","slug":"847-915b03bl4v02","status":"publish","type":"product","link":"https:\/\/www.arclite-shop.de\/it\/produkt\/847-915b03bl4v02\/","title":{"rendered":"Linea 75 LV - 1-10V Luminari Incassati Rigidi Nero 14W 80\u00b0 3000K CRI97 847-915B03BL4V02"},"content":{"rendered":"<p>LED Einbauleuchte f\u00fcr dekorative Beleuchtung. Gleichm\u00e4\u00dfige Ausleuchtung durch Linse, Reflektor oder Diffusor. Geh\u00e4use aus Druckguss-Aluminium, mit CS Federn. Farbtoleranz 3 SDCM. Lichtstromr\u00fcckgang L90\/B10 nach mehr als 60.000h bei ta 25\u00b0C. Schutzart IP44 f\u00fcr geschlossene Deckensysteme. Weitere Produktkonfigurationen auf Anfrage. 7 Jahre Garantie. <\/p>\n","protected":false},"excerpt":{"rendered":"<p>LED Einbauleuchte f\u00fcr dekorative Beleuchtung. Gleichm\u00e4\u00dfige Ausleuchtung durch Linse, Reflektor oder Diffusor. Geh\u00e4use aus Druckguss-Aluminium, mit CS Federn. Farbtoleranz 3 SDCM. Lichtstromr\u00fcckgang L90\/B10 nach mehr als 60.000h bei ta 25\u00b0C. Schutzart IP44 f\u00fcr geschlossene Deckensysteme. Weitere Produktkonfigurationen auf Anfrage. 7<span class=\"excerpt-hellip\"> [\u2026]<\/span><\/p>\n","protected":false},"featured_media":364674,"template":"","meta":[],"product_brand":[],"product_cat":[86598],"product_tag":[],"class_list":{"0":"post-354005","1":"product","2":"type-product","3":"status-publish","4":"has-post-thumbnail","6":"product_cat-runde-einbauleuchten-starr-illuxtron","8":"first","9":"instock","10":"taxable","11":"shipping-taxable","12":"product-type-simple"},"_links":{"self":[{"href":"https:\/\/www.arclite-shop.de\/it\/wp-json\/wp\/v2\/product\/354005","targetHints":{"allow":["GET"]}}],"collection":[{"href":"https:\/\/www.arclite-shop.de\/it\/wp-json\/wp\/v2\/product"}],"about":[{"href":"https:\/\/www.arclite-shop.de\/it\/wp-json\/wp\/v2\/types\/product"}],"wp:featuredmedia":[{"embeddable":true,"href":"https:\/\/www.arclite-shop.de\/it\/wp-json\/wp\/v2\/media\/364674"}],"wp:attachment":[{"href":"https:\/\/www.arclite-shop.de\/it\/wp-json\/wp\/v2\/media?parent=354005"}],"wp:term":[{"taxonomy":"product_brand","embeddable":true,"href":"https:\/\/www.arclite-shop.de\/it\/wp-json\/wp\/v2\/product_brand?post=354005"},{"taxonomy":"product_cat","embeddable":true,"href":"https:\/\/www.arclite-shop.de\/it\/wp-json\/wp\/v2\/product_cat?post=354005"},{"taxonomy":"product_tag","embeddable":true,"href":"https:\/\/www.arclite-shop.de\/it\/wp-json\/wp\/v2\/product_tag?post=354005"}],"curies":[{"name":"wp","href":"https:\/\/api.w.org\/{rel}","templated":true}]}}