{"id":352389,"date":"2024-10-31T17:40:58","date_gmt":"2024-10-31T16:40:58","guid":{"rendered":"https:\/\/www.arclite-shop.de\/produkt\/717-lxpudw508twloc1tw33wip20wi4t\/"},"modified":"2026-04-16T23:40:35","modified_gmt":"2026-04-16T21:40:35","slug":"717-lxpudw508twloc1tw33wip20wi4t","status":"publish","type":"product","link":"https:\/\/www.arclite-shop.de\/it\/produkt\/717-lxpudw508twloc1tw33wip20wi4t\/","title":{"rendered":"SNEP LX P - BLE Luminari pendenti lineari bianchi 33W 50\u00b0 2700-6500K CRI80 717-LXPUDW508TWLOC1TW33WIP20WI4T"},"content":{"rendered":"<p>Hochwertige lineare LED Pendelleuchte f\u00fcr Bildschirmarbeitspl\u00e4tze, mit pr\u00e4zisen Optiken. Geh\u00e4use aus stranggepresstem Aluminium, pulverbeschichtet. Zubeh\u00f6r f\u00fcr Pendelmontage separat bestellen. Direktes und indirektes Licht gleichzeitig gesteuert. UGR &lt; 19. Farbtoleranz 3 SDCM. Lichtstromr\u00fcckgang nach 100.000h L80\/B50 bei ta 25\u00b0C. Integriertes Betriebsger\u00e4t. 5 Jahre Garantie. CASAMBI Steuerung. Tuneable White Bereich 2700-6500K<\/p>\n","protected":false},"excerpt":{"rendered":"<p>Hochwertige lineare LED Pendelleuchte f\u00fcr Bildschirmarbeitspl\u00e4tze, mit pr\u00e4zisen Optiken. Geh\u00e4use aus stranggepresstem Aluminium, pulverbeschichtet. Zubeh\u00f6r f\u00fcr Pendelmontage separat bestellen. Direktes und indirektes Licht gleichzeitig gesteuert. UGR &lt; 19. Farbtoleranz 3 SDCM. Lichtstromr\u00fcckgang nach 100.000h L80\/B50 bei ta 25\u00b0C. Integriertes Betriebsger\u00e4t.<span class=\"excerpt-hellip\"> [\u2026]<\/span><\/p>\n","protected":false},"featured_media":261984,"template":"","meta":[],"product_brand":[],"product_cat":[85855],"product_tag":[],"class_list":{"0":"post-352389","1":"product","2":"type-product","3":"status-publish","4":"has-post-thumbnail","6":"product_cat-pendelleuchten","8":"first","9":"instock","10":"taxable","11":"shipping-taxable","12":"product-type-simple"},"_links":{"self":[{"href":"https:\/\/www.arclite-shop.de\/it\/wp-json\/wp\/v2\/product\/352389","targetHints":{"allow":["GET"]}}],"collection":[{"href":"https:\/\/www.arclite-shop.de\/it\/wp-json\/wp\/v2\/product"}],"about":[{"href":"https:\/\/www.arclite-shop.de\/it\/wp-json\/wp\/v2\/types\/product"}],"wp:featuredmedia":[{"embeddable":true,"href":"https:\/\/www.arclite-shop.de\/it\/wp-json\/wp\/v2\/media\/261984"}],"wp:attachment":[{"href":"https:\/\/www.arclite-shop.de\/it\/wp-json\/wp\/v2\/media?parent=352389"}],"wp:term":[{"taxonomy":"product_brand","embeddable":true,"href":"https:\/\/www.arclite-shop.de\/it\/wp-json\/wp\/v2\/product_brand?post=352389"},{"taxonomy":"product_cat","embeddable":true,"href":"https:\/\/www.arclite-shop.de\/it\/wp-json\/wp\/v2\/product_cat?post=352389"},{"taxonomy":"product_tag","embeddable":true,"href":"https:\/\/www.arclite-shop.de\/it\/wp-json\/wp\/v2\/product_tag?post=352389"}],"curies":[{"name":"wp","href":"https:\/\/api.w.org\/{rel}","templated":true}]}}