{"id":352264,"date":"2024-10-31T17:39:26","date_gmt":"2024-10-31T16:39:26","guid":{"rendered":"https:\/\/www.arclite-shop.de\/produkt\/717-p05mw840ho-105w-ip65-2\/"},"modified":"2026-04-17T00:01:21","modified_gmt":"2026-04-16T22:01:21","slug":"717-p05mw840ho-105w-ip65-2","status":"publish","type":"product","link":"https:\/\/www.arclite-shop.de\/it\/produkt\/717-p05mw840ho-105w-ip65-2\/","title":{"rendered":"SNEP MODE P - Lumini industriali bianco lineare  105W 120\u00b0 4000K CRI80 717-P05MW840HO 105W IP65-2"},"content":{"rendered":"<p>Kosteng\u00fcnstige, vielseitige LED Linearleuchte f\u00fcr Industrie- und Montagehallen, Lager und Parkh\u00e4user sowie niedrige Gewerber\u00e4ume. Montage direkt an der Decke oder mit Seilabh\u00e4ngung. Geh\u00e4use aus stranggepresstem Aluminium, pulverbeschichtet. Innengeh\u00e4use auf Aluminumbasis f\u00fcr optimierte thermische Ableitung. Endkappen aus best\u00e4ndigem und nicht brennbarem Polykarbonat mit Brandklasse V-0. Optikmodul aus Polykarbonat. Geeignet f\u00fcr Umgebungstemperatur -25\u00b0C bis +40\u00b0C. Lichtstromr\u00fcckgang nach 100.000h L80\/B50 bei ta 25\u00b0C. Integriertes, nicht dimmbares Betriebsger\u00e4t. Gro\u00dfe Auswahl an Montage-, Steuerungs- und Sensoroptionen. Zubeh\u00f6r f\u00fcr Pendelmontage separat bestellen. 5 Jahre Garantie. Netto 15550lm<\/p>\n","protected":false},"excerpt":{"rendered":"<p>Kosteng\u00fcnstige, vielseitige LED Linearleuchte f\u00fcr Industrie- und Montagehallen, Lager und Parkh\u00e4user sowie niedrige Gewerber\u00e4ume. Montage direkt an der Decke oder mit Seilabh\u00e4ngung. Geh\u00e4use aus stranggepresstem Aluminium, pulverbeschichtet. Innengeh\u00e4use auf Aluminumbasis f\u00fcr optimierte thermische Ableitung. Endkappen aus best\u00e4ndigem und nicht brennbarem<span class=\"excerpt-hellip\"> [\u2026]<\/span><\/p>\n","protected":false},"featured_media":261895,"template":"","meta":[],"product_brand":[],"product_cat":[86238],"product_tag":[],"class_list":{"0":"post-352264","1":"product","2":"type-product","3":"status-publish","4":"has-post-thumbnail","6":"product_cat-industrieleuchten","8":"first","9":"instock","10":"taxable","11":"shipping-taxable","12":"product-type-simple"},"_links":{"self":[{"href":"https:\/\/www.arclite-shop.de\/it\/wp-json\/wp\/v2\/product\/352264","targetHints":{"allow":["GET"]}}],"collection":[{"href":"https:\/\/www.arclite-shop.de\/it\/wp-json\/wp\/v2\/product"}],"about":[{"href":"https:\/\/www.arclite-shop.de\/it\/wp-json\/wp\/v2\/types\/product"}],"wp:featuredmedia":[{"embeddable":true,"href":"https:\/\/www.arclite-shop.de\/it\/wp-json\/wp\/v2\/media\/261895"}],"wp:attachment":[{"href":"https:\/\/www.arclite-shop.de\/it\/wp-json\/wp\/v2\/media?parent=352264"}],"wp:term":[{"taxonomy":"product_brand","embeddable":true,"href":"https:\/\/www.arclite-shop.de\/it\/wp-json\/wp\/v2\/product_brand?post=352264"},{"taxonomy":"product_cat","embeddable":true,"href":"https:\/\/www.arclite-shop.de\/it\/wp-json\/wp\/v2\/product_cat?post=352264"},{"taxonomy":"product_tag","embeddable":true,"href":"https:\/\/www.arclite-shop.de\/it\/wp-json\/wp\/v2\/product_tag?post=352264"}],"curies":[{"name":"wp","href":"https:\/\/api.w.org\/{rel}","templated":true}]}}