{"id":352204,"date":"2024-10-31T17:36:09","date_gmt":"2024-10-31T16:36:09","guid":{"rendered":"https:\/\/www.arclite-shop.de\/produkt\/10-dwl048\/"},"modified":"2026-04-17T00:07:16","modified_gmt":"2026-04-16T22:07:16","slug":"10-dwl048","status":"publish","type":"product","link":"https:\/\/www.arclite-shop.de\/it\/produkt\/10-dwl048\/","title":{"rendered":"VLED DOWNLIGHT - Lampadari rotondi incassati bianco rigido  9W 120\u00b0 4000K CRI80 DWL048"},"content":{"rendered":"<p>Schlichte LED Einbauleuchte f\u00fcr Allgemeinbeleuchtung. Flach, robust, preiswert, verschiedene Gr\u00f6\u00dfen. Geh\u00e4use aus ABS. Diffusor aus Polycarbonat. Lichtstromr\u00fcckgang nach 30.000h L70\/B50. Farbtoleranz &lt; 6 SDCM. Integriertes, nicht dimmbares Betriebsger\u00e4t. 3 Jahre Garantie.<\/p>\n","protected":false},"excerpt":{"rendered":"<p>Schlichte LED Einbauleuchte f\u00fcr Allgemeinbeleuchtung. Flach, robust, preiswert, verschiedene Gr\u00f6\u00dfen. Geh\u00e4use aus ABS. Diffusor aus Polycarbonat. Lichtstromr\u00fcckgang nach 30.000h L70\/B50. Farbtoleranz &lt; 6 SDCM. Integriertes, nicht dimmbares Betriebsger\u00e4t. 3 Jahre Garantie.<\/p>\n","protected":false},"featured_media":364882,"template":"","meta":[],"product_brand":[],"product_cat":[88682],"product_tag":[],"class_list":{"0":"post-352204","1":"product","2":"type-product","3":"status-publish","4":"has-post-thumbnail","6":"product_cat-angebote","8":"first","9":"instock","10":"taxable","11":"shipping-taxable","12":"product-type-simple"},"_links":{"self":[{"href":"https:\/\/www.arclite-shop.de\/it\/wp-json\/wp\/v2\/product\/352204","targetHints":{"allow":["GET"]}}],"collection":[{"href":"https:\/\/www.arclite-shop.de\/it\/wp-json\/wp\/v2\/product"}],"about":[{"href":"https:\/\/www.arclite-shop.de\/it\/wp-json\/wp\/v2\/types\/product"}],"wp:featuredmedia":[{"embeddable":true,"href":"https:\/\/www.arclite-shop.de\/it\/wp-json\/wp\/v2\/media\/364882"}],"wp:attachment":[{"href":"https:\/\/www.arclite-shop.de\/it\/wp-json\/wp\/v2\/media?parent=352204"}],"wp:term":[{"taxonomy":"product_brand","embeddable":true,"href":"https:\/\/www.arclite-shop.de\/it\/wp-json\/wp\/v2\/product_brand?post=352204"},{"taxonomy":"product_cat","embeddable":true,"href":"https:\/\/www.arclite-shop.de\/it\/wp-json\/wp\/v2\/product_cat?post=352204"},{"taxonomy":"product_tag","embeddable":true,"href":"https:\/\/www.arclite-shop.de\/it\/wp-json\/wp\/v2\/product_tag?post=352204"}],"curies":[{"name":"wp","href":"https:\/\/api.w.org\/{rel}","templated":true}]}}