{"id":351893,"date":"2024-10-31T14:33:24","date_gmt":"2024-10-31T13:33:24","guid":{"rendered":"https:\/\/www.arclite-shop.de\/produkt\/02-4099854071850\/"},"modified":"2026-04-17T00:09:07","modified_gmt":"2026-04-16T22:09:07","slug":"02-4099854071850","status":"publish","type":"product","link":"https:\/\/www.arclite-shop.de\/it\/produkt\/02-4099854071850\/","title":{"rendered":"Sostituzione LED delle lampade HQL per applicazioni orientate al design nell'illuminazione esterna"},"content":{"rendered":"<p>LED-Ersatz von HQL-Lampen f\u00fcr designorientierte Anwendungen in der Au\u00dfenbeleuchtung. Produkteigenschaften: Ersatz von HQL: Geeignet f\u00fcr den Betrieb mit konventionellen Vorschaltger\u00e4ten (KVG, VVG) f\u00fcr HQL oder 230 V Netzspannung. Ersatz von anderen HID: Geeignet f\u00fcr den Betrieb mit Netzspannung ohne Vorschaltger\u00e4t. Leistungsfaktor: 0,9. Schutzart: IP65. \u00dcberspannungsschutz: bis zu 2 kV (L-N). Produktvorteile: Gleiches Design wie  bei traditionellen HQL-Lampen mit ellipsoidem, mattem Vollglas-Kolben. Komplette Nutzung des Reflektors der bestehenden Leuchte dank 360 Grad Ausstrahlungswinkel. Spart bis zu 78 % Energie bei Verwendung als Ersatz f\u00fcr Quecksilberdampflampen (HQL). Sofort 100 % Licht, keine Aufw\u00e4rmzeit. Anwendungsgebiete: Stra\u00dfen. Fl\u00e4chenbeleuchtung. Fu\u00dfg\u00e4ngerzonen. Parkanlagen. Au\u00dfenanwendungen nur in geeigneten Leuchten.<\/p>\n","protected":false},"excerpt":{"rendered":"<p>LED-Ersatz von HQL-Lampen f\u00fcr designorientierte Anwendungen in der Au\u00dfenbeleuchtung. Produkteigenschaften: Ersatz von HQL: Geeignet f\u00fcr den Betrieb mit konventionellen Vorschaltger\u00e4ten (KVG, VVG) f\u00fcr HQL oder 230 V Netzspannung. Ersatz von anderen HID: Geeignet f\u00fcr den Betrieb mit Netzspannung ohne Vorschaltger\u00e4t.<span class=\"excerpt-hellip\"> [\u2026]<\/span><\/p>\n","protected":false},"featured_media":364898,"template":"","meta":[],"product_brand":[],"product_cat":[87060],"product_tag":[],"class_list":{"0":"post-351893","1":"product","2":"type-product","3":"status-publish","4":"has-post-thumbnail","6":"product_cat-led-lampe-multi-led","8":"first","9":"instock","10":"taxable","11":"shipping-taxable","12":"product-type-simple"},"_links":{"self":[{"href":"https:\/\/www.arclite-shop.de\/it\/wp-json\/wp\/v2\/product\/351893","targetHints":{"allow":["GET"]}}],"collection":[{"href":"https:\/\/www.arclite-shop.de\/it\/wp-json\/wp\/v2\/product"}],"about":[{"href":"https:\/\/www.arclite-shop.de\/it\/wp-json\/wp\/v2\/types\/product"}],"wp:featuredmedia":[{"embeddable":true,"href":"https:\/\/www.arclite-shop.de\/it\/wp-json\/wp\/v2\/media\/364898"}],"wp:attachment":[{"href":"https:\/\/www.arclite-shop.de\/it\/wp-json\/wp\/v2\/media?parent=351893"}],"wp:term":[{"taxonomy":"product_brand","embeddable":true,"href":"https:\/\/www.arclite-shop.de\/it\/wp-json\/wp\/v2\/product_brand?post=351893"},{"taxonomy":"product_cat","embeddable":true,"href":"https:\/\/www.arclite-shop.de\/it\/wp-json\/wp\/v2\/product_cat?post=351893"},{"taxonomy":"product_tag","embeddable":true,"href":"https:\/\/www.arclite-shop.de\/it\/wp-json\/wp\/v2\/product_tag?post=351893"}],"curies":[{"name":"wp","href":"https:\/\/api.w.org\/{rel}","templated":true}]}}