{"id":351786,"date":"2024-10-31T14:32:07","date_gmt":"2024-10-31T13:32:07","guid":{"rendered":"https:\/\/www.arclite-shop.de\/produkt\/02-4099854065590\/"},"modified":"2026-04-17T00:32:41","modified_gmt":"2026-04-16T22:32:41","slug":"02-4099854065590","status":"publish","type":"product","link":"https:\/\/www.arclite-shop.de\/it\/produkt\/02-4099854065590\/","title":{"rendered":"Lampadine LED dimmerabili, candeline mini classiche, CRI97"},"content":{"rendered":"<p>Dimmbare LED-Lampen, klassische Minikerzen, CRI97. Produkteigenschaften: Dimmbar. LED-Lampen f\u00fcr Netzspannung. Ausstrahlungswinkel: bis zu 300\u00b0. Lebensdauer: bis zu 15.000 h. Sehr hohe Schaltfestigkeit: bis zu 100.000. Produktvorteile: Lampen mit innovativer LED-&#8220;Filament&#8221;-Technologie. Design, Abmessungen, Lichtstrom vergleichbar mit einer Halogenlampe. Sehr geringer Energieverbrauch. Sofort 100 % Licht, keine Aufw\u00e4rmzeit. Geringes flackern. Anwendungsgebiete: Ideal f\u00fcr dekorative Einbauten. Anwendungen im Haushalt. Allgemeinbeleuchtung. Einsatz im Au\u00dfenbereich nur in Au\u00dfenleuchten (mindestens IP65).<\/p>\n","protected":false},"excerpt":{"rendered":"<p>Dimmbare LED-Lampen, klassische Minikerzen, CRI97. Produkteigenschaften: Dimmbar. LED-Lampen f\u00fcr Netzspannung. Ausstrahlungswinkel: bis zu 300\u00b0. Lebensdauer: bis zu 15.000 h. Sehr hohe Schaltfestigkeit: bis zu 100.000. Produktvorteile: Lampen mit innovativer LED-&#8220;Filament&#8221;-Technologie. Design, Abmessungen, Lichtstrom vergleichbar mit einer Halogenlampe. Sehr geringer Energieverbrauch.<span class=\"excerpt-hellip\"> [\u2026]<\/span><\/p>\n","protected":false},"featured_media":363613,"template":"","meta":[],"product_brand":[],"product_cat":[87060],"product_tag":[],"class_list":{"0":"post-351786","1":"product","2":"type-product","3":"status-publish","4":"has-post-thumbnail","6":"product_cat-led-lampe-multi-led","8":"first","9":"instock","10":"taxable","11":"shipping-taxable","12":"product-type-simple"},"_links":{"self":[{"href":"https:\/\/www.arclite-shop.de\/it\/wp-json\/wp\/v2\/product\/351786","targetHints":{"allow":["GET"]}}],"collection":[{"href":"https:\/\/www.arclite-shop.de\/it\/wp-json\/wp\/v2\/product"}],"about":[{"href":"https:\/\/www.arclite-shop.de\/it\/wp-json\/wp\/v2\/types\/product"}],"wp:featuredmedia":[{"embeddable":true,"href":"https:\/\/www.arclite-shop.de\/it\/wp-json\/wp\/v2\/media\/363613"}],"wp:attachment":[{"href":"https:\/\/www.arclite-shop.de\/it\/wp-json\/wp\/v2\/media?parent=351786"}],"wp:term":[{"taxonomy":"product_brand","embeddable":true,"href":"https:\/\/www.arclite-shop.de\/it\/wp-json\/wp\/v2\/product_brand?post=351786"},{"taxonomy":"product_cat","embeddable":true,"href":"https:\/\/www.arclite-shop.de\/it\/wp-json\/wp\/v2\/product_cat?post=351786"},{"taxonomy":"product_tag","embeddable":true,"href":"https:\/\/www.arclite-shop.de\/it\/wp-json\/wp\/v2\/product_tag?post=351786"}],"curies":[{"name":"wp","href":"https:\/\/api.w.org\/{rel}","templated":true}]}}