{"id":351772,"date":"2024-10-31T14:31:57","date_gmt":"2024-10-31T13:31:57","guid":{"rendered":"https:\/\/www.arclite-shop.de\/produkt\/02-4099854064722\/"},"modified":"2026-04-17T00:34:39","modified_gmt":"2026-04-16T22:34:39","slug":"02-4099854064722","status":"publish","type":"product","link":"https:\/\/www.arclite-shop.de\/it\/produkt\/02-4099854064722\/","title":{"rendered":"Lampade LED a bassa tensione da 12 V con presa retrofit"},"content":{"rendered":"<p>12 V-Niedervolt-LED-Lampen mit Retrofit-Stecksockel. Produkteigenschaften: Kompatibel mit vielen handels\u00fcblichen elektronischen Vorschaltger\u00e4ten (siehe auchKompatibilit\u00e4tsliste). LED-Alternative zu Niedervolthalogenlampen. Sockel: G4, GY6.35. Produktvorteile: Variabler Einsatz an Gleich- und Wechselspannung m\u00f6glich. Gute Rundum-Lichtausstrahlung. Ideal f\u00fcr den dekorativen und frei brennenden Einsatz. Lange Lebensdauer von bis zu 15.000 h. Vier Jahre Garantie. Anwendungsgebiete: Dekorative Anwendungen. F\u00fcr stimmungsvolle Lichtakzente in Wohnr\u00e4umen und Partykellern. Shops, Hotels und Gastronomie. Einsatz im Au\u00dfenbereich nur in geeigneten Au\u00dfenleuchten.<\/p>\n","protected":false},"excerpt":{"rendered":"<p>12 V-Niedervolt-LED-Lampen mit Retrofit-Stecksockel. Produkteigenschaften: Kompatibel mit vielen handels\u00fcblichen elektronischen Vorschaltger\u00e4ten (siehe auchKompatibilit\u00e4tsliste). LED-Alternative zu Niedervolthalogenlampen. Sockel: G4, GY6.35. Produktvorteile: Variabler Einsatz an Gleich- und Wechselspannung m\u00f6glich. Gute Rundum-Lichtausstrahlung. Ideal f\u00fcr den dekorativen und frei brennenden Einsatz. Lange Lebensdauer von<span class=\"excerpt-hellip\"> [\u2026]<\/span><\/p>\n","protected":false},"featured_media":365129,"template":"","meta":[],"product_brand":[],"product_cat":[87060],"product_tag":[],"class_list":{"0":"post-351772","1":"product","2":"type-product","3":"status-publish","4":"has-post-thumbnail","6":"product_cat-led-lampe-multi-led","8":"first","9":"instock","10":"taxable","11":"shipping-taxable","12":"product-type-simple"},"_links":{"self":[{"href":"https:\/\/www.arclite-shop.de\/it\/wp-json\/wp\/v2\/product\/351772","targetHints":{"allow":["GET"]}}],"collection":[{"href":"https:\/\/www.arclite-shop.de\/it\/wp-json\/wp\/v2\/product"}],"about":[{"href":"https:\/\/www.arclite-shop.de\/it\/wp-json\/wp\/v2\/types\/product"}],"wp:featuredmedia":[{"embeddable":true,"href":"https:\/\/www.arclite-shop.de\/it\/wp-json\/wp\/v2\/media\/365129"}],"wp:attachment":[{"href":"https:\/\/www.arclite-shop.de\/it\/wp-json\/wp\/v2\/media?parent=351772"}],"wp:term":[{"taxonomy":"product_brand","embeddable":true,"href":"https:\/\/www.arclite-shop.de\/it\/wp-json\/wp\/v2\/product_brand?post=351772"},{"taxonomy":"product_cat","embeddable":true,"href":"https:\/\/www.arclite-shop.de\/it\/wp-json\/wp\/v2\/product_cat?post=351772"},{"taxonomy":"product_tag","embeddable":true,"href":"https:\/\/www.arclite-shop.de\/it\/wp-json\/wp\/v2\/product_tag?post=351772"}],"curies":[{"name":"wp","href":"https:\/\/api.w.org\/{rel}","templated":true}]}}