{"id":351717,"date":"2024-10-31T14:31:15","date_gmt":"2024-10-31T13:31:15","guid":{"rendered":"https:\/\/www.arclite-shop.de\/produkt\/02-4099854060793\/"},"modified":"2026-04-17T00:43:15","modified_gmt":"2026-04-16T22:43:15","slug":"02-4099854060793","status":"publish","type":"product","link":"https:\/\/www.arclite-shop.de\/it\/produkt\/02-4099854060793\/","title":{"rendered":"Lampade LED dimmerabili, forma classica a sfera"},"content":{"rendered":"<p>Dimmbare LED &#8211; Lampen, klassische Ballform. Produkteigenschaften: Dimmbar (an vielen handels\u00fcblichen Dimmern, siehe auchwww.ledvance.de\/dim). Lebensdauer: bis zu 15.000 h. Ausstrahlungswinkel: bis zu 360\u00b0. Professionelle LED-Lampen f\u00fcr Netzspannung. Lampe aus Glas. Gute Lichtqualit\u00e4t; Farbwiedergabeindex Ra: \u2265 80; konstanter Farbort. Produktvorteile: Lampen mit innovativer LED-&#8220;Filament&#8221;-Technologie. Sehr geringer Energieverbrauch. Einfacher Austausch von Standardgl\u00fchlampen. Sofort 100 % Licht, keine Aufw\u00e4rmzeit. Anwendungsgebiete: Ideal f\u00fcr dekorative Einbauten. Anwendungen im Haushalt. Allgemeinbeleuchtung. Einsatz im Au\u00dfenbereich nur in geeigneten Au\u00dfenleuchten.<\/p>\n","protected":false},"excerpt":{"rendered":"<p>Dimmbare LED &#8211; Lampen, klassische Ballform. Produkteigenschaften: Dimmbar (an vielen handels\u00fcblichen Dimmern, siehe auchwww.ledvance.de\/dim). Lebensdauer: bis zu 15.000 h. Ausstrahlungswinkel: bis zu 360\u00b0. Professionelle LED-Lampen f\u00fcr Netzspannung. Lampe aus Glas. Gute Lichtqualit\u00e4t; Farbwiedergabeindex Ra: \u2265 80; konstanter Farbort. Produktvorteile: Lampen<span class=\"excerpt-hellip\"> [\u2026]<\/span><\/p>\n","protected":false},"featured_media":365258,"template":"","meta":[],"product_brand":[],"product_cat":[87060],"product_tag":[],"class_list":{"0":"post-351717","1":"product","2":"type-product","3":"status-publish","4":"has-post-thumbnail","6":"product_cat-led-lampe-multi-led","8":"first","9":"outofstock","10":"taxable","11":"shipping-taxable","12":"product-type-simple"},"_links":{"self":[{"href":"https:\/\/www.arclite-shop.de\/it\/wp-json\/wp\/v2\/product\/351717","targetHints":{"allow":["GET"]}}],"collection":[{"href":"https:\/\/www.arclite-shop.de\/it\/wp-json\/wp\/v2\/product"}],"about":[{"href":"https:\/\/www.arclite-shop.de\/it\/wp-json\/wp\/v2\/types\/product"}],"wp:featuredmedia":[{"embeddable":true,"href":"https:\/\/www.arclite-shop.de\/it\/wp-json\/wp\/v2\/media\/365258"}],"wp:attachment":[{"href":"https:\/\/www.arclite-shop.de\/it\/wp-json\/wp\/v2\/media?parent=351717"}],"wp:term":[{"taxonomy":"product_brand","embeddable":true,"href":"https:\/\/www.arclite-shop.de\/it\/wp-json\/wp\/v2\/product_brand?post=351717"},{"taxonomy":"product_cat","embeddable":true,"href":"https:\/\/www.arclite-shop.de\/it\/wp-json\/wp\/v2\/product_cat?post=351717"},{"taxonomy":"product_tag","embeddable":true,"href":"https:\/\/www.arclite-shop.de\/it\/wp-json\/wp\/v2\/product_tag?post=351717"}],"curies":[{"name":"wp","href":"https:\/\/api.w.org\/{rel}","templated":true}]}}