{"id":351661,"date":"2024-10-31T14:30:34","date_gmt":"2024-10-31T13:30:34","guid":{"rendered":"https:\/\/www.arclite-shop.de\/produkt\/02-4099854055713\/"},"modified":"2026-04-17T00:55:58","modified_gmt":"2026-04-16T22:55:58","slug":"02-4099854055713","status":"publish","type":"product","link":"https:\/\/www.arclite-shop.de\/it\/produkt\/02-4099854055713\/","title":{"rendered":"LED CLASSIC STICK S 11W 927 FR E27"},"content":{"rendered":"<p>Dimmbare LED &#8211; Lampen, klassische Stabform mit CRI 90. Produkteigenschaften: LED-Lampen f\u00fcr Netzspannung. Dimmbar. Farbwiedergabeindex R a : \u2265 90. Produktvorteile: Nat\u00fcrliches Lichtspektrum mit hervorragender Farbwiedergabe von CRI \u2265 90. Stark reduzierter Blauanteil. Verbesserter Sehkomfort und geringere Augenbelastung. Geringer Energieverbrauch. Formsch\u00f6nes Lampendesign. Anwendungsgebiete: Ideal f\u00fcr dekorative Einbauten. Anwendungen im Haushalt. Allgemeinbeleuchtung. Einsatz im Au\u00dfenbereich nur in geeigneten Au\u00dfenleuchten.<\/p>\n","protected":false},"excerpt":{"rendered":"<p>Dimmbare LED &#8211; Lampen, klassische Stabform mit CRI 90. Produkteigenschaften: LED-Lampen f\u00fcr Netzspannung. Dimmbar. Farbwiedergabeindex R a : \u2265 90. Produktvorteile: Nat\u00fcrliches Lichtspektrum mit hervorragender Farbwiedergabe von CRI \u2265 90. Stark reduzierter Blauanteil. Verbesserter Sehkomfort und geringere Augenbelastung. Geringer Energieverbrauch.<span class=\"excerpt-hellip\"> [\u2026]<\/span><\/p>\n","protected":false},"featured_media":365298,"template":"","meta":[],"product_brand":[],"product_cat":[87060],"product_tag":[],"class_list":{"0":"post-351661","1":"product","2":"type-product","3":"status-publish","4":"has-post-thumbnail","6":"product_cat-led-lampe-multi-led","8":"first","9":"instock","10":"taxable","11":"shipping-taxable","12":"product-type-simple"},"_links":{"self":[{"href":"https:\/\/www.arclite-shop.de\/it\/wp-json\/wp\/v2\/product\/351661","targetHints":{"allow":["GET"]}}],"collection":[{"href":"https:\/\/www.arclite-shop.de\/it\/wp-json\/wp\/v2\/product"}],"about":[{"href":"https:\/\/www.arclite-shop.de\/it\/wp-json\/wp\/v2\/types\/product"}],"wp:featuredmedia":[{"embeddable":true,"href":"https:\/\/www.arclite-shop.de\/it\/wp-json\/wp\/v2\/media\/365298"}],"wp:attachment":[{"href":"https:\/\/www.arclite-shop.de\/it\/wp-json\/wp\/v2\/media?parent=351661"}],"wp:term":[{"taxonomy":"product_brand","embeddable":true,"href":"https:\/\/www.arclite-shop.de\/it\/wp-json\/wp\/v2\/product_brand?post=351661"},{"taxonomy":"product_cat","embeddable":true,"href":"https:\/\/www.arclite-shop.de\/it\/wp-json\/wp\/v2\/product_cat?post=351661"},{"taxonomy":"product_tag","embeddable":true,"href":"https:\/\/www.arclite-shop.de\/it\/wp-json\/wp\/v2\/product_tag?post=351661"}],"curies":[{"name":"wp","href":"https:\/\/api.w.org\/{rel}","templated":true}]}}