{"id":351614,"date":"2024-10-31T14:29:59","date_gmt":"2024-10-31T13:29:59","guid":{"rendered":"https:\/\/www.arclite-shop.de\/produkt\/02-4099854048753\/"},"modified":"2026-04-17T01:02:57","modified_gmt":"2026-04-16T23:02:57","slug":"02-4099854048753","status":"publish","type":"product","link":"https:\/\/www.arclite-shop.de\/it\/produkt\/02-4099854048753\/","title":{"rendered":"Lampade speciali LED a presa doppia fronte dimmergibili"},"content":{"rendered":"<p>Dimmbare zweiseitig gesockelte LED-Speziallampen. Produkteigenschaften: Dimmbar (an vielen handels\u00fcblichen Dimmern, siehe auchwww.ledvance.de\/dim). LED-Alternative zu konventionellen R7s-Lampen. Gute Lichtqualit\u00e4t; Farbwiedergabeindex Ra: \u2265 80; konstanter Farbort. Produktvorteile: Passt in die meisten R7s Leuchten durch nicht-mittige Sockel. Gute Rundum-Lichtausstrahlung. Geringere W\u00e4rmeentwicklung (gegen\u00fcber dem Standardreferenzprodukt). F\u00fcnf Jahre Garantie. Anwendungsgebiete: Allgemeinbeleuchtung bei Umgebungstemperaturen von -20\u2026+40 \u00b0C. Gastronomie. Anwendungen im Haushalt. Einsatz im Au\u00dfenbereich nur in geeigneten Au\u00dfenleuchten.<\/p>\n","protected":false},"excerpt":{"rendered":"<p>Dimmbare zweiseitig gesockelte LED-Speziallampen. Produkteigenschaften: Dimmbar (an vielen handels\u00fcblichen Dimmern, siehe auchwww.ledvance.de\/dim). LED-Alternative zu konventionellen R7s-Lampen. Gute Lichtqualit\u00e4t; Farbwiedergabeindex Ra: \u2265 80; konstanter Farbort. Produktvorteile: Passt in die meisten R7s Leuchten durch nicht-mittige Sockel. Gute Rundum-Lichtausstrahlung. Geringere W\u00e4rmeentwicklung (gegen\u00fcber dem<span class=\"excerpt-hellip\"> [\u2026]<\/span><\/p>\n","protected":false},"featured_media":279576,"template":"","meta":[],"product_brand":[],"product_cat":[87060],"product_tag":[],"class_list":{"0":"post-351614","1":"product","2":"type-product","3":"status-publish","4":"has-post-thumbnail","6":"product_cat-led-lampe-multi-led","8":"first","9":"outofstock","10":"taxable","11":"shipping-taxable","12":"product-type-simple"},"_links":{"self":[{"href":"https:\/\/www.arclite-shop.de\/it\/wp-json\/wp\/v2\/product\/351614","targetHints":{"allow":["GET"]}}],"collection":[{"href":"https:\/\/www.arclite-shop.de\/it\/wp-json\/wp\/v2\/product"}],"about":[{"href":"https:\/\/www.arclite-shop.de\/it\/wp-json\/wp\/v2\/types\/product"}],"wp:featuredmedia":[{"embeddable":true,"href":"https:\/\/www.arclite-shop.de\/it\/wp-json\/wp\/v2\/media\/279576"}],"wp:attachment":[{"href":"https:\/\/www.arclite-shop.de\/it\/wp-json\/wp\/v2\/media?parent=351614"}],"wp:term":[{"taxonomy":"product_brand","embeddable":true,"href":"https:\/\/www.arclite-shop.de\/it\/wp-json\/wp\/v2\/product_brand?post=351614"},{"taxonomy":"product_cat","embeddable":true,"href":"https:\/\/www.arclite-shop.de\/it\/wp-json\/wp\/v2\/product_cat?post=351614"},{"taxonomy":"product_tag","embeddable":true,"href":"https:\/\/www.arclite-shop.de\/it\/wp-json\/wp\/v2\/product_tag?post=351614"}],"curies":[{"name":"wp","href":"https:\/\/api.w.org\/{rel}","templated":true}]}}