{"id":351426,"date":"2024-10-31T14:27:43","date_gmt":"2024-10-31T13:27:43","guid":{"rendered":"https:\/\/www.arclite-shop.de\/produkt\/02-4099854026317\/"},"modified":"2026-04-17T02:12:04","modified_gmt":"2026-04-17T00:12:04","slug":"02-4099854026317","status":"publish","type":"product","link":"https:\/\/www.arclite-shop.de\/it\/produkt\/02-4099854026317\/","title":{"rendered":"Tubi LED per zavorra elettroniche (ECG), zavorre elettromagnetiche (KVG\/VVG) e tensione di rete"},"content":{"rendered":"<p>LED-R\u00f6hren f\u00fcr elektronische Vorschaltger\u00e4te (EVG), elektromagnetische Vorschaltger\u00e4te (KVG) und Netzspannung. Produkteigenschaften: LED-Ersatz f\u00fcr herk\u00f6mmliche T8-Leuchtstofflampen mit G13 Sockel in KVG, EVG Leuchten. Kompatibel mit konventionellen und vielen handels\u00fcblichen elektronischen Vorschaltger\u00e4ten (siehe auchKompatibilit\u00e4tsliste) und Netzspannung. Flimmerarm nach EU 2019\/2020 (SVM \u22640,4 \/ PstLM \u2264 1). R\u00f6hre aus Glas. Homogene Ausleuchtung. Quecksilberfrei und RoHS-konform. Schutzart: IP20. Lebensdauer: bis zu 30.000 h. Produktvorteile: Kein Durchh\u00e4ngen dank Glastechnik. Einfacher, schneller und sicherer Lampenaustausch ohne Umverdrahtung. Energieeinsparung von bis zu 59 % (gegen\u00fcber T8 Leuchtstofflampe). Sehr hohe Schaltfestigkeit. Auch geeignet f\u00fcr den Betrieb bei niedrigen Temperaturen. Volle Helligkeit ohne Aufw\u00e4rmphase, deswegen ideal geeignet in Kombination mit Sensorik. Anwendungsgebiete: Allgemeinbeleuchtung in Umgebungstemperaturen von -20\u2026+45 \u00b0C. Korridore, Treppen- und Parkh\u00e4user. Industrie. Lagerh\u00e4user. K\u00fchl- und Lagerr\u00e4ume. Anwendungen im Haushalt. Superm\u00e4rkte und Warenh\u00e4user.<\/p>\n","protected":false},"excerpt":{"rendered":"<p>LED-R\u00f6hren f\u00fcr elektronische Vorschaltger\u00e4te (EVG), elektromagnetische Vorschaltger\u00e4te (KVG) und Netzspannung. Produkteigenschaften: LED-Ersatz f\u00fcr herk\u00f6mmliche T8-Leuchtstofflampen mit G13 Sockel in KVG, EVG Leuchten. Kompatibel mit konventionellen und vielen handels\u00fcblichen elektronischen Vorschaltger\u00e4ten (siehe auchKompatibilit\u00e4tsliste) und Netzspannung. Flimmerarm nach EU 2019\/2020 (SVM \u22640,4<span class=\"excerpt-hellip\"> [\u2026]<\/span><\/p>\n","protected":false},"featured_media":365470,"template":"","meta":[],"product_brand":[],"product_cat":[87060],"product_tag":[],"class_list":{"0":"post-351426","1":"product","2":"type-product","3":"status-publish","4":"has-post-thumbnail","6":"product_cat-led-lampe-multi-led","8":"first","9":"instock","10":"taxable","11":"shipping-taxable","12":"product-type-simple"},"_links":{"self":[{"href":"https:\/\/www.arclite-shop.de\/it\/wp-json\/wp\/v2\/product\/351426","targetHints":{"allow":["GET"]}}],"collection":[{"href":"https:\/\/www.arclite-shop.de\/it\/wp-json\/wp\/v2\/product"}],"about":[{"href":"https:\/\/www.arclite-shop.de\/it\/wp-json\/wp\/v2\/types\/product"}],"wp:featuredmedia":[{"embeddable":true,"href":"https:\/\/www.arclite-shop.de\/it\/wp-json\/wp\/v2\/media\/365470"}],"wp:attachment":[{"href":"https:\/\/www.arclite-shop.de\/it\/wp-json\/wp\/v2\/media?parent=351426"}],"wp:term":[{"taxonomy":"product_brand","embeddable":true,"href":"https:\/\/www.arclite-shop.de\/it\/wp-json\/wp\/v2\/product_brand?post=351426"},{"taxonomy":"product_cat","embeddable":true,"href":"https:\/\/www.arclite-shop.de\/it\/wp-json\/wp\/v2\/product_cat?post=351426"},{"taxonomy":"product_tag","embeddable":true,"href":"https:\/\/www.arclite-shop.de\/it\/wp-json\/wp\/v2\/product_tag?post=351426"}],"curies":[{"name":"wp","href":"https:\/\/api.w.org\/{rel}","templated":true}]}}