{"id":351400,"date":"2024-10-31T14:27:24","date_gmt":"2024-10-31T13:27:24","guid":{"rendered":"https:\/\/www.arclite-shop.de\/produkt\/02-4099854017742\/"},"modified":"2026-04-17T02:29:17","modified_gmt":"2026-04-17T00:29:17","slug":"02-4099854017742","status":"publish","type":"product","link":"https:\/\/www.arclite-shop.de\/it\/produkt\/02-4099854017742\/","title":{"rendered":"Lampadari quadrati incassati, per sistemi a soffitto da 600 x 600 mm"},"content":{"rendered":"<p>Quadratische Einlege-Leuchten, f\u00fcr 600 x 600 mm Deckensysteme. Produkteigenschaften: Rahmen aus stranggepresstem Aluminium. Polystyrol-Diffuser. Lebensdauer (L80\/B10): bis zu 50.000 h (bei 25 \u00b0C). Produktvorteile: Flimmerarmes Licht dank speziellem elektronischen Vorschaltger\u00e4t. Energieeinsparung dank Systemlichtausbeute von bis zu 110 lm\/W. Externer Treiber f\u00fcr erweiterte Flexibilit\u00e4t und einfache Installation. Version mit DALI-EVG verf\u00fcgbar. 5 Jahre Garantie. Anwendungsgebiete: Direkter Ersatz f\u00fcr Leuchten mit Leuchtstofflampen. B\u00fcror\u00e4ume, Konferenzr\u00e4ume. Empfangsbereiche, Eingangsbereiche, Korridore, Aufz\u00fcge. Geeignet f\u00fcr Deckeneinbausysteme mit einem Rasterma\u00df von 600 x 600 mm. Technische Ausstattung: Zubeh\u00f6r f\u00fcr verschiedene Einbaum\u00f6glichkeiten erh\u00e4ltlich. Sicherungsseil f\u00fcr Leuchten enthalten. Sicherheitsklemmen vormontiert. Externes Vorschaltger\u00e4t enthalten. Geeignet f\u00fcr den Betrieb mit Emergency Conversion Box. Anschlussbox mit 5-poliger Klemme zur Durchverdrahtung f\u00fcr Kabelquerschnitte bis zu 2,5 mm\u00b2 separat erh\u00e4ltlich.<\/p>\n","protected":false},"excerpt":{"rendered":"<p>Quadratische Einlege-Leuchten, f\u00fcr 600 x 600 mm Deckensysteme. Produkteigenschaften: Rahmen aus stranggepresstem Aluminium. Polystyrol-Diffuser. Lebensdauer (L80\/B10): bis zu 50.000 h (bei 25 \u00b0C). Produktvorteile: Flimmerarmes Licht dank speziellem elektronischen Vorschaltger\u00e4t. Energieeinsparung dank Systemlichtausbeute von bis zu 110 lm\/W. Externer Treiber<span class=\"excerpt-hellip\"> [\u2026]<\/span><\/p>\n","protected":false},"featured_media":408967,"template":"","meta":[],"product_brand":[],"product_cat":[87052],"product_tag":[],"class_list":{"0":"post-351400","1":"product","2":"type-product","3":"status-publish","4":"has-post-thumbnail","6":"product_cat-decken-wandleuchte","8":"first","9":"instock","10":"taxable","11":"shipping-taxable","12":"product-type-simple"},"_links":{"self":[{"href":"https:\/\/www.arclite-shop.de\/it\/wp-json\/wp\/v2\/product\/351400","targetHints":{"allow":["GET"]}}],"collection":[{"href":"https:\/\/www.arclite-shop.de\/it\/wp-json\/wp\/v2\/product"}],"about":[{"href":"https:\/\/www.arclite-shop.de\/it\/wp-json\/wp\/v2\/types\/product"}],"wp:featuredmedia":[{"embeddable":true,"href":"https:\/\/www.arclite-shop.de\/it\/wp-json\/wp\/v2\/media\/408967"}],"wp:attachment":[{"href":"https:\/\/www.arclite-shop.de\/it\/wp-json\/wp\/v2\/media?parent=351400"}],"wp:term":[{"taxonomy":"product_brand","embeddable":true,"href":"https:\/\/www.arclite-shop.de\/it\/wp-json\/wp\/v2\/product_brand?post=351400"},{"taxonomy":"product_cat","embeddable":true,"href":"https:\/\/www.arclite-shop.de\/it\/wp-json\/wp\/v2\/product_cat?post=351400"},{"taxonomy":"product_tag","embeddable":true,"href":"https:\/\/www.arclite-shop.de\/it\/wp-json\/wp\/v2\/product_tag?post=351400"}],"curies":[{"name":"wp","href":"https:\/\/api.w.org\/{rel}","templated":true}]}}