{"id":351334,"date":"2024-10-31T14:26:36","date_gmt":"2024-10-31T13:26:36","guid":{"rendered":"https:\/\/www.arclite-shop.de\/produkt\/02-4099854013478\/"},"modified":"2026-04-17T05:44:46","modified_gmt":"2026-04-17T03:44:46","slug":"02-4099854013478","status":"publish","type":"product","link":"https:\/\/www.arclite-shop.de\/it\/produkt\/02-4099854013478\/","title":{"rendered":"Distanziatori per aumentare la distanza tra il punto e il materiale termico isolante"},"content":{"rendered":"<p>Abstandshalter zur Vergr\u00f6\u00dferung des Abstands zwischen Spot und W\u00e4rmed\u00e4mmmaterial. Produkteigenschaften: Material: faserverst\u00e4rktes Polyamid PA66. Gl\u00fchdrahtpr\u00fcfung nach IEC 60695-2-12: 850 \u00b0C. Nur f\u00fcr LEDVANCE SPOTs mit 68 mm Einbaudurchmesser geeignet. Produktvorteile: Abstand zwischen Spotlight und W\u00e4rmed\u00e4mmmaterial erh\u00f6hen. Sch\u00fctzt die Dampfsperren-Folie vor der hei\u00dfen Oberfl\u00e4che von Spotlight und Betriebsger\u00e4t. Robust: 4-Fu\u00df-Distanzhalter h\u00e4lt das Gewicht des W\u00e4rmed\u00e4mmmaterials. Verbesserte Lebensdauer f\u00fcr LED und Betriebsger\u00e4t dank erh\u00f6htem Luftvolumen. Anwendungsgebiete: Decken in Niedrigenergieh\u00e4usern. Ged\u00e4mmte Zwischendecken.<\/p>\n","protected":false},"excerpt":{"rendered":"<p>Abstandshalter zur Vergr\u00f6\u00dferung des Abstands zwischen Spot und W\u00e4rmed\u00e4mmmaterial. Produkteigenschaften: Material: faserverst\u00e4rktes Polyamid PA66. Gl\u00fchdrahtpr\u00fcfung nach IEC 60695-2-12: 850 \u00b0C. Nur f\u00fcr LEDVANCE SPOTs mit 68 mm Einbaudurchmesser geeignet. Produktvorteile: Abstand zwischen Spotlight und W\u00e4rmed\u00e4mmmaterial erh\u00f6hen. Sch\u00fctzt die Dampfsperren-Folie vor<span class=\"excerpt-hellip\"> [\u2026]<\/span><\/p>\n","protected":false},"featured_media":365486,"template":"","meta":[],"product_brand":[],"product_cat":[87054],"product_tag":[],"class_list":{"0":"post-351334","1":"product","2":"type-product","3":"status-publish","4":"has-post-thumbnail","6":"product_cat-mechanisches-zubehoer-ersatzteile-fuer-leuchten-ledvance","8":"first","9":"instock","10":"taxable","11":"shipping-taxable","12":"product-type-simple"},"_links":{"self":[{"href":"https:\/\/www.arclite-shop.de\/it\/wp-json\/wp\/v2\/product\/351334","targetHints":{"allow":["GET"]}}],"collection":[{"href":"https:\/\/www.arclite-shop.de\/it\/wp-json\/wp\/v2\/product"}],"about":[{"href":"https:\/\/www.arclite-shop.de\/it\/wp-json\/wp\/v2\/types\/product"}],"wp:featuredmedia":[{"embeddable":true,"href":"https:\/\/www.arclite-shop.de\/it\/wp-json\/wp\/v2\/media\/365486"}],"wp:attachment":[{"href":"https:\/\/www.arclite-shop.de\/it\/wp-json\/wp\/v2\/media?parent=351334"}],"wp:term":[{"taxonomy":"product_brand","embeddable":true,"href":"https:\/\/www.arclite-shop.de\/it\/wp-json\/wp\/v2\/product_brand?post=351334"},{"taxonomy":"product_cat","embeddable":true,"href":"https:\/\/www.arclite-shop.de\/it\/wp-json\/wp\/v2\/product_cat?post=351334"},{"taxonomy":"product_tag","embeddable":true,"href":"https:\/\/www.arclite-shop.de\/it\/wp-json\/wp\/v2\/product_tag?post=351334"}],"curies":[{"name":"wp","href":"https:\/\/api.w.org\/{rel}","templated":true}]}}