{"id":351298,"date":"2024-10-31T14:26:09","date_gmt":"2024-10-31T13:26:09","guid":{"rendered":"https:\/\/www.arclite-shop.de\/produkt\/02-4062172224642\/"},"modified":"2026-04-17T06:42:26","modified_gmt":"2026-04-17T04:42:26","slug":"02-4062172224642","status":"publish","type":"product","link":"https:\/\/www.arclite-shop.de\/it\/produkt\/02-4062172224642\/","title":{"rendered":"Lichtmanagementsysteme"},"content":{"rendered":"<p>Lichtmanagementsysteme. Produkteigenschaften: Schaltkontaktbelastung: 250 V\/6 A (10 1-lampige oder 5 2-lampige dimmbare EVG). Abdeckung und Drehknopf in cremewei\u00df. Produktvorteile: Intuitives manuelles Dimmen und Schalten. Individuelle Einstellung der minimalen Helligkeitsstufe. Anwendungsgebiete: Konferenzr\u00e4ume. Restaurants. Shopbeleuchtung. Technische Ausstattung: Geeignet f\u00fcr bis zu 50 elektronische Vorschaltger\u00e4te (externer Lastkontakt erforderlich). Flexible Erweiterung \u00fcber externen Lastkontakt und \u00fcber Signalverst\u00e4rker DIM SA. Abdeckung und Drehknopf im Lieferumfang.<\/p>\n","protected":false},"excerpt":{"rendered":"<p>Lichtmanagementsysteme. Produkteigenschaften: Schaltkontaktbelastung: 250 V\/6 A (10 1-lampige oder 5 2-lampige dimmbare EVG). Abdeckung und Drehknopf in cremewei\u00df. Produktvorteile: Intuitives manuelles Dimmen und Schalten. Individuelle Einstellung der minimalen Helligkeitsstufe. Anwendungsgebiete: Konferenzr\u00e4ume. Restaurants. Shopbeleuchtung. Technische Ausstattung: Geeignet f\u00fcr bis zu 50<span class=\"excerpt-hellip\"> [\u2026]<\/span><\/p>\n","protected":false},"featured_media":309206,"template":"","meta":[],"product_brand":[],"product_cat":[87015],"product_tag":[],"class_list":{"0":"post-351298","1":"product","2":"type-product","3":"status-publish","4":"has-post-thumbnail","6":"product_cat-lichtregelsystemkomponente-ledvance","8":"first","9":"instock","10":"taxable","11":"shipping-taxable","12":"product-type-simple"},"_links":{"self":[{"href":"https:\/\/www.arclite-shop.de\/it\/wp-json\/wp\/v2\/product\/351298","targetHints":{"allow":["GET"]}}],"collection":[{"href":"https:\/\/www.arclite-shop.de\/it\/wp-json\/wp\/v2\/product"}],"about":[{"href":"https:\/\/www.arclite-shop.de\/it\/wp-json\/wp\/v2\/types\/product"}],"wp:featuredmedia":[{"embeddable":true,"href":"https:\/\/www.arclite-shop.de\/it\/wp-json\/wp\/v2\/media\/309206"}],"wp:attachment":[{"href":"https:\/\/www.arclite-shop.de\/it\/wp-json\/wp\/v2\/media?parent=351298"}],"wp:term":[{"taxonomy":"product_brand","embeddable":true,"href":"https:\/\/www.arclite-shop.de\/it\/wp-json\/wp\/v2\/product_brand?post=351298"},{"taxonomy":"product_cat","embeddable":true,"href":"https:\/\/www.arclite-shop.de\/it\/wp-json\/wp\/v2\/product_cat?post=351298"},{"taxonomy":"product_tag","embeddable":true,"href":"https:\/\/www.arclite-shop.de\/it\/wp-json\/wp\/v2\/product_tag?post=351298"}],"curies":[{"name":"wp","href":"https:\/\/api.w.org\/{rel}","templated":true}]}}