{"id":351294,"date":"2024-10-31T14:26:06","date_gmt":"2024-10-31T13:26:06","guid":{"rendered":"https:\/\/www.arclite-shop.de\/produkt\/02-4062172166010\/"},"modified":"2026-04-17T06:43:01","modified_gmt":"2026-04-17T04:43:01","slug":"02-4062172166010","status":"publish","type":"product","link":"https:\/\/www.arclite-shop.de\/it\/produkt\/02-4062172166010\/","title":{"rendered":"Tensione costante - interno - dimmerabile"},"content":{"rendered":"<p>Konstantspannung &#8211; Innenbereich &#8211; dimmbar. Produkteigenschaften: Intelligenter digitaler Dimmer (DALI) mit konstanter Ausgangsspannung. Dimmbereich: 0\u2026100 %. Ger\u00e4t auch f\u00fcr Spezialanwendungen, die Dimmniveau unter 1 % erfordern, geeignet. . Produktvorteile: Sehr pr\u00e4zises Dimmen dank digitaler Lichtsteuerung. . Anwendungsgebiete: Geeignet f\u00fcr Installationen im Innenbereich. Unabh\u00e4ngige Installation (Deckeneinbau). .<\/p>\n","protected":false},"excerpt":{"rendered":"<p>Konstantspannung &#8211; Innenbereich &#8211; dimmbar. Produkteigenschaften: Intelligenter digitaler Dimmer (DALI) mit konstanter Ausgangsspannung. Dimmbereich: 0\u2026100 %. Ger\u00e4t auch f\u00fcr Spezialanwendungen, die Dimmniveau unter 1 % erfordern, geeignet. . Produktvorteile: Sehr pr\u00e4zises Dimmen dank digitaler Lichtsteuerung. . Anwendungsgebiete: Geeignet f\u00fcr Installationen<span class=\"excerpt-hellip\"> [\u2026]<\/span><\/p>\n","protected":false},"featured_media":309209,"template":"","meta":[],"product_brand":[],"product_cat":[87021],"product_tag":[],"class_list":{"0":"post-351294","1":"product","2":"type-product","3":"status-publish","4":"has-post-thumbnail","6":"product_cat-led-betriebsgeraet-ledvance","8":"first","9":"outofstock","10":"taxable","11":"shipping-taxable","12":"product-type-simple"},"_links":{"self":[{"href":"https:\/\/www.arclite-shop.de\/it\/wp-json\/wp\/v2\/product\/351294","targetHints":{"allow":["GET"]}}],"collection":[{"href":"https:\/\/www.arclite-shop.de\/it\/wp-json\/wp\/v2\/product"}],"about":[{"href":"https:\/\/www.arclite-shop.de\/it\/wp-json\/wp\/v2\/types\/product"}],"wp:featuredmedia":[{"embeddable":true,"href":"https:\/\/www.arclite-shop.de\/it\/wp-json\/wp\/v2\/media\/309209"}],"wp:attachment":[{"href":"https:\/\/www.arclite-shop.de\/it\/wp-json\/wp\/v2\/media?parent=351294"}],"wp:term":[{"taxonomy":"product_brand","embeddable":true,"href":"https:\/\/www.arclite-shop.de\/it\/wp-json\/wp\/v2\/product_brand?post=351294"},{"taxonomy":"product_cat","embeddable":true,"href":"https:\/\/www.arclite-shop.de\/it\/wp-json\/wp\/v2\/product_cat?post=351294"},{"taxonomy":"product_tag","embeddable":true,"href":"https:\/\/www.arclite-shop.de\/it\/wp-json\/wp\/v2\/product_tag?post=351294"}],"curies":[{"name":"wp","href":"https:\/\/api.w.org\/{rel}","templated":true}]}}