{"id":351280,"date":"2024-10-31T14:25:56","date_gmt":"2024-10-31T13:25:56","guid":{"rendered":"https:\/\/www.arclite-shop.de\/produkt\/02-4062172061889\/"},"modified":"2026-04-17T06:45:32","modified_gmt":"2026-04-17T04:45:32","slug":"02-4062172061889","status":"publish","type":"product","link":"https:\/\/www.arclite-shop.de\/it\/produkt\/02-4062172061889\/","title":{"rendered":"Driver LED a corrente costante compatti"},"content":{"rendered":"<p>Compact constant current LED drivers. Produkteigenschaften: Versorgungsspannung: 220\u2026240 V. Netzfrequenz: 0 Hz | 50 Hz | 60 Hz. Netzspannung: 198\u2026264 V. Nach EN 61347-1, 61347-2-13, 62384. Funkentst\u00f6rung: nach EN 55015\/CISPR 15. St\u00f6rfestigkeit nach EN 61547. Lebensdauer: bis zu 100.000 h. Schutzart: IP20. . Produktvorteile: Vielseitiger DALI-Weitbereichstreiber durch flexible Ausgangscharakteristik. Sperren und Entsperren von Leuchten\/Treiberdaten. Erweiterte Leuchten\/Treiberdaten (Leistung, Energie, Betriebsstunden, etc.) f\u00fcr Analyse. DALI-2 &#8211; zertifiziert, inkl. Parts 251, 252, 253. Einfache und schnelle Ausgangsstromeinstellung mithilfe von NFC. Sehr hohe Effizienz. Hochqualitatives Dimmen von 1\u2026100 % durch Amplituden-Dimmen. Vielseitiger Anwendungsbereich durch OSRAM DALI Technologie:<br \/>\nGeeignet f\u00fcr Notlichtinstallationen (gem.EN 60598-2-22 und IEC 61347-2-13, Anhang J) dank DC-Erkennung (0 Hz, pulsierender DC), ein-\/ausschaltbar. R\u00fcckmeldung des Leistungsverbrauchs und Betriebsstunden (Fit for SMART GRID). Geeignet f\u00fcr Geb\u00e4ude gem\u00e4\u00df EPBD\/BREEAM\/LEED durch automatische Constant Lumen Output-Einstellung. . Anwendungsgebiete: Einbau in Notbeleuchtungsanlagen gem\u00e4\u00df IEC 61347-2-13, Anhang J. F\u00fcr den Einsatz in Leuchten mit flexibler Stromeinstellung geeignet. Geeignet f\u00fcr SELV-Installationen im Innenbereich. Geeignet f\u00fcr Leuchten der Schutzklasse I und II. Geeignet f\u00fcr Downlights, Strahler und LED-Paneele. Einbau \u00fcber Cable Clamp Kit m\u00f6glich (abh\u00e4ngig von Produktversion). .<\/p>\n","protected":false},"excerpt":{"rendered":"<p>Compact constant current LED drivers. Produkteigenschaften: Versorgungsspannung: 220\u2026240 V. Netzfrequenz: 0 Hz | 50 Hz | 60 Hz. Netzspannung: 198\u2026264 V. Nach EN 61347-1, 61347-2-13, 62384. Funkentst\u00f6rung: nach EN 55015\/CISPR 15. St\u00f6rfestigkeit nach EN 61547. Lebensdauer: bis zu 100.000 h.<span class=\"excerpt-hellip\"> [\u2026]<\/span><\/p>\n","protected":false},"featured_media":309239,"template":"","meta":[],"product_brand":[],"product_cat":[87021],"product_tag":[],"class_list":{"0":"post-351280","1":"product","2":"type-product","3":"status-publish","4":"has-post-thumbnail","6":"product_cat-led-betriebsgeraet-ledvance","8":"first","9":"outofstock","10":"taxable","11":"shipping-taxable","12":"product-type-simple"},"_links":{"self":[{"href":"https:\/\/www.arclite-shop.de\/it\/wp-json\/wp\/v2\/product\/351280","targetHints":{"allow":["GET"]}}],"collection":[{"href":"https:\/\/www.arclite-shop.de\/it\/wp-json\/wp\/v2\/product"}],"about":[{"href":"https:\/\/www.arclite-shop.de\/it\/wp-json\/wp\/v2\/types\/product"}],"wp:featuredmedia":[{"embeddable":true,"href":"https:\/\/www.arclite-shop.de\/it\/wp-json\/wp\/v2\/media\/309239"}],"wp:attachment":[{"href":"https:\/\/www.arclite-shop.de\/it\/wp-json\/wp\/v2\/media?parent=351280"}],"wp:term":[{"taxonomy":"product_brand","embeddable":true,"href":"https:\/\/www.arclite-shop.de\/it\/wp-json\/wp\/v2\/product_brand?post=351280"},{"taxonomy":"product_cat","embeddable":true,"href":"https:\/\/www.arclite-shop.de\/it\/wp-json\/wp\/v2\/product_cat?post=351280"},{"taxonomy":"product_tag","embeddable":true,"href":"https:\/\/www.arclite-shop.de\/it\/wp-json\/wp\/v2\/product_tag?post=351280"}],"curies":[{"name":"wp","href":"https:\/\/api.w.org\/{rel}","templated":true}]}}