{"id":351275,"date":"2024-10-31T14:25:53","date_gmt":"2024-10-31T13:25:53","guid":{"rendered":"https:\/\/www.arclite-shop.de\/produkt\/02-4062172020008\/"},"modified":"2026-04-17T06:45:56","modified_gmt":"2026-04-17T04:45:56","slug":"02-4062172020008","status":"publish","type":"product","link":"https:\/\/www.arclite-shop.de\/it\/produkt\/02-4062172020008\/","title":{"rendered":"VIVARES DALI - il sistema di gestione della luce IoT cablato"},"content":{"rendered":"<p>VIVARES DALI &#8211; das verdrahtete IOT Lichtmanagementsystem. Produkteigenschaften: Vollst\u00e4ndig mit der ETS-Software konfigurierbar und kann bis zu 250 Gruppenobjekte verarbeiten. Spannungsversorgung mittels KNX Bus, kein dezidiertes Ger\u00e4t ben\u00f6tigt. KNX Programmierinterface gem\u00e4\u00df KNXnet\/IP Spezifikation. LEDs zeigen verschiedene Arbeitsmodi und Kommunikationsfehler auf LAN und KNX Bus an. Taster f\u00fcr Diagnosefunktionalit\u00e4t. . Produktvorteile: Bi-direktionale Kommunikation zwischen KNX und kompatiblen OSRAM LMS und Sensoren. In Kombination mit DALI Professional, App-Steuerung zus\u00e4tzlich zu KNX m\u00f6glich. Mit DALI Professional, sind DALI Sensor Information im KNX verf\u00fcgbar. In Verbindung mit DALI Professional wird eine solide und einfache Lichtregelung erm\u00f6glicht. In Kombination mit DALI Professional HCL, sind RGB-L\u00f6sungen in KNX m\u00f6glich. . Anwendungsgebiete: Industrie mit hervorragender Lichtregelung, auch im Hochregallagerbereich. Office mit High-End-HCL-Funktionalit\u00e4t. Repr\u00e4sentative Bereiche mit mehrfarbigen Effekten und Tunable White. Shop und Einzelhandel mit farbigem und Tunable White gesteuerter Beleuchtung. Gesundheitswesen und Hotellerie mit HCL-Funktionalit\u00e4t. .<\/p>\n","protected":false},"excerpt":{"rendered":"<p>VIVARES DALI &#8211; das verdrahtete IOT Lichtmanagementsystem. Produkteigenschaften: Vollst\u00e4ndig mit der ETS-Software konfigurierbar und kann bis zu 250 Gruppenobjekte verarbeiten. Spannungsversorgung mittels KNX Bus, kein dezidiertes Ger\u00e4t ben\u00f6tigt. KNX Programmierinterface gem\u00e4\u00df KNXnet\/IP Spezifikation. LEDs zeigen verschiedene Arbeitsmodi und Kommunikationsfehler auf<span class=\"excerpt-hellip\"> [\u2026]<\/span><\/p>\n","protected":false},"featured_media":339108,"template":"","meta":[],"product_brand":[],"product_cat":[87015],"product_tag":[],"class_list":{"0":"post-351275","1":"product","2":"type-product","3":"status-publish","4":"has-post-thumbnail","6":"product_cat-lichtregelsystemkomponente-ledvance","8":"first","9":"instock","10":"taxable","11":"shipping-taxable","12":"product-type-simple"},"_links":{"self":[{"href":"https:\/\/www.arclite-shop.de\/it\/wp-json\/wp\/v2\/product\/351275","targetHints":{"allow":["GET"]}}],"collection":[{"href":"https:\/\/www.arclite-shop.de\/it\/wp-json\/wp\/v2\/product"}],"about":[{"href":"https:\/\/www.arclite-shop.de\/it\/wp-json\/wp\/v2\/types\/product"}],"wp:featuredmedia":[{"embeddable":true,"href":"https:\/\/www.arclite-shop.de\/it\/wp-json\/wp\/v2\/media\/339108"}],"wp:attachment":[{"href":"https:\/\/www.arclite-shop.de\/it\/wp-json\/wp\/v2\/media?parent=351275"}],"wp:term":[{"taxonomy":"product_brand","embeddable":true,"href":"https:\/\/www.arclite-shop.de\/it\/wp-json\/wp\/v2\/product_brand?post=351275"},{"taxonomy":"product_cat","embeddable":true,"href":"https:\/\/www.arclite-shop.de\/it\/wp-json\/wp\/v2\/product_cat?post=351275"},{"taxonomy":"product_tag","embeddable":true,"href":"https:\/\/www.arclite-shop.de\/it\/wp-json\/wp\/v2\/product_tag?post=351275"}],"curies":[{"name":"wp","href":"https:\/\/api.w.org\/{rel}","templated":true}]}}