{"id":351254,"date":"2024-10-31T14:25:37","date_gmt":"2024-10-31T13:25:37","guid":{"rendered":"https:\/\/www.arclite-shop.de\/produkt\/02-4058075824072\/"},"modified":"2026-04-17T06:54:21","modified_gmt":"2026-04-17T04:54:21","slug":"02-4058075824072","status":"publish","type":"product","link":"https:\/\/www.arclite-shop.de\/it\/produkt\/02-4058075824072\/","title":{"rendered":"Tubi LED per la tensione di rete"},"content":{"rendered":"<p>LED-R\u00f6hren f\u00fcr Netzpannung. Produkteigenschaften: LED-Ersatz f\u00fcr Leuchtstofflampen mit G5-Sockel an Netzspannung. Lampenr\u00f6hre aus Glas mit Splitterschutz f\u00fcr Anwendungen z.B. in der Lebensmittelindustrie. Hohe Farbkonsistenz: \u2264 5 SDCM (Schwellwerteinheit). Lebensdauer: bis zu 50.000 h. Flimmerarm nach EU 2019\/2020 (SVM \u22640,4 \/ PstLM \u2264 1). Schutzart: IP20. Produktvorteile: Kein Durchh\u00e4ngen dank Glastechnik. Splitterschutz dank spezieller PET-Beschichtung. Hoher Lichtstrom f\u00fcr anspruchsvolle Beleuchtungsaufgaben. Anwendungsgebiete: Allgemeinbeleuchtung in Umgebungstemperaturen von -20\u2026+45 \u00b0C. B\u00fcros, \u00f6ffentliche Einrichtungen. Superm\u00e4rkte und Warenh\u00e4user. Industrie.<\/p>\n","protected":false},"excerpt":{"rendered":"<p>LED-R\u00f6hren f\u00fcr Netzpannung. Produkteigenschaften: LED-Ersatz f\u00fcr Leuchtstofflampen mit G5-Sockel an Netzspannung. Lampenr\u00f6hre aus Glas mit Splitterschutz f\u00fcr Anwendungen z.B. in der Lebensmittelindustrie. Hohe Farbkonsistenz: \u2264 5 SDCM (Schwellwerteinheit). Lebensdauer: bis zu 50.000 h. Flimmerarm nach EU 2019\/2020 (SVM \u22640,4 \/<span class=\"excerpt-hellip\"> [\u2026]<\/span><\/p>\n","protected":false},"featured_media":363521,"template":"","meta":[],"product_brand":[],"product_cat":[87060],"product_tag":[],"class_list":{"0":"post-351254","1":"product","2":"type-product","3":"status-publish","4":"has-post-thumbnail","6":"product_cat-led-lampe-multi-led","8":"first","9":"instock","10":"taxable","11":"shipping-taxable","12":"product-type-simple"},"_links":{"self":[{"href":"https:\/\/www.arclite-shop.de\/it\/wp-json\/wp\/v2\/product\/351254","targetHints":{"allow":["GET"]}}],"collection":[{"href":"https:\/\/www.arclite-shop.de\/it\/wp-json\/wp\/v2\/product"}],"about":[{"href":"https:\/\/www.arclite-shop.de\/it\/wp-json\/wp\/v2\/types\/product"}],"wp:featuredmedia":[{"embeddable":true,"href":"https:\/\/www.arclite-shop.de\/it\/wp-json\/wp\/v2\/media\/363521"}],"wp:attachment":[{"href":"https:\/\/www.arclite-shop.de\/it\/wp-json\/wp\/v2\/media?parent=351254"}],"wp:term":[{"taxonomy":"product_brand","embeddable":true,"href":"https:\/\/www.arclite-shop.de\/it\/wp-json\/wp\/v2\/product_brand?post=351254"},{"taxonomy":"product_cat","embeddable":true,"href":"https:\/\/www.arclite-shop.de\/it\/wp-json\/wp\/v2\/product_cat?post=351254"},{"taxonomy":"product_tag","embeddable":true,"href":"https:\/\/www.arclite-shop.de\/it\/wp-json\/wp\/v2\/product_tag?post=351254"}],"curies":[{"name":"wp","href":"https:\/\/api.w.org\/{rel}","templated":true}]}}