{"id":351151,"date":"2024-10-31T14:24:21","date_gmt":"2024-10-31T13:24:21","guid":{"rendered":"https:\/\/www.arclite-shop.de\/produkt\/02-4058075794108\/"},"modified":"2026-04-17T08:17:36","modified_gmt":"2026-04-17T06:17:36","slug":"02-4058075794108","status":"publish","type":"product","link":"https:\/\/www.arclite-shop.de\/it\/produkt\/02-4058075794108\/","title":{"rendered":"Tubi LED ad alte prestazioni per zavorra elettromagnetica (KVG\/VVG), protezione contro schegge"},"content":{"rendered":"<p>Leistungsstarke LED-R\u00f6hren f\u00fcr elektromagnetische Vorschaltger\u00e4te (KVG\/VVG), Splitterschutz. Produkteigenschaften: LED-Ersatz f\u00fcr herk\u00f6mmliche T8-Leuchtstofflampen mit G13 Sockel in KVG Leuchten oder an Netzspannung. Flimmerarm nach EU 2019\/2020 (SVM \u22640,4 \/ PstLM \u2264 1). Lampenr\u00f6hre aus Glas mit Splitterschutz f\u00fcr Anwendungen z.B. in der Lebensmittelindustrie. VDE-zertifiziert nach IEC62776. F\u00fcr besonders homogene Ausleuchtung. Lebensdauer: bis zu 75.000 h. Schutzart: IP20. Quecksilberfrei und RoHS-konform. Produktvorteile: Kein Durchh\u00e4ngen dank Glasr\u00f6hre. Splitterschutz dank spezieller PET-Beschichtung. Unterst\u00fctzen bei der Umsetzung der HACCP-Konzepte von der Produktion bis hin zur Warenpr\u00e4sentation. Sehr hohe Schaltfestigkeit. Hoher Lichtstrom f\u00fcr anspruchsvolle Beleuchtungsaufgaben. Einfacher, schneller und sicherer Lampenaustausch ohne Umverdrahtung. Energieeinsparung von bis zu 60 % (gegen\u00fcber T8 Leuchtstofflampe am KVG). Volle Helligkeit ohne Aufw\u00e4rmphase, deswegen ideal geeignet in Kombination mit Sensorik. Auch geeignet f\u00fcr den Betrieb bei niedrigen Temperaturen. Anwendungsgebiete: Allgemeinbeleuchtung in Umgebungstemperaturen von -20\u2026+50\u00b0C. Beleuchtung in industrieller Fertigung. Verkehrszonen und Korridore. Superm\u00e4rkte und Warenh\u00e4user. Industrie. Technische Ausstattung: Geeignet f\u00fcr den Betrieb mit verlustarmen und konventionellen Vorschaltger\u00e4ten.<\/p>\n","protected":false},"excerpt":{"rendered":"<p>Leistungsstarke LED-R\u00f6hren f\u00fcr elektromagnetische Vorschaltger\u00e4te (KVG\/VVG), Splitterschutz. Produkteigenschaften: LED-Ersatz f\u00fcr herk\u00f6mmliche T8-Leuchtstofflampen mit G13 Sockel in KVG Leuchten oder an Netzspannung. Flimmerarm nach EU 2019\/2020 (SVM \u22640,4 \/ PstLM \u2264 1). Lampenr\u00f6hre aus Glas mit Splitterschutz f\u00fcr Anwendungen z.B. in<span class=\"excerpt-hellip\"> [\u2026]<\/span><\/p>\n","protected":false},"featured_media":365634,"template":"","meta":[],"product_brand":[],"product_cat":[87060],"product_tag":[],"class_list":{"0":"post-351151","1":"product","2":"type-product","3":"status-publish","4":"has-post-thumbnail","6":"product_cat-led-lampe-multi-led","8":"first","9":"instock","10":"taxable","11":"shipping-taxable","12":"product-type-simple"},"_links":{"self":[{"href":"https:\/\/www.arclite-shop.de\/it\/wp-json\/wp\/v2\/product\/351151","targetHints":{"allow":["GET"]}}],"collection":[{"href":"https:\/\/www.arclite-shop.de\/it\/wp-json\/wp\/v2\/product"}],"about":[{"href":"https:\/\/www.arclite-shop.de\/it\/wp-json\/wp\/v2\/types\/product"}],"wp:featuredmedia":[{"embeddable":true,"href":"https:\/\/www.arclite-shop.de\/it\/wp-json\/wp\/v2\/media\/365634"}],"wp:attachment":[{"href":"https:\/\/www.arclite-shop.de\/it\/wp-json\/wp\/v2\/media?parent=351151"}],"wp:term":[{"taxonomy":"product_brand","embeddable":true,"href":"https:\/\/www.arclite-shop.de\/it\/wp-json\/wp\/v2\/product_brand?post=351151"},{"taxonomy":"product_cat","embeddable":true,"href":"https:\/\/www.arclite-shop.de\/it\/wp-json\/wp\/v2\/product_cat?post=351151"},{"taxonomy":"product_tag","embeddable":true,"href":"https:\/\/www.arclite-shop.de\/it\/wp-json\/wp\/v2\/product_tag?post=351151"}],"curies":[{"name":"wp","href":"https:\/\/api.w.org\/{rel}","templated":true}]}}