{"id":351143,"date":"2024-10-31T14:24:16","date_gmt":"2024-10-31T13:24:16","guid":{"rendered":"https:\/\/www.arclite-shop.de\/produkt\/02-4058075780408\/"},"modified":"2026-04-17T08:20:27","modified_gmt":"2026-04-17T06:20:27","slug":"02-4058075780408","status":"publish","type":"product","link":"https:\/\/www.arclite-shop.de\/it\/produkt\/02-4058075780408\/","title":{"rendered":"Sostituzione LED delle lampade HID per luci ad alta scala"},"content":{"rendered":"<p>LED-Ersatz von HID Lampen f\u00fcr Hallenleuchten. Produkteigenschaften: Schutzart: IP40. Hoher \u00dcberspannungsschutz: bis zu 4 kV (L-N). Produktvorteile: Direkter Ersatz f\u00fcr herk\u00f6mmliche HPD-Lampen dank KVG- und Z\u00fcndger\u00e4t-Kompatibilit\u00e4t. F\u00fcr h\u00f6chste Energieeffizienz geeignet f\u00fcr den Betrieb mit Netzspannung ohne Vorschaltger\u00e4t. Bis zu 68 % Energieersparnis beim Ersatz von herk\u00f6mmlichen HQI-Lampen. Effektives Thermomanagement f\u00fcr breiten Betriebstemperaturbereich. Geringer Wartungsaufwand durch lange Lebensdauer. Sofort 100 % Licht, keine Aufw\u00e4rmzeit. Anwendungsgebiete: LED-Alternative f\u00fcr Anwendungen mit hohem Lichtstrombedarf. Industrie- und Lagerareale. Au\u00dfenanwendungen nur in geeigneten Leuchten. Technische Ausstattung: Sicherungsseil f\u00fcr die Lampe enthalten.<\/p>\n","protected":false},"excerpt":{"rendered":"<p>LED-Ersatz von HID Lampen f\u00fcr Hallenleuchten. Produkteigenschaften: Schutzart: IP40. Hoher \u00dcberspannungsschutz: bis zu 4 kV (L-N). Produktvorteile: Direkter Ersatz f\u00fcr herk\u00f6mmliche HPD-Lampen dank KVG- und Z\u00fcndger\u00e4t-Kompatibilit\u00e4t. F\u00fcr h\u00f6chste Energieeffizienz geeignet f\u00fcr den Betrieb mit Netzspannung ohne Vorschaltger\u00e4t. Bis zu 68<span class=\"excerpt-hellip\"> [\u2026]<\/span><\/p>\n","protected":false},"featured_media":365652,"template":"","meta":[],"product_brand":[],"product_cat":[87060],"product_tag":[],"class_list":{"0":"post-351143","1":"product","2":"type-product","3":"status-publish","4":"has-post-thumbnail","6":"product_cat-led-lampe-multi-led","8":"first","9":"instock","10":"taxable","11":"shipping-taxable","12":"product-type-simple"},"_links":{"self":[{"href":"https:\/\/www.arclite-shop.de\/it\/wp-json\/wp\/v2\/product\/351143","targetHints":{"allow":["GET"]}}],"collection":[{"href":"https:\/\/www.arclite-shop.de\/it\/wp-json\/wp\/v2\/product"}],"about":[{"href":"https:\/\/www.arclite-shop.de\/it\/wp-json\/wp\/v2\/types\/product"}],"wp:featuredmedia":[{"embeddable":true,"href":"https:\/\/www.arclite-shop.de\/it\/wp-json\/wp\/v2\/media\/365652"}],"wp:attachment":[{"href":"https:\/\/www.arclite-shop.de\/it\/wp-json\/wp\/v2\/media?parent=351143"}],"wp:term":[{"taxonomy":"product_brand","embeddable":true,"href":"https:\/\/www.arclite-shop.de\/it\/wp-json\/wp\/v2\/product_brand?post=351143"},{"taxonomy":"product_cat","embeddable":true,"href":"https:\/\/www.arclite-shop.de\/it\/wp-json\/wp\/v2\/product_cat?post=351143"},{"taxonomy":"product_tag","embeddable":true,"href":"https:\/\/www.arclite-shop.de\/it\/wp-json\/wp\/v2\/product_tag?post=351143"}],"curies":[{"name":"wp","href":"https:\/\/api.w.org\/{rel}","templated":true}]}}