{"id":351134,"date":"2024-10-31T14:24:09","date_gmt":"2024-10-31T13:24:09","guid":{"rendered":"https:\/\/www.arclite-shop.de\/produkt\/02-4058075778634\/"},"modified":"2026-04-17T08:24:19","modified_gmt":"2026-04-17T06:24:19","slug":"02-4058075778634","status":"publish","type":"product","link":"https:\/\/www.arclite-shop.de\/it\/produkt\/02-4058075778634\/","title":{"rendered":"Classica forma di mini sfera con tecnologia WiFi"},"content":{"rendered":"<p>Klassische Miniballform mit WiFi-Technologie. Produkteigenschaften: Steuerbar \u00fcber LEDVANCE SMART+ WiFi App (ab Android\u2122\ufe0f 4.4 oder iOS 10.0). Steuerung \u00fcber Google Assistant oder Amazon Alexa m\u00f6glich. Netzwerkprotokoll: WiFi. Lichtfarbe \u00fcber Tunable White einstellbar: Warmwei\u00df bis Kaltwei\u00df (2.700\u20266.500 K). Dimmbar. Lebensdauer: bis zu 20.000 h. Produktvorteile: Drahtlose Steuerung \u00fcber App. Einfache Installation und Nutzung. Enth\u00e4lt kein Quecksilber. Anwendungsgebiete: Allgemeinbeleuchtung. Wohnr\u00e4ume. Gewerbe (Hotels, Bars, Boutiquen usw.). Einsatz im Au\u00dfenbereich nur in geeigneten Au\u00dfenleuchten.<\/p>\n","protected":false},"excerpt":{"rendered":"<p>Klassische Miniballform mit WiFi-Technologie. Produkteigenschaften: Steuerbar \u00fcber LEDVANCE SMART+ WiFi App (ab Android\u2122\ufe0f 4.4 oder iOS 10.0). Steuerung \u00fcber Google Assistant oder Amazon Alexa m\u00f6glich. Netzwerkprotokoll: WiFi. Lichtfarbe \u00fcber Tunable White einstellbar: Warmwei\u00df bis Kaltwei\u00df (2.700\u20266.500 K). Dimmbar. Lebensdauer: bis<span class=\"excerpt-hellip\"> [\u2026]<\/span><\/p>\n","protected":false},"featured_media":365664,"template":"","meta":[],"product_brand":[],"product_cat":[87060],"product_tag":[],"class_list":{"0":"post-351134","1":"product","2":"type-product","3":"status-publish","4":"has-post-thumbnail","6":"product_cat-led-lampe-multi-led","8":"first","9":"instock","10":"taxable","11":"shipping-taxable","12":"product-type-simple"},"_links":{"self":[{"href":"https:\/\/www.arclite-shop.de\/it\/wp-json\/wp\/v2\/product\/351134","targetHints":{"allow":["GET"]}}],"collection":[{"href":"https:\/\/www.arclite-shop.de\/it\/wp-json\/wp\/v2\/product"}],"about":[{"href":"https:\/\/www.arclite-shop.de\/it\/wp-json\/wp\/v2\/types\/product"}],"wp:featuredmedia":[{"embeddable":true,"href":"https:\/\/www.arclite-shop.de\/it\/wp-json\/wp\/v2\/media\/365664"}],"wp:attachment":[{"href":"https:\/\/www.arclite-shop.de\/it\/wp-json\/wp\/v2\/media?parent=351134"}],"wp:term":[{"taxonomy":"product_brand","embeddable":true,"href":"https:\/\/www.arclite-shop.de\/it\/wp-json\/wp\/v2\/product_brand?post=351134"},{"taxonomy":"product_cat","embeddable":true,"href":"https:\/\/www.arclite-shop.de\/it\/wp-json\/wp\/v2\/product_cat?post=351134"},{"taxonomy":"product_tag","embeddable":true,"href":"https:\/\/www.arclite-shop.de\/it\/wp-json\/wp\/v2\/product_tag?post=351134"}],"curies":[{"name":"wp","href":"https:\/\/api.w.org\/{rel}","templated":true}]}}