{"id":351083,"date":"2024-10-31T14:23:32","date_gmt":"2024-10-31T13:23:32","guid":{"rendered":"https:\/\/www.arclite-shop.de\/produkt\/02-4058075763425\/"},"modified":"2026-04-17T09:05:41","modified_gmt":"2026-04-17T07:05:41","slug":"02-4058075763425","status":"publish","type":"product","link":"https:\/\/www.arclite-shop.de\/it\/produkt\/02-4058075763425\/","title":{"rendered":"Camera Smart Globe Track &amp; Trace per esterni con presa E27"},"content":{"rendered":"<p>Outdoor Smart Camera Globe Track &amp; Trace mit E27 sockel. Produkteigenschaften: Steuerbar \u00fcber LEDVANCE SMART+ App (mit mindestens Android 6.0 oder iOS 11.0). Steuerung \u00fcber Google Assistant oder Amazon Alexa m\u00f6glich. Eingebaute Fernsprecheinrichtung und Alarm-Funktion. Kamera mit HD Live Bild \u00dcbertragung. Netzwerkprotokoll: WiFi. Schutzart: IP44. Kamera folgt den Bewegungen von Personen. 3-MP-Kamera. Sprechen Sie vom Handy zur Kamera. Automatischer Nachtmodus. Bewegungssensor mit Aktivit\u00e4tsplan. Automatische Aufzeichnung von Bewegungen (SD-Karte erforderlich). Produktvorteile: Einfache und schnelle Installation. Erh\u00f6htes Sicherheitsgef\u00fchl dank hoher Helligkeit. Die aufgezeichneten Daten werden auf der Speicherkarte oder im Cloud-Speicher des Ger\u00e4ts gespeichert. Hochwertige Materialien. Anwendungsgebiete: Au\u00dfenanwendung (IP44). Garagen. Eingangsbereiche. Technische Ausstattung: F\u00fcr die Steuerung \u00fcber LEDVANCE SMART + WiFi App ist ein Smartphone oder Tablet erforderlich. Keine Leuchtmittel enthalten. Inklusive Montageschrauben und D\u00fcbel. Speicherkarte ist nicht im Lieferumfang enthalten. Kompatibel mit SD-Kartentyp (SD\/SDHC\/SDXC). SD-Klasse empfohlen 120-160 MB\/s. Minimale Kartenkapazit\u00e4t 8 GB\/Maximum 128 GB.<\/p>\n","protected":false},"excerpt":{"rendered":"<p>Outdoor Smart Camera Globe Track &amp; Trace mit E27 sockel. Produkteigenschaften: Steuerbar \u00fcber LEDVANCE SMART+ App (mit mindestens Android 6.0 oder iOS 11.0). Steuerung \u00fcber Google Assistant oder Amazon Alexa m\u00f6glich. Eingebaute Fernsprecheinrichtung und Alarm-Funktion. Kamera mit HD Live Bild<span class=\"excerpt-hellip\"> [\u2026]<\/span><\/p>\n","protected":false},"featured_media":365742,"template":"","meta":[],"product_brand":[],"product_cat":[87052],"product_tag":[],"class_list":{"0":"post-351083","1":"product","2":"type-product","3":"status-publish","4":"has-post-thumbnail","6":"product_cat-decken-wandleuchte","8":"first","9":"instock","10":"taxable","11":"shipping-taxable","12":"product-type-simple"},"_links":{"self":[{"href":"https:\/\/www.arclite-shop.de\/it\/wp-json\/wp\/v2\/product\/351083","targetHints":{"allow":["GET"]}}],"collection":[{"href":"https:\/\/www.arclite-shop.de\/it\/wp-json\/wp\/v2\/product"}],"about":[{"href":"https:\/\/www.arclite-shop.de\/it\/wp-json\/wp\/v2\/types\/product"}],"wp:featuredmedia":[{"embeddable":true,"href":"https:\/\/www.arclite-shop.de\/it\/wp-json\/wp\/v2\/media\/365742"}],"wp:attachment":[{"href":"https:\/\/www.arclite-shop.de\/it\/wp-json\/wp\/v2\/media?parent=351083"}],"wp:term":[{"taxonomy":"product_brand","embeddable":true,"href":"https:\/\/www.arclite-shop.de\/it\/wp-json\/wp\/v2\/product_brand?post=351083"},{"taxonomy":"product_cat","embeddable":true,"href":"https:\/\/www.arclite-shop.de\/it\/wp-json\/wp\/v2\/product_cat?post=351083"},{"taxonomy":"product_tag","embeddable":true,"href":"https:\/\/www.arclite-shop.de\/it\/wp-json\/wp\/v2\/product_tag?post=351083"}],"curies":[{"name":"wp","href":"https:\/\/api.w.org\/{rel}","templated":true}]}}