{"id":350947,"date":"2024-10-31T14:21:54","date_gmt":"2024-10-31T13:21:54","guid":{"rendered":"https:\/\/www.arclite-shop.de\/produkt\/02-4058075729322\/"},"modified":"2026-04-17T11:08:08","modified_gmt":"2026-04-17T09:08:08","slug":"02-4058075729322","status":"publish","type":"product","link":"https:\/\/www.arclite-shop.de\/it\/produkt\/02-4058075729322\/","title":{"rendered":"Presa smart compatta da esterno controllabile tramite tecnologia ZigBee"},"content":{"rendered":"<p>Kompakte smarte Au\u00dfensteckdose \u00fcber ZigBee Technologie steuerbar. Produkteigenschaften: Steuerung \u00fcber kompatibles Smart-Home-System (Gateway und App) oder Ein-\/Aus-Taste am Ger\u00e4t. Steuerung \u00fcber Stimme m\u00f6glich: Google Assistant oder Amazon Alexa, abh\u00e4ngig vom genutzten Smart Home System. Hohe Schaltleistung: bis zu 3.680 W \/ 16 A. Netzwerkprotokoll: ZigBee 3.0. Schutzart: IP44. Zeitplanung. F\u00fcr vollen Funktionsumfang Verbindung mit einem kompatiblen Smart Home System (Gateway und App) notwendig. Produktvorteile: Integriert konventionelle Elektroger\u00e4te in kompatible Smart-Home-Systeme. Erm\u00f6glicht das Schalten von herk\u00f6mmlichen Leuchtmitteln und anderen elektrischen Ger\u00e4ten. Einfacher Anschluss elektrischer Ger\u00e4te \u00fcber Standardsteckdose. Mit IP44 geeignet f\u00fcr den Au\u00dfenbereich, gesch\u00fctzt gegen Spritzwasser. Anwendungsgebiete: Wo immer nicht-smarte Ger\u00e4te in ein kompatibles Smart-Home-System integeriert werden sollen. G\u00e4rten, Balkone und andere Au\u00dfenbereiche. Technische Ausstattung: Steuerung via app erfordert ein kompatibles Smart home System.<\/p>\n","protected":false},"excerpt":{"rendered":"<p>Kompakte smarte Au\u00dfensteckdose \u00fcber ZigBee Technologie steuerbar. Produkteigenschaften: Steuerung \u00fcber kompatibles Smart-Home-System (Gateway und App) oder Ein-\/Aus-Taste am Ger\u00e4t. Steuerung \u00fcber Stimme m\u00f6glich: Google Assistant oder Amazon Alexa, abh\u00e4ngig vom genutzten Smart Home System. Hohe Schaltleistung: bis zu 3.680 W<span class=\"excerpt-hellip\"> [\u2026]<\/span><\/p>\n","protected":false},"featured_media":365920,"template":"","meta":[],"product_brand":[],"product_cat":[87015],"product_tag":[],"class_list":{"0":"post-350947","1":"product","2":"type-product","3":"status-publish","4":"has-post-thumbnail","6":"product_cat-lichtregelsystemkomponente-ledvance","8":"first","9":"instock","10":"taxable","11":"shipping-taxable","12":"product-type-simple"},"_links":{"self":[{"href":"https:\/\/www.arclite-shop.de\/it\/wp-json\/wp\/v2\/product\/350947","targetHints":{"allow":["GET"]}}],"collection":[{"href":"https:\/\/www.arclite-shop.de\/it\/wp-json\/wp\/v2\/product"}],"about":[{"href":"https:\/\/www.arclite-shop.de\/it\/wp-json\/wp\/v2\/types\/product"}],"wp:featuredmedia":[{"embeddable":true,"href":"https:\/\/www.arclite-shop.de\/it\/wp-json\/wp\/v2\/media\/365920"}],"wp:attachment":[{"href":"https:\/\/www.arclite-shop.de\/it\/wp-json\/wp\/v2\/media?parent=350947"}],"wp:term":[{"taxonomy":"product_brand","embeddable":true,"href":"https:\/\/www.arclite-shop.de\/it\/wp-json\/wp\/v2\/product_brand?post=350947"},{"taxonomy":"product_cat","embeddable":true,"href":"https:\/\/www.arclite-shop.de\/it\/wp-json\/wp\/v2\/product_cat?post=350947"},{"taxonomy":"product_tag","embeddable":true,"href":"https:\/\/www.arclite-shop.de\/it\/wp-json\/wp\/v2\/product_tag?post=350947"}],"curies":[{"name":"wp","href":"https:\/\/api.w.org\/{rel}","templated":true}]}}